{"id":984,"date":"2020-07-24T13:08:37","date_gmt":"2020-07-24T11:08:37","guid":{"rendered":"http:\/\/anniesonnenberg.de\/wordpress\/?page_id=984"},"modified":"2022-01-09T16:52:05","modified_gmt":"2022-01-09T15:52:05","slug":"der-stalker","status":"publish","type":"page","link":"https:\/\/anniesonnenberg.de\/wordpress\/prosa\/romane\/der-stalker\/","title":{"rendered":"Der Stalker"},"content":{"rendered":"<p>Zwei Zeitalter, ein Ideal: Leben f\u00fcr alle. Und ein langer Weg zur verborgenen Identit\u00e4t.<\/p>\n<p>Teil 1 des H\u00f6rbuchs zu meinem gleichnamigen Roman. Sobald er fertig ist, gibt&#8217;s was Schriftliches und auch wieder #wasauffeohren! \ud83d\ude09<\/p>\n<p><iframe loading=\"lazy\" title=\"Der Stalker (Teaser)\" width=\"584\" height=\"329\" src=\"https:\/\/www.youtube.com\/embed\/lk4ZZC74V1Q?list=PLvBN00TRrs0HKl71ipdHABS8MTdPm5Xlo\" frameborder=\"0\" allow=\"accelerometer; autoplay; clipboard-write; encrypted-media; gyroscope; picture-in-picture; web-share\" referrerpolicy=\"strict-origin-when-cross-origin\" allowfullscreen><\/iframe><\/p>\n<p>#wasauffeohren<\/p>\n<hr \/>\n<p><a href=\"https:\/\/anniesonnenberg.de\/wordpress\/ueber-mich\/interaktiv\/gaestebuch\/\" target=\"_blank\" rel=\"noopener\"><img loading=\"lazy\" decoding=\"async\" class=\"aligncenter wp-image-1566 size-medium\" src=\"https:\/\/anniesonnenberg.de\/wordpress\/wp-content\/uploads\/2022\/01\/gbook-300x138.jpg\" alt=\"\" width=\"300\" height=\"138\" srcset=\"https:\/\/anniesonnenberg.de\/wordpress\/wp-content\/uploads\/2022\/01\/gbook-300x138.jpg 300w, https:\/\/anniesonnenberg.de\/wordpress\/wp-content\/uploads\/2022\/01\/gbook-1024x470.jpg 1024w, https:\/\/anniesonnenberg.de\/wordpress\/wp-content\/uploads\/2022\/01\/gbook-768x353.jpg 768w, https:\/\/anniesonnenberg.de\/wordpress\/wp-content\/uploads\/2022\/01\/gbook-1536x706.jpg 1536w, https:\/\/anniesonnenberg.de\/wordpress\/wp-content\/uploads\/2022\/01\/gbook-2048x941.jpg 2048w, https:\/\/anniesonnenberg.de\/wordpress\/wp-content\/uploads\/2022\/01\/gbook-500x230.jpg 500w\" sizes=\"auto, (max-width: 300px) 100vw, 300px\" \/><\/a><\/p>\n","protected":false},"excerpt":{"rendered":"<p>Zwei Zeitalter, ein Ideal: Leben f\u00fcr alle. Und ein langer Weg zur verborgenen Identit\u00e4t. Teil 1 des H\u00f6rbuchs zu meinem gleichnamigen Roman. Sobald er fertig ist, gibt&#8217;s was Schriftliches und auch wieder #wasauffeohren! \ud83d\ude09 #wasauffeohren<\/p>\n","protected":false},"author":1,"featured_media":0,"parent":12,"menu_order":16,"comment_status":"closed","ping_status":"closed","template":"","meta":{"footnotes":""},"class_list":["post-984","page","type-page","status-publish","hentry"],"aioseo_notices":[],"_links":{"self":[{"href":"https:\/\/anniesonnenberg.de\/wordpress\/wp-json\/wp\/v2\/pages\/984","targetHints":{"allow":["GET"]}}],"collection":[{"href":"https:\/\/anniesonnenberg.de\/wordpress\/wp-json\/wp\/v2\/pages"}],"about":[{"href":"https:\/\/anniesonnenberg.de\/wordpress\/wp-json\/wp\/v2\/types\/page"}],"author":[{"embeddable":true,"href":"https:\/\/anniesonnenberg.de\/wordpress\/wp-json\/wp\/v2\/users\/1"}],"replies":[{"embeddable":true,"href":"https:\/\/anniesonnenberg.de\/wordpress\/wp-json\/wp\/v2\/comments?post=984"}],"version-history":[{"count":5,"href":"https:\/\/anniesonnenberg.de\/wordpress\/wp-json\/wp\/v2\/pages\/984\/revisions"}],"predecessor-version":[{"id":1572,"href":"https:\/\/anniesonnenberg.de\/wordpress\/wp-json\/wp\/v2\/pages\/984\/revisions\/1572"}],"up":[{"embeddable":true,"href":"https:\/\/anniesonnenberg.de\/wordpress\/wp-json\/wp\/v2\/pages\/12"}],"wp:attachment":[{"href":"https:\/\/anniesonnenberg.de\/wordpress\/wp-json\/wp\/v2\/media?parent=984"}],"curies":[{"name":"wp","href":"https:\/\/api.w.org\/{rel}","templated":true}]}}