{"id":982,"date":"2020-07-24T13:05:53","date_gmt":"2020-07-24T11:05:53","guid":{"rendered":"http:\/\/anniesonnenberg.de\/wordpress\/?page_id=982"},"modified":"2024-03-27T13:57:50","modified_gmt":"2024-03-27T12:57:50","slug":"the-other-knights-tale-dt","status":"publish","type":"page","link":"https:\/\/anniesonnenberg.de\/wordpress\/prosa\/romane\/the-other-knights-tale-dt\/","title":{"rendered":"Die Geschichte des anderen Ritters"},"content":{"rendered":"<p><span class=\"style-scope yt-formatted-string\" dir=\"auto\"><em><a href=\"https:\/\/anniesonnenberg.de\/wordpress\/wp-content\/uploads\/2021\/12\/front.png\"><img loading=\"lazy\" decoding=\"async\" class=\"alignleft wp-image-1486 size-medium\" src=\"https:\/\/anniesonnenberg.de\/wordpress\/wp-content\/uploads\/2021\/12\/front-197x300.png\" alt=\"\" width=\"197\" height=\"300\" srcset=\"https:\/\/anniesonnenberg.de\/wordpress\/wp-content\/uploads\/2021\/12\/front-197x300.png 197w, https:\/\/anniesonnenberg.de\/wordpress\/wp-content\/uploads\/2021\/12\/front-674x1024.png 674w, https:\/\/anniesonnenberg.de\/wordpress\/wp-content\/uploads\/2021\/12\/front-768x1167.png 768w, https:\/\/anniesonnenberg.de\/wordpress\/wp-content\/uploads\/2021\/12\/front.png 800w\" sizes=\"auto, (max-width: 197px) 100vw, 197px\" \/><\/a><br \/>\nTante Elvira behauptet, der Bibliothekar sei ein gemeingef\u00e4hrlicher Irrer. Philipp l\u00e4sst sich trotzdem von seinem Freund in dessen Geheimnis einweihen &#8211; er kann nicht ahnen, was Andrews Enth\u00fcllung f\u00fcr sein eigenes Leben bedeutet.<\/em><br \/>\n<\/span><\/p>\n<p>Der <strong>Roman<\/strong> beleuchtet in <strong>mittelalterlicher Szenerie<\/strong> <strong>Grundfragen menschlicher Kommunikation<\/strong>: Haben wir ein Recht, einander die G\u00fcltigkeit unserer Wahrnehmung abzusprechen? Wer bestimmt, was Wirklichkeit ist?<\/p>\n<p>&nbsp;<\/p>\n<p><a href=\"https:\/\/www.epubli.de\/preview\/121989\" target=\"_blank\" rel=\"noopener\"><strong>Hier gibt&#8217;s eine Leseprobe.<\/strong><\/a><br \/>\n#mittelalter<br \/>\n#religion<br \/>\n#philosophie<br \/>\n#wahrnehmung<br \/>\n#toleranz<\/p>\n<p>In <strong><a href=\"https:\/\/www.meinelesung.de\" target=\"_blank\" rel=\"noopener\">Folge 128 des Podcasts &#8222;Meine Lesung&#8220;<\/a><\/strong> stelle ich den Roman im Gespr\u00e4ch mit Emilia deLuca vor.<\/p>\n<p><iframe loading=\"lazy\" title=\"mL128 - Annie Sonnenberg &quot;Die Geschichte des anderen Ritters&quot;\" width=\"584\" height=\"438\" src=\"https:\/\/www.youtube.com\/embed\/9Dex3Y03fM8?feature=oembed\" frameborder=\"0\" allow=\"accelerometer; autoplay; clipboard-write; encrypted-media; gyroscope; picture-in-picture; web-share\" referrerpolicy=\"strict-origin-when-cross-origin\" allowfullscreen><\/iframe><\/p>\n<p><a href=\"https:\/\/www.epubli.de\/\/shop\/buch\/Die-Geschichte-des-anderen-Ritters-Annie-Sonnenberg-9783754932698\/121989?utm_medium=email&amp;utm_source=transactional&amp;utm_campaign=Systemmail_PublishedSuccessfully\" target=\"_blank\" rel=\"noopener\"><span style=\"color: #008000;\"><strong>Taschenbuch \/ Softcover<\/strong><\/span><\/a><br \/>\n<span class=\"property\">ISBN: 9783754932698<br \/>\n188 Seiten<br \/>\n\u20ac 9,99<br \/>\nAltersempfehlung: ab 18 Jahren<br \/>\nErh\u00e4ltlich auf diversen Plattformen,<br \/>\nz.B. direkt bei <strong><a href=\"https:\/\/www.epubli.de\/shop\/buch\/Die-Geschichte-des-anderen-Ritters-Annie-Sonnenberg-9783754932698\/121989\" target=\"_blank\" rel=\"noopener\">epubli.de<\/a><\/strong>.<br \/>\n<\/span><\/p>\n<p><a href=\"https:\/\/www.epubli.de\/\/shop\/buch\/Die-Geschichte-des-anderen-Ritters-Annie-Sonnenberg-9783754932711\/121991?utm_medium=email&amp;utm_source=transactional&amp;utm_campaign=Systemmail_PublishedSuccessfully\" target=\"_blank\" rel=\"noopener\"><span style=\"color: #008000;\"><strong>Ebook \/ ePUB<\/strong><\/span><\/a><br \/>\nISBN: <span class=\"property\">9783754932711<br \/>\n\u20ac 6,99<br \/>\nAltersempfehlung: ab 18 Jahren<br \/>\nErh\u00e4ltlich auf diversen Plattformen,<br \/>\nz.B: direkt bei <a href=\"https:\/\/www.epubli.de\/shop\/buch\/Die-Geschichte-des-anderen-Ritters-Annie-Sonnenberg-9783754932711\/121991\" target=\"_blank\" rel=\"noopener\"><strong>epubli.de<\/strong><\/a>.<br \/>\n<\/span><\/p>\n<p><strong>Ein Hinweis in eigener Sache:<\/strong> Bei Bestellungen \u00fcber <a href=\"https:\/\/www.epubli.com\/shop\/reflexionsraeume-9783758441080\"><strong>epubli.com<\/strong><\/a> bekomme ich ein deutlich h\u00f6heres Honorar. Danke!<\/p>\n<p>Gern- und Lieberh\u00f6rer k\u00f6nnen zus\u00e4tzlich im <a href=\"https:\/\/www.youtube.com\/watch?v=0sPa9qcbwQs&amp;list=PLvBN00TRrs0EEYvFoEsP3yj64wdvhlDPh\" target=\"_blank\" rel=\"noopener noreferrer\"><strong>H\u00f6rbuch<\/strong><\/a> schm\u00f6kern.<br \/>\n<strong>#wasauffeohren<\/strong><\/p>\n<p><iframe loading=\"lazy\" title=\"Die Geschichte des anderen Ritters (1)\" width=\"584\" height=\"329\" src=\"https:\/\/www.youtube.com\/embed\/0sPa9qcbwQs?list=PLvBN00TRrs0EEYvFoEsP3yj64wdvhlDPh\" frameborder=\"0\" allow=\"accelerometer; autoplay; clipboard-write; encrypted-media; gyroscope; picture-in-picture; web-share\" referrerpolicy=\"strict-origin-when-cross-origin\" allowfullscreen><\/iframe><\/p>\n<p>&nbsp;<\/p>\n<hr \/>\n<p><a href=\"https:\/\/anniesonnenberg.de\/wordpress\/ueber-mich\/interaktiv\/gaestebuch\/\" target=\"_blank\" rel=\"noopener\"><img loading=\"lazy\" decoding=\"async\" class=\"size-medium wp-image-1566 aligncenter\" src=\"https:\/\/anniesonnenberg.de\/wordpress\/wp-content\/uploads\/2022\/01\/gbook-300x138.jpg\" alt=\"\" width=\"300\" height=\"138\" srcset=\"https:\/\/anniesonnenberg.de\/wordpress\/wp-content\/uploads\/2022\/01\/gbook-300x138.jpg 300w, https:\/\/anniesonnenberg.de\/wordpress\/wp-content\/uploads\/2022\/01\/gbook-1024x470.jpg 1024w, https:\/\/anniesonnenberg.de\/wordpress\/wp-content\/uploads\/2022\/01\/gbook-768x353.jpg 768w, https:\/\/anniesonnenberg.de\/wordpress\/wp-content\/uploads\/2022\/01\/gbook-1536x706.jpg 1536w, https:\/\/anniesonnenberg.de\/wordpress\/wp-content\/uploads\/2022\/01\/gbook-2048x941.jpg 2048w, https:\/\/anniesonnenberg.de\/wordpress\/wp-content\/uploads\/2022\/01\/gbook-500x230.jpg 500w\" sizes=\"auto, (max-width: 300px) 100vw, 300px\" \/><\/a><\/p>\n","protected":false},"excerpt":{"rendered":"<p>Tante Elvira behauptet, der Bibliothekar sei ein gemeingef\u00e4hrlicher Irrer. Philipp l\u00e4sst sich trotzdem von seinem Freund in dessen Geheimnis einweihen &#8211; er kann nicht ahnen, was Andrews Enth\u00fcllung f\u00fcr sein eigenes Leben bedeutet. Der Roman beleuchtet in mittelalterlicher Szenerie Grundfragen &hellip; <a href=\"https:\/\/anniesonnenberg.de\/wordpress\/prosa\/romane\/the-other-knights-tale-dt\/\">Weiterlesen <span class=\"meta-nav\">&rarr;<\/span><\/a><\/p>\n","protected":false},"author":1,"featured_media":0,"parent":12,"menu_order":30,"comment_status":"closed","ping_status":"closed","template":"","meta":{"footnotes":""},"class_list":["post-982","page","type-page","status-publish","hentry"],"aioseo_notices":[],"_links":{"self":[{"href":"https:\/\/anniesonnenberg.de\/wordpress\/wp-json\/wp\/v2\/pages\/982","targetHints":{"allow":["GET"]}}],"collection":[{"href":"https:\/\/anniesonnenberg.de\/wordpress\/wp-json\/wp\/v2\/pages"}],"about":[{"href":"https:\/\/anniesonnenberg.de\/wordpress\/wp-json\/wp\/v2\/types\/page"}],"author":[{"embeddable":true,"href":"https:\/\/anniesonnenberg.de\/wordpress\/wp-json\/wp\/v2\/users\/1"}],"replies":[{"embeddable":true,"href":"https:\/\/anniesonnenberg.de\/wordpress\/wp-json\/wp\/v2\/comments?post=982"}],"version-history":[{"count":22,"href":"https:\/\/anniesonnenberg.de\/wordpress\/wp-json\/wp\/v2\/pages\/982\/revisions"}],"predecessor-version":[{"id":2200,"href":"https:\/\/anniesonnenberg.de\/wordpress\/wp-json\/wp\/v2\/pages\/982\/revisions\/2200"}],"up":[{"embeddable":true,"href":"https:\/\/anniesonnenberg.de\/wordpress\/wp-json\/wp\/v2\/pages\/12"}],"wp:attachment":[{"href":"https:\/\/anniesonnenberg.de\/wordpress\/wp-json\/wp\/v2\/media?parent=982"}],"curies":[{"name":"wp","href":"https:\/\/api.w.org\/{rel}","templated":true}]}}