{"id":971,"date":"2020-07-24T12:50:06","date_gmt":"2020-07-24T10:50:06","guid":{"rendered":"http:\/\/anniesonnenberg.de\/wordpress\/?page_id=971"},"modified":"2022-06-09T18:20:20","modified_gmt":"2022-06-09T16:20:20","slug":"klimaschutz","status":"publish","type":"page","link":"https:\/\/anniesonnenberg.de\/wordpress\/engagement\/klimaschutz\/","title":{"rendered":"Klimaschutz"},"content":{"rendered":"<div id=\"content\" class=\"style-scope ytd-expander\">\n<div id=\"description\" class=\"style-scope ytd-video-secondary-info-renderer\">\n<p><strong><a href=\"https:\/\/anniesonnenberg.de\/wordpress\/wp-content\/uploads\/2020\/07\/Plakat1.jpg\"><img loading=\"lazy\" decoding=\"async\" class=\"size-thumbnail wp-image-977 aligncenter\" src=\"https:\/\/anniesonnenberg.de\/wordpress\/wp-content\/uploads\/2020\/07\/Plakat1-150x150.jpg\" alt=\"\" width=\"150\" height=\"150\" srcset=\"https:\/\/anniesonnenberg.de\/wordpress\/wp-content\/uploads\/2020\/07\/Plakat1-150x150.jpg 150w, https:\/\/anniesonnenberg.de\/wordpress\/wp-content\/uploads\/2020\/07\/Plakat1-300x300.jpg 300w, https:\/\/anniesonnenberg.de\/wordpress\/wp-content\/uploads\/2020\/07\/Plakat1-768x769.jpg 768w, https:\/\/anniesonnenberg.de\/wordpress\/wp-content\/uploads\/2020\/07\/Plakat1.jpg 1024w\" sizes=\"auto, (max-width: 150px) 100vw, 150px\" \/><\/a><\/strong><span class=\"style-scope yt-formatted-string\" dir=\"auto\">Im Internet gibt es hervorragende Beitr\u00e4ge von Klimawissenschaftlern, Medizinern, FridaysForFuture-Menschen, ZeroWastern, Rezeptausprobierern und, und, und&#8230; Man kann sich also informieren, wird vor den Folgen des Klimawandels gewarnt, bekommt aber auch Tipps f\u00fcr ein lohnendes, klimafreundliches Leben. Mein bescheidener Beitrag dazu, <a href=\"https:\/\/www.youtube.com\/watch?v=ArLalRd_-yc&amp;list=PLvBN00TRrs0EkjENq9NWfKgv6hiu2nBIR\">&#8222;<strong>More than money<\/strong>&#8222;,<\/a> m\u00f6chte den Blick f\u00fcr Zusammenh\u00e4nge \u00f6ffnen.<\/span><\/p>\n<p>Klimawandel, Insektenschwund, zunehmende Verleugnung von Kategorien wie Anstand, Feindesliebe und Fairness &#8211; <strong>das alles h\u00e4ngt zusammen<\/strong>. Dass in Brasilien und anderswo der Regenwald brennt, dass Bangladesch und andere \u00e4rmere L\u00e4nder auf Meeresspiegelniveau zu versinken drohen, dass Menschen aufgrund ihrer Herkunft und Hautfarbe nicht als N\u00e4chste anerkannt werden: Ausdrucksformen ein und derselben unguten Entwicklung. Aber wenn wir diese Zusammenh\u00e4nge erkennen, k\u00f6nnen wir die Situation zum Besseren wandeln.<\/p>\n<\/div>\n<div class=\"style-scope ytd-video-secondary-info-renderer\">\n<p><span class=\"style-scope yt-formatted-string\" dir=\"auto\"><strong>F\u00fcr mich ist die Formel ganz einfach:<\/strong> \u00dcberpr\u00fcfbare Fakten anzuerkennen, die eigene Menschlichkeit mit ihren Aspekten wie Liebe, Geist und Phantasie hinzuzuf\u00fcgen, um das Bild vollst\u00e4ndiger zu gestalten, das erm\u00f6glicht es uns, den je eigenen Weg zu finden, um fair &#8211; f\u00fcr religi\u00f6se Menschen: (hoffentlich) gottgef\u00e4llig &#8211; zu leben. Das mag manchmal anstrengend sein, aber letztlich ist es nicht schwer. Und motivieren k\u00f6nnen wir uns dazu gegenseitig.<\/span><\/p>\n<p><a class=\"yt-simple-endpoint style-scope yt-formatted-string\" dir=\"auto\" spellcheck=\"false\" href=\"https:\/\/www.youtube.com\/results?search_query=%23wirf%C3%BCrvielfaltundnatur\">#wirf\u00fcrvielfaltundnatur<\/a><\/p>\n<p>Bislang erschienen:<\/p>\n<ul>\n<li><strong>More Than Money: <a href=\"https:\/\/www.youtube.com\/watch?v=ArLalRd_-yc&amp;list=PLvBN00TRrs0EkjENq9NWfKgv6hiu2nBIR&amp;index=1\" target=\"_blank\" rel=\"noopener noreferrer\">Die Grundidee<\/a><\/strong><br \/>\n(Beschreibung siehe oben)<\/li>\n<li><strong>More Than Money: <a href=\"https:\/\/www.youtube.com\/watch?v=cyggStE3tZQ&amp;list=PLvBN00TRrs0EkjENq9NWfKgv6hiu2nBIR&amp;index=2\" target=\"_blank\" rel=\"noopener noreferrer\">zusammen(-)denken<\/a><\/strong><br \/>\n<span class=\"style-scope yt-formatted-string\" dir=\"auto\">Warum es Grund zu Hoffnung gibt. Warum Bio das Klima sch\u00fctzt. Und warum wir unsere guten Ideen zusammen(-)denken sollten.<\/span><\/li>\n<\/ul>\n<p>#wasauffeohren<\/p>\n<\/div>\n<div class=\"level3\">\n<p style=\"text-align: center;\"><strong>Climate Protection: A Long-Standing Thought<\/strong><\/p>\n<\/div>\n<p><a href=\"https:\/\/anniesonnenberg.de\/wordpress\/wp-content\/uploads\/2022\/06\/Ruettelscheim_COP27.jpg\"><img loading=\"lazy\" decoding=\"async\" class=\"alignnone size-medium wp-image-1872 aligncenter\" src=\"https:\/\/anniesonnenberg.de\/wordpress\/wp-content\/uploads\/2022\/06\/Ruettelscheim_COP27-300x293.jpg\" alt=\"\" width=\"300\" height=\"293\" srcset=\"https:\/\/anniesonnenberg.de\/wordpress\/wp-content\/uploads\/2022\/06\/Ruettelscheim_COP27-300x293.jpg 300w, https:\/\/anniesonnenberg.de\/wordpress\/wp-content\/uploads\/2022\/06\/Ruettelscheim_COP27-1024x1000.jpg 1024w, https:\/\/anniesonnenberg.de\/wordpress\/wp-content\/uploads\/2022\/06\/Ruettelscheim_COP27-768x750.jpg 768w, https:\/\/anniesonnenberg.de\/wordpress\/wp-content\/uploads\/2022\/06\/Ruettelscheim_COP27-307x300.jpg 307w, https:\/\/anniesonnenberg.de\/wordpress\/wp-content\/uploads\/2022\/06\/Ruettelscheim_COP27.jpg 1060w\" sizes=\"auto, (max-width: 300px) 100vw, 300px\" \/><\/a><\/p>\n<div class=\"style-scope ytd-video-secondary-info-renderer\">\n<hr \/>\n<p><a href=\"https:\/\/anniesonnenberg.de\/wordpress\/ueber-mich\/interaktiv\/gaestebuch\/\" target=\"_blank\" rel=\"noopener\"><img loading=\"lazy\" decoding=\"async\" class=\"size-medium wp-image-1566 aligncenter\" src=\"https:\/\/anniesonnenberg.de\/wordpress\/wp-content\/uploads\/2022\/01\/gbook-300x138.jpg\" alt=\"\" width=\"300\" height=\"138\" srcset=\"https:\/\/anniesonnenberg.de\/wordpress\/wp-content\/uploads\/2022\/01\/gbook-300x138.jpg 300w, https:\/\/anniesonnenberg.de\/wordpress\/wp-content\/uploads\/2022\/01\/gbook-1024x470.jpg 1024w, https:\/\/anniesonnenberg.de\/wordpress\/wp-content\/uploads\/2022\/01\/gbook-768x353.jpg 768w, https:\/\/anniesonnenberg.de\/wordpress\/wp-content\/uploads\/2022\/01\/gbook-1536x706.jpg 1536w, https:\/\/anniesonnenberg.de\/wordpress\/wp-content\/uploads\/2022\/01\/gbook-2048x941.jpg 2048w, https:\/\/anniesonnenberg.de\/wordpress\/wp-content\/uploads\/2022\/01\/gbook-500x230.jpg 500w\" sizes=\"auto, (max-width: 300px) 100vw, 300px\" \/><\/a><\/p>\n<\/div>\n<\/div>\n","protected":false},"excerpt":{"rendered":"<p>Im Internet gibt es hervorragende Beitr\u00e4ge von Klimawissenschaftlern, Medizinern, FridaysForFuture-Menschen, ZeroWastern, Rezeptausprobierern und, und, und&#8230; Man kann sich also informieren, wird vor den Folgen des Klimawandels gewarnt, bekommt aber auch Tipps f\u00fcr ein lohnendes, klimafreundliches Leben. Mein bescheidener Beitrag dazu, &hellip; <a href=\"https:\/\/anniesonnenberg.de\/wordpress\/engagement\/klimaschutz\/\">Weiterlesen <span class=\"meta-nav\">&rarr;<\/span><\/a><\/p>\n","protected":false},"author":1,"featured_media":0,"parent":20,"menu_order":30,"comment_status":"closed","ping_status":"closed","template":"","meta":{"footnotes":""},"class_list":["post-971","page","type-page","status-publish","hentry"],"aioseo_notices":[],"_links":{"self":[{"href":"https:\/\/anniesonnenberg.de\/wordpress\/wp-json\/wp\/v2\/pages\/971","targetHints":{"allow":["GET"]}}],"collection":[{"href":"https:\/\/anniesonnenberg.de\/wordpress\/wp-json\/wp\/v2\/pages"}],"about":[{"href":"https:\/\/anniesonnenberg.de\/wordpress\/wp-json\/wp\/v2\/types\/page"}],"author":[{"embeddable":true,"href":"https:\/\/anniesonnenberg.de\/wordpress\/wp-json\/wp\/v2\/users\/1"}],"replies":[{"embeddable":true,"href":"https:\/\/anniesonnenberg.de\/wordpress\/wp-json\/wp\/v2\/comments?post=971"}],"version-history":[{"count":14,"href":"https:\/\/anniesonnenberg.de\/wordpress\/wp-json\/wp\/v2\/pages\/971\/revisions"}],"predecessor-version":[{"id":1880,"href":"https:\/\/anniesonnenberg.de\/wordpress\/wp-json\/wp\/v2\/pages\/971\/revisions\/1880"}],"up":[{"embeddable":true,"href":"https:\/\/anniesonnenberg.de\/wordpress\/wp-json\/wp\/v2\/pages\/20"}],"wp:attachment":[{"href":"https:\/\/anniesonnenberg.de\/wordpress\/wp-json\/wp\/v2\/media?parent=971"}],"curies":[{"name":"wp","href":"https:\/\/api.w.org\/{rel}","templated":true}]}}