{"id":77,"date":"2015-07-27T09:38:18","date_gmt":"2015-07-27T07:38:18","guid":{"rendered":"http:\/\/anniesonnenberg.de\/wordpress\/?page_id=77"},"modified":"2022-08-11T12:19:24","modified_gmt":"2022-08-11T10:19:24","slug":"sprachspielereien","status":"publish","type":"page","link":"https:\/\/anniesonnenberg.de\/wordpress\/lyrik\/sprachspielereien\/","title":{"rendered":"Sprachspielereien"},"content":{"rendered":"<div class=\"level1\">\n<p><strong>Schnaich<\/strong><\/p>\n<\/div>\n<div class=\"level3\">\n<p><a href=\"https:\/\/anniesonnenberg.de\/wordpress\/wp-content\/uploads\/2022\/06\/Schnaich.jpg\"><img loading=\"lazy\" decoding=\"async\" class=\"alignnone size-medium wp-image-1934\" src=\"https:\/\/anniesonnenberg.de\/wordpress\/wp-content\/uploads\/2022\/06\/Schnaich-242x300.jpg\" alt=\"\" width=\"242\" height=\"300\" srcset=\"https:\/\/anniesonnenberg.de\/wordpress\/wp-content\/uploads\/2022\/06\/Schnaich-242x300.jpg 242w, https:\/\/anniesonnenberg.de\/wordpress\/wp-content\/uploads\/2022\/06\/Schnaich-826x1024.jpg 826w, https:\/\/anniesonnenberg.de\/wordpress\/wp-content\/uploads\/2022\/06\/Schnaich-768x952.jpg 768w, https:\/\/anniesonnenberg.de\/wordpress\/wp-content\/uploads\/2022\/06\/Schnaich.jpg 1091w\" sizes=\"auto, (max-width: 242px) 100vw, 242px\" \/><\/a><\/p>\n<hr \/>\n<\/div>\n<div class=\"level3\">\n<p><strong>Ist ja &#8217;n Ding<\/strong><\/p>\n<p>Verse<br \/>\nfair(s)dichten Gedanken<br \/>\nzu Musik.<\/p>\n<p>Ist ja &#8217;n Gedicht! \ud83d\ude00<\/p>\n<hr \/>\n<p><strong>Climate Protection: A Long-Standing Thought<\/strong><\/p>\n<\/div>\n<p><a href=\"https:\/\/anniesonnenberg.de\/wordpress\/wp-content\/uploads\/2022\/06\/Ruettelscheim_COP27.jpg\"><img loading=\"lazy\" decoding=\"async\" class=\"alignnone size-medium wp-image-1872\" src=\"https:\/\/anniesonnenberg.de\/wordpress\/wp-content\/uploads\/2022\/06\/Ruettelscheim_COP27-300x293.jpg\" alt=\"\" width=\"300\" height=\"293\" srcset=\"https:\/\/anniesonnenberg.de\/wordpress\/wp-content\/uploads\/2022\/06\/Ruettelscheim_COP27-300x293.jpg 300w, https:\/\/anniesonnenberg.de\/wordpress\/wp-content\/uploads\/2022\/06\/Ruettelscheim_COP27-1024x1000.jpg 1024w, https:\/\/anniesonnenberg.de\/wordpress\/wp-content\/uploads\/2022\/06\/Ruettelscheim_COP27-768x750.jpg 768w, https:\/\/anniesonnenberg.de\/wordpress\/wp-content\/uploads\/2022\/06\/Ruettelscheim_COP27-307x300.jpg 307w, https:\/\/anniesonnenberg.de\/wordpress\/wp-content\/uploads\/2022\/06\/Ruettelscheim_COP27.jpg 1060w\" sizes=\"auto, (max-width: 300px) 100vw, 300px\" \/><\/a><\/p>\n<hr \/>\n<p><a href=\"https:\/\/anniesonnenberg.de\/wordpress\/wp-content\/uploads\/2022\/05\/Stick-Stoff1.jpg\"><img loading=\"lazy\" decoding=\"async\" class=\"alignnone size-medium wp-image-1852\" src=\"https:\/\/anniesonnenberg.de\/wordpress\/wp-content\/uploads\/2022\/05\/Stick-Stoff1-240x300.jpg\" alt=\"\" width=\"240\" height=\"300\" srcset=\"https:\/\/anniesonnenberg.de\/wordpress\/wp-content\/uploads\/2022\/05\/Stick-Stoff1-240x300.jpg 240w, https:\/\/anniesonnenberg.de\/wordpress\/wp-content\/uploads\/2022\/05\/Stick-Stoff1-819x1024.jpg 819w, https:\/\/anniesonnenberg.de\/wordpress\/wp-content\/uploads\/2022\/05\/Stick-Stoff1-768x960.jpg 768w, https:\/\/anniesonnenberg.de\/wordpress\/wp-content\/uploads\/2022\/05\/Stick-Stoff1.jpg 1080w\" sizes=\"auto, (max-width: 240px) 100vw, 240px\" \/><\/a><\/p>\n<div class=\"level3\">\n<hr \/>\n<p><strong>Across<\/strong><\/p>\n<p>I\u2019ll draw a cross for every man<br \/>\nwho died at Wounded Knee,<br \/>\nfor every woman, every child.<br \/>\nMay through my poetry<\/p>\n<p>rise up a tiny wooden cross<br \/>\nfor all the world to see:<br \/>\nThere was a trusting unborn child<br \/>\nwho died at Wounded Knee.<\/p>\n<p>I\u2019ll paint a cross for him who said<br \/>\nhe couldn\u2019t keep in touch<br \/>\nwith his vivid sense of sanctity<br \/>\nhe once had loved so much.<\/p>\n<p>I\u2019ll paint a cross for everyone<br \/>\nwho\u2019s crucified this day<br \/>\nthrough arms, through words, through disbelief<br \/>\nor through the loss of way.<\/p>\n<p>Too great a task for me to serve<br \/>\ninnumerable \u2018yous\u2019 \u2013<br \/>\nI\u2019ll paint a single cross to see<br \/>\nwithin my poetry.<\/p>\n<p>In verse I\u2019ll write a single cross:<br \/>\na prayer they deserve.<\/p>\n<hr \/>\n<p class=\"Normal tm5\"><strong><span class=\"tm6\">Pulnudel<\/span><\/strong><\/p>\n<p class=\"Normal tm5\">Wir gehen gleich pulen.<br \/>\nKrabben?<br \/>\nN\u00f6. Planschbecken.<\/p>\n<p>\ud83d\ude42<\/p>\n<hr \/>\n<\/div>\n<div class=\"level3\">\n<p><strong>Kleiner Zungenzerfitzler am Nachmittag<\/strong><\/p>\n<p><a href=\"https:\/\/anniesonnenberg.de\/wordpress\/wp-content\/uploads\/2022\/06\/Kleiner-Zungenzerfitzler-am-Nachmittag-1.jpg\"><img loading=\"lazy\" decoding=\"async\" class=\"alignnone size-medium wp-image-1964\" src=\"https:\/\/anniesonnenberg.de\/wordpress\/wp-content\/uploads\/2022\/06\/Kleiner-Zungenzerfitzler-am-Nachmittag-1-239x300.jpg\" alt=\"\" width=\"239\" height=\"300\" srcset=\"https:\/\/anniesonnenberg.de\/wordpress\/wp-content\/uploads\/2022\/06\/Kleiner-Zungenzerfitzler-am-Nachmittag-1-239x300.jpg 239w, https:\/\/anniesonnenberg.de\/wordpress\/wp-content\/uploads\/2022\/06\/Kleiner-Zungenzerfitzler-am-Nachmittag-1-817x1024.jpg 817w, https:\/\/anniesonnenberg.de\/wordpress\/wp-content\/uploads\/2022\/06\/Kleiner-Zungenzerfitzler-am-Nachmittag-1-768x962.jpg 768w, https:\/\/anniesonnenberg.de\/wordpress\/wp-content\/uploads\/2022\/06\/Kleiner-Zungenzerfitzler-am-Nachmittag-1.jpg 1082w\" sizes=\"auto, (max-width: 239px) 100vw, 239px\" \/><\/a><\/p>\n<hr \/>\n<\/div>\n<div class=\"level3\">\n<p><strong>Puzzle f\u00fcr Sprachliebhaber<\/strong><\/p>\n<p>Auf leisen Sohlen schleicht an mir vorbei<br \/>\nein Fusselhund.<br \/>\nIch seh\u2019 ihm nach, ich Dussel, und ich fund<sup>(1)<\/sup><br \/>\nSchl\u00fcsselbund.<\/p>\n<p>Ein Wintertag mit blauem Himmelshut &#8211;<br \/>\nerfreulich fut<sup>(2)<\/sup>!<br \/>\nScheint solch ein Tag gar manchem auch absurd &#8211;<br \/>\nmir tut er guat.<\/p>\n<p><sup>(1)<\/sup> <em>Was w\u00e4r\u2019 das Leben ohne Ablautreihen?<\/em><br \/>\n<sup>(2)<\/sup> <em>Hier ist the French Bedeutung anzunehmen, doch liest man\u2019s, um des Reimes willen, [fut]<\/em>.<\/p>\n<hr \/>\n<\/div>\n<div class=\"level3\">\n<p><a href=\"https:\/\/anniesonnenberg.de\/wordpress\/wp-content\/uploads\/2022\/05\/So_kann_man_das_auch_sehen_gruen.jpg\"><img loading=\"lazy\" decoding=\"async\" class=\"alignnone size-medium wp-image-1858\" src=\"https:\/\/anniesonnenberg.de\/wordpress\/wp-content\/uploads\/2022\/05\/So_kann_man_das_auch_sehen_gruen-300x168.jpg\" alt=\"\" width=\"300\" height=\"168\" srcset=\"https:\/\/anniesonnenberg.de\/wordpress\/wp-content\/uploads\/2022\/05\/So_kann_man_das_auch_sehen_gruen-300x168.jpg 300w, https:\/\/anniesonnenberg.de\/wordpress\/wp-content\/uploads\/2022\/05\/So_kann_man_das_auch_sehen_gruen-1024x574.jpg 1024w, https:\/\/anniesonnenberg.de\/wordpress\/wp-content\/uploads\/2022\/05\/So_kann_man_das_auch_sehen_gruen-768x430.jpg 768w, https:\/\/anniesonnenberg.de\/wordpress\/wp-content\/uploads\/2022\/05\/So_kann_man_das_auch_sehen_gruen-500x280.jpg 500w, https:\/\/anniesonnenberg.de\/wordpress\/wp-content\/uploads\/2022\/05\/So_kann_man_das_auch_sehen_gruen.jpg 1096w\" sizes=\"auto, (max-width: 300px) 100vw, 300px\" \/><\/a><\/p>\n<hr \/>\n<p><strong>Typisch<\/strong><\/p>\n<p>Ich hab da einen M\u00fcckenstich &#8211;<br \/>\njetzt schlag die M\u00fcck&#8216; in St\u00fccke ich!<br \/>\nUnd merk, bevor ich\u2019s tue,<br \/>\ndass ich im Bettchen ruhe.<\/p>\n<p>Ich dreh mich um und wart&#8216; gebannt,<br \/>\ndass M\u00fccke auftaucht an der Wand.<br \/>\nOb ich den Schlagarm auf wohl raff\u2026?<br \/>\n&#8211;<br \/>\nDabei fall ich in tiefen Schlaf.<br \/>\nIch Schaf.<\/p>\n<hr \/>\n<\/div>\n<div class=\"level3\">\n<p><strong>Alles f\u00fcr Ollis<\/strong><\/p>\n<p>Wenn dich ein b\u00e4renstarker Kerl<br \/>\nso dann und wann ganz dolli<br \/>\nund pl\u00f6tzlich in die L\u00fcfte hebt,<br \/>\ndann find\u2019s getrost ganz tolli &#8211;<br \/>\ndenn das ist einfach Olli!<\/p>\n<hr \/>\n<\/div>\n<div><strong>Mitnichten<\/strong><\/div>\n<div><\/div>\n<div class=\"level3\">Ich seh ein schlankes Fliegelein<br \/>\nund will dar\u00fcber dichten.<br \/>\nDoch f\u00e4llst schon wieder du mir ein;<br \/>\nso schaff\u2019 ich es mitnichten.Da ruft mich meine Schwester an,<br \/>\nich bin dabei zu dichten.<br \/>\nIch bin seit grade Tante. Hey &#8211;<br \/>\njetzt schaffe ich\u2019s <em>mit Nichten<\/em>,<br \/>\ndas Dichten!<\/p>\n<hr \/>\n<\/div>\n<div><strong>Erkenntnis des Tages<\/strong><\/div>\n<div><\/div>\n<div class=\"level3\">\n<div class=\"level3\">Fr\u00fchlingshafter Fr\u00fchst\u00fccks-B\u00e4rlauch<\/div>\n<div class=\"level3\">ist deutlich besser als ein Leerbauch.<\/div>\n<div class=\"level3\">Ha!<\/div>\n<div class=\"level3\">\ud83d\ude09<\/div>\n<div class=\"level3\">\n<hr \/>\n<p><strong>Da sind Dehs drin<\/strong><\/p>\n<p>Der Diederich, der Diederich,<br \/>\ndem ward sein Blutdruck niederig.<\/p>\n<p>Drum dachte sich der Diederich:<br \/>\nLeg ich mal wieder nieder mich<\/p>\n<p>und dichte Lieder liederlich.<br \/>\nJawoll!<br \/>\n\ud83d\ude09<\/p>\n<hr \/>\n<div class=\"level3\">\n<div class=\"level3\">\n<p class=\"Normal\"><strong><span class=\"tm5\">Nerdy<br \/>\n<\/span><\/strong><\/p>\n<p class=\"Normal\"><a href=\"https:\/\/anniesonnenberg.de\/wordpress\/wp-content\/uploads\/2022\/06\/Nerdy.jpg\"><img loading=\"lazy\" decoding=\"async\" class=\"alignnone wp-image-1986 size-large\" src=\"https:\/\/anniesonnenberg.de\/wordpress\/wp-content\/uploads\/2022\/06\/Nerdy-1024x642.jpg\" alt=\"\" width=\"584\" height=\"366\" srcset=\"https:\/\/anniesonnenberg.de\/wordpress\/wp-content\/uploads\/2022\/06\/Nerdy-1024x642.jpg 1024w, https:\/\/anniesonnenberg.de\/wordpress\/wp-content\/uploads\/2022\/06\/Nerdy-300x188.jpg 300w, https:\/\/anniesonnenberg.de\/wordpress\/wp-content\/uploads\/2022\/06\/Nerdy-768x482.jpg 768w, https:\/\/anniesonnenberg.de\/wordpress\/wp-content\/uploads\/2022\/06\/Nerdy-478x300.jpg 478w, https:\/\/anniesonnenberg.de\/wordpress\/wp-content\/uploads\/2022\/06\/Nerdy.jpg 1089w\" sizes=\"auto, (max-width: 584px) 100vw, 584px\" \/><\/a><\/p>\n<hr \/>\n<p><strong>Kiefernk\u00e4fersandalen<\/strong><\/p>\n<p><a href=\"https:\/\/anniesonnenberg.de\/wordpress\/wp-content\/uploads\/2022\/08\/Kiefernkaefersandalen.jpg\"><img loading=\"lazy\" decoding=\"async\" class=\"alignnone size-medium wp-image-2041\" src=\"https:\/\/anniesonnenberg.de\/wordpress\/wp-content\/uploads\/2022\/08\/Kiefernkaefersandalen-300x240.jpg\" alt=\"\" width=\"300\" height=\"240\" srcset=\"https:\/\/anniesonnenberg.de\/wordpress\/wp-content\/uploads\/2022\/08\/Kiefernkaefersandalen-300x240.jpg 300w, https:\/\/anniesonnenberg.de\/wordpress\/wp-content\/uploads\/2022\/08\/Kiefernkaefersandalen-1024x819.jpg 1024w, https:\/\/anniesonnenberg.de\/wordpress\/wp-content\/uploads\/2022\/08\/Kiefernkaefersandalen-768x614.jpg 768w, https:\/\/anniesonnenberg.de\/wordpress\/wp-content\/uploads\/2022\/08\/Kiefernkaefersandalen-375x300.jpg 375w, https:\/\/anniesonnenberg.de\/wordpress\/wp-content\/uploads\/2022\/08\/Kiefernkaefersandalen.jpg 1352w\" sizes=\"auto, (max-width: 300px) 100vw, 300px\" \/><\/a><\/p>\n<hr \/>\n<p class=\"Normal\"><strong><span class=\"tm5\">Singing in the (d)rain<\/span><\/strong><\/p>\n<p class=\"Normal\">Im Pfuhl<br \/>\nauf der Folie \u00fcberm Pool<br \/>\nzwitschern die Spatzen und finden\u2019s cool.<\/p>\n<p class=\"Normal\">Muss Sommer sein.<\/p>\n<p>***<\/p>\n<\/div>\n<\/div>\n<\/div>\n<div class=\"level1\">\n<hr \/>\n<p><a href=\"https:\/\/anniesonnenberg.de\/wordpress\/wp-content\/uploads\/2020\/07\/line1.png\"><img loading=\"lazy\" decoding=\"async\" class=\"alignnone wp-image-860 size-full\" src=\"https:\/\/anniesonnenberg.de\/wordpress\/wp-content\/uploads\/2020\/07\/line1.png\" alt=\"\" width=\"596\" height=\"104\" srcset=\"https:\/\/anniesonnenberg.de\/wordpress\/wp-content\/uploads\/2020\/07\/line1.png 596w, https:\/\/anniesonnenberg.de\/wordpress\/wp-content\/uploads\/2020\/07\/line1-300x52.png 300w, https:\/\/anniesonnenberg.de\/wordpress\/wp-content\/uploads\/2020\/07\/line1-500x87.png 500w\" sizes=\"auto, (max-width: 596px) 100vw, 596px\" \/><\/a><\/p>\n<\/div>\n<div class=\"level1\">\n<hr \/>\n<p><a href=\"https:\/\/anniesonnenberg.de\/wordpress\/ueber-mich\/interaktiv\/gaestebuch\/\" target=\"_blank\" rel=\"noopener\"><img loading=\"lazy\" decoding=\"async\" class=\"size-medium wp-image-1566 aligncenter\" src=\"https:\/\/anniesonnenberg.de\/wordpress\/wp-content\/uploads\/2022\/01\/gbook-300x138.jpg\" alt=\"\" width=\"300\" height=\"138\" srcset=\"https:\/\/anniesonnenberg.de\/wordpress\/wp-content\/uploads\/2022\/01\/gbook-300x138.jpg 300w, https:\/\/anniesonnenberg.de\/wordpress\/wp-content\/uploads\/2022\/01\/gbook-1024x470.jpg 1024w, https:\/\/anniesonnenberg.de\/wordpress\/wp-content\/uploads\/2022\/01\/gbook-768x353.jpg 768w, https:\/\/anniesonnenberg.de\/wordpress\/wp-content\/uploads\/2022\/01\/gbook-1536x706.jpg 1536w, https:\/\/anniesonnenberg.de\/wordpress\/wp-content\/uploads\/2022\/01\/gbook-2048x941.jpg 2048w, https:\/\/anniesonnenberg.de\/wordpress\/wp-content\/uploads\/2022\/01\/gbook-500x230.jpg 500w\" sizes=\"auto, (max-width: 300px) 100vw, 300px\" \/><\/a><\/p>\n<hr \/>\n<\/div>\n<\/div>\n","protected":false},"excerpt":{"rendered":"<p>Schnaich Ist ja &#8217;n Ding Verse fair(s)dichten Gedanken zu Musik. Ist ja &#8217;n Gedicht! \ud83d\ude00 Climate Protection: A Long-Standing Thought Across I\u2019ll draw a cross for every man who died at Wounded Knee, for every woman, every child. May through &hellip; <a href=\"https:\/\/anniesonnenberg.de\/wordpress\/lyrik\/sprachspielereien\/\">Weiterlesen <span class=\"meta-nav\">&rarr;<\/span><\/a><\/p>\n","protected":false},"author":1,"featured_media":0,"parent":18,"menu_order":20,"comment_status":"closed","ping_status":"closed","template":"","meta":{"footnotes":""},"class_list":["post-77","page","type-page","status-publish","hentry"],"aioseo_notices":[],"_links":{"self":[{"href":"https:\/\/anniesonnenberg.de\/wordpress\/wp-json\/wp\/v2\/pages\/77","targetHints":{"allow":["GET"]}}],"collection":[{"href":"https:\/\/anniesonnenberg.de\/wordpress\/wp-json\/wp\/v2\/pages"}],"about":[{"href":"https:\/\/anniesonnenberg.de\/wordpress\/wp-json\/wp\/v2\/types\/page"}],"author":[{"embeddable":true,"href":"https:\/\/anniesonnenberg.de\/wordpress\/wp-json\/wp\/v2\/users\/1"}],"replies":[{"embeddable":true,"href":"https:\/\/anniesonnenberg.de\/wordpress\/wp-json\/wp\/v2\/comments?post=77"}],"version-history":[{"count":34,"href":"https:\/\/anniesonnenberg.de\/wordpress\/wp-json\/wp\/v2\/pages\/77\/revisions"}],"predecessor-version":[{"id":2046,"href":"https:\/\/anniesonnenberg.de\/wordpress\/wp-json\/wp\/v2\/pages\/77\/revisions\/2046"}],"up":[{"embeddable":true,"href":"https:\/\/anniesonnenberg.de\/wordpress\/wp-json\/wp\/v2\/pages\/18"}],"wp:attachment":[{"href":"https:\/\/anniesonnenberg.de\/wordpress\/wp-json\/wp\/v2\/media?parent=77"}],"curies":[{"name":"wp","href":"https:\/\/api.w.org\/{rel}","templated":true}]}}