{"id":75,"date":"2015-07-27T09:33:06","date_gmt":"2015-07-27T07:33:06","guid":{"rendered":"http:\/\/anniesonnenberg.de\/wordpress\/?page_id=75"},"modified":"2022-08-11T12:18:39","modified_gmt":"2022-08-11T10:18:39","slug":"schmunzellektuere","status":"publish","type":"page","link":"https:\/\/anniesonnenberg.de\/wordpress\/lyrik\/schmunzellektuere\/","title":{"rendered":"Schmunzellekt\u00fcre"},"content":{"rendered":"<div><strong>Alles in Butter<\/strong><\/div>\n<div><\/div>\n<div class=\"level3\">\n<div class=\"level3\">\n<div class=\"level3\">Ich k\u00f6nnte ein Stachelschwein reinigen.<\/div>\n<div class=\"level3\">Will ich aber nicht. Das Schwein ist zufrieden und macht sich selbst sauber.<\/div>\n<div class=\"level3\">Ich auch.<\/div>\n<div>\ud83d\ude09<\/div>\n<div><\/div>\n<\/div>\n<hr \/>\n<div class=\"level3\">\n<p><strong>Apfelbetrachtung<\/strong><\/p>\n<p>Ein fetter kleiner Maderich<br \/>\nschaut fad aus dem Gekr\u00f6se.<br \/>\nIch mag die faden Maden nicht,<br \/>\ndrum mach\u2019 ich ein Get\u00f6se!<br \/>\n\ud83d\ude09<\/p>\n<hr \/>\n<\/div>\n<div class=\"level3\">\n<p><strong>Bilanz<\/strong><\/p>\n<p>Das Vakuum wohnt hier nicht mehr,<br \/>\nes ist k\u00fcrzlich verzogen.<br \/>\nDer abgek\u00fchlte Beerensaft<br \/>\nhat\u2019s in die Flasch\u2019 gesogen.<\/p>\n<p>Ob\u2019s Vakuum wohl wiederkommt,<br \/>\nwenn ich den Saft erw\u00e4rme? &#8211;<br \/>\n&#8211; Ich werde es nicht ausprobiern,<br \/>\ndenn mir zieht\u2019s im Ged\u00e4rme.<\/p>\n<p>(Pups!)<br \/>\n\ud83d\ude09<\/p>\n<hr \/>\n<p><strong>Da sind Dehs drin<\/strong><\/p>\n<p>Der Diederich, der Diederich,<br \/>\ndem ward sein Blutdruck niederig.<\/p>\n<p>Drum dachte sich der Diederich:<br \/>\nLeg ich mal wieder nieder mich<\/p>\n<p>und dichte Lieder liederlich.<br \/>\nJawoll!<br \/>\n\ud83d\ude09<\/p>\n<hr \/>\n<p class=\"Normal\"><strong><span class=\"tm5\">(Di)achr<a href=\"https:\/\/anniesonnenberg.de\/wordpress\/wp-content\/uploads\/2020\/07\/DSC_2020-04-09_11-58-29-3-scaled.jpg\"><img loading=\"lazy\" decoding=\"async\" class=\"size-thumbnail wp-image-825 alignleft\" src=\"https:\/\/anniesonnenberg.de\/wordpress\/wp-content\/uploads\/2020\/07\/DSC_2020-04-09_11-58-29-3-150x150.jpg\" alt=\"\" width=\"150\" height=\"150\" \/><\/a>on<\/span><\/strong><\/p>\n<p class=\"Normal\">Los! Die Zeit l\u00e4uft.<br \/>\nS\u00e4uft.<br \/>\nZw\u00e4ngt. Dr\u00e4ngt. H\u00e4ngt.<br \/>\nGeh einfach zur Seite. \u2013 Zeit, los, zur Seite!<br \/>\nZeitlos.<\/p>\n<hr \/>\n<p><strong><a href=\"https:\/\/anniesonnenberg.de\/wordpress\/wp-content\/uploads\/2022\/06\/Fensterblick.jpg\"><img loading=\"lazy\" decoding=\"async\" class=\"alignnone size-medium wp-image-1892\" src=\"https:\/\/anniesonnenberg.de\/wordpress\/wp-content\/uploads\/2022\/06\/Fensterblick-239x300.jpg\" alt=\"\" width=\"239\" height=\"300\" srcset=\"https:\/\/anniesonnenberg.de\/wordpress\/wp-content\/uploads\/2022\/06\/Fensterblick-239x300.jpg 239w, https:\/\/anniesonnenberg.de\/wordpress\/wp-content\/uploads\/2022\/06\/Fensterblick-817x1024.jpg 817w, https:\/\/anniesonnenberg.de\/wordpress\/wp-content\/uploads\/2022\/06\/Fensterblick-768x963.jpg 768w, https:\/\/anniesonnenberg.de\/wordpress\/wp-content\/uploads\/2022\/06\/Fensterblick.jpg 1079w\" sizes=\"auto, (max-width: 239px) 100vw, 239px\" \/><\/a><\/strong><\/p>\n<hr \/>\n<p><strong>Ferienverse<\/strong><\/p>\n<p class=\"Normal\">Komm, gie\u00df mir doch noch einen ein!<br \/>\nDoch nur vom Feinsten soll es sein,<br \/>\naus Kranebergers Kellerei\u2019n:<br \/>\nWasser kann so lecker sein!<\/p>\n<p class=\"Normal\">#ferienstimmung<\/p>\n<hr \/>\n<\/div>\n<p><strong>Funktioniert<\/strong><\/p>\n<p class=\"Normal\">&#8222;<em>Willst du immer weiter schweifen? Sieh, das Gute liegt so nah<\/em>.&#8220;<br \/>\n(Johann Wolfgang von Goethe)<\/p>\n<p class=\"Normal\">\u201e<em><span class=\"tm6\">Stimmt<\/span><\/em>.\u201c<br \/>\n(Ich)<\/p>\n<p class=\"Normal\">\ud83d\ude42<\/p>\n<\/div>\n<hr \/>\n<p><a href=\"https:\/\/anniesonnenberg.de\/wordpress\/wp-content\/uploads\/2022\/06\/Gedankengeschenk_NEU.jpg\"><img loading=\"lazy\" decoding=\"async\" class=\"alignnone size-medium wp-image-1925\" src=\"https:\/\/anniesonnenberg.de\/wordpress\/wp-content\/uploads\/2022\/06\/Gedankengeschenk_NEU-300x225.jpg\" alt=\"\" width=\"300\" height=\"225\" srcset=\"https:\/\/anniesonnenberg.de\/wordpress\/wp-content\/uploads\/2022\/06\/Gedankengeschenk_NEU-300x225.jpg 300w, https:\/\/anniesonnenberg.de\/wordpress\/wp-content\/uploads\/2022\/06\/Gedankengeschenk_NEU-768x576.jpg 768w, https:\/\/anniesonnenberg.de\/wordpress\/wp-content\/uploads\/2022\/06\/Gedankengeschenk_NEU-400x300.jpg 400w, https:\/\/anniesonnenberg.de\/wordpress\/wp-content\/uploads\/2022\/06\/Gedankengeschenk_NEU.jpg 813w\" sizes=\"auto, (max-width: 300px) 100vw, 300px\" \/><\/a><\/p>\n<div class=\"level3\">\n<hr \/>\n<div class=\"level3\">\n<p><strong>Gitarren-Seiten<\/strong><\/p>\n<p>Alle Jahre wieder \/<br \/>\num die Weihnachtszeit \/<br \/>\nschneid ich kurz die N\u00e4gel, \/<br \/>\ntun mir die Finger leid&#8230;<br \/>\n\ud83d\ude09<\/p>\n<hr \/>\n<div class=\"level3\">\n<p><strong>Gut gepolstert<br \/>\n<\/strong><\/p>\n<p>Die Welt kullert wie Primatenkinder im Schneeanzug durch den Tag.<br \/>\nBewegende Ruhe.<br \/>\nIch bin zufrieden.<\/p>\n<\/div>\n<hr \/>\n<p class=\"Normal\"><span class=\"tm5\"><strong>Huch&#8230;?!<\/strong><\/span><\/p>\n<p>Entfleuchte Ideen. Die Welt ist voll davon.<strong><span class=\"tm5\"><br \/>\n<\/span><\/strong>Vielleicht ist das der Motor der Welt&#8230;?<\/p>\n<p class=\"Normal\">\ud83d\ude09<\/p>\n<hr \/>\n<p><strong>Imagine<\/strong><\/p>\n<p>Wusstest Du, dass man sich an Luft schubbern kann?<br \/>\n<em>#mitdemr\u00fcckenamventilator<\/em><br \/>\nDann kann man bestimmt auch drauf laufen.<\/p>\n<hr \/>\n<\/div>\n<div class=\"level3\">\n<p><strong>Ist ja &#8217;n Ding<\/strong><\/p>\n<p>Verse<br \/>\nfairdichten Gedanken<br \/>\nzu Musik.<\/p>\n<p>Ist ja &#8217;n Gedicht! \ud83d\ude00<\/p>\n<hr \/>\n<p><strong>Kiefernk\u00e4fersandalen<\/strong><\/p>\n<p><a href=\"https:\/\/anniesonnenberg.de\/wordpress\/wp-content\/uploads\/2022\/08\/Kiefernkaefersandalen.jpg\"><img loading=\"lazy\" decoding=\"async\" class=\"alignnone size-medium wp-image-2041\" src=\"https:\/\/anniesonnenberg.de\/wordpress\/wp-content\/uploads\/2022\/08\/Kiefernkaefersandalen-300x240.jpg\" alt=\"\" width=\"300\" height=\"240\" srcset=\"https:\/\/anniesonnenberg.de\/wordpress\/wp-content\/uploads\/2022\/08\/Kiefernkaefersandalen-300x240.jpg 300w, https:\/\/anniesonnenberg.de\/wordpress\/wp-content\/uploads\/2022\/08\/Kiefernkaefersandalen-1024x819.jpg 1024w, https:\/\/anniesonnenberg.de\/wordpress\/wp-content\/uploads\/2022\/08\/Kiefernkaefersandalen-768x614.jpg 768w, https:\/\/anniesonnenberg.de\/wordpress\/wp-content\/uploads\/2022\/08\/Kiefernkaefersandalen-375x300.jpg 375w, https:\/\/anniesonnenberg.de\/wordpress\/wp-content\/uploads\/2022\/08\/Kiefernkaefersandalen.jpg 1352w\" sizes=\"auto, (max-width: 300px) 100vw, 300px\" \/><\/a><\/p>\n<\/div>\n<\/div>\n<hr \/>\n<p class=\"Normal\"><strong><span class=\"tm5\">Kleiner Beitrag<\/span><\/strong><\/p>\n<p class=\"Normal\"><span class=\"tm6\"><a href=\"https:\/\/anniesonnenberg.de\/wordpress\/wp-content\/uploads\/2022\/05\/Kleiner_Beitrag_2.jpg\"><img loading=\"lazy\" decoding=\"async\" class=\"alignnone size-medium wp-image-1834\" src=\"https:\/\/anniesonnenberg.de\/wordpress\/wp-content\/uploads\/2022\/05\/Kleiner_Beitrag_2-300x169.jpg\" alt=\"\" width=\"300\" height=\"169\" srcset=\"https:\/\/anniesonnenberg.de\/wordpress\/wp-content\/uploads\/2022\/05\/Kleiner_Beitrag_2-300x169.jpg 300w, https:\/\/anniesonnenberg.de\/wordpress\/wp-content\/uploads\/2022\/05\/Kleiner_Beitrag_2-1024x578.jpg 1024w, https:\/\/anniesonnenberg.de\/wordpress\/wp-content\/uploads\/2022\/05\/Kleiner_Beitrag_2-768x434.jpg 768w, https:\/\/anniesonnenberg.de\/wordpress\/wp-content\/uploads\/2022\/05\/Kleiner_Beitrag_2-500x282.jpg 500w, https:\/\/anniesonnenberg.de\/wordpress\/wp-content\/uploads\/2022\/05\/Kleiner_Beitrag_2.jpg 1084w\" sizes=\"auto, (max-width: 300px) 100vw, 300px\" \/><\/a><\/span><\/p>\n<hr \/>\n<div class=\"level3\">\n<p><strong>Kleiner Zungenzerfitzler am Nachmittag<\/strong><\/p>\n<div class=\"level3\">\n<p><a href=\"https:\/\/anniesonnenberg.de\/wordpress\/wp-content\/uploads\/2022\/06\/Kleiner-Zungenzerfitzler-am-Nachmittag.jpg\"><img loading=\"lazy\" decoding=\"async\" class=\"alignnone size-medium wp-image-1963\" src=\"https:\/\/anniesonnenberg.de\/wordpress\/wp-content\/uploads\/2022\/06\/Kleiner-Zungenzerfitzler-am-Nachmittag-239x300.jpg\" alt=\"\" width=\"239\" height=\"300\" srcset=\"https:\/\/anniesonnenberg.de\/wordpress\/wp-content\/uploads\/2022\/06\/Kleiner-Zungenzerfitzler-am-Nachmittag-239x300.jpg 239w, https:\/\/anniesonnenberg.de\/wordpress\/wp-content\/uploads\/2022\/06\/Kleiner-Zungenzerfitzler-am-Nachmittag-817x1024.jpg 817w, https:\/\/anniesonnenberg.de\/wordpress\/wp-content\/uploads\/2022\/06\/Kleiner-Zungenzerfitzler-am-Nachmittag-768x962.jpg 768w, https:\/\/anniesonnenberg.de\/wordpress\/wp-content\/uploads\/2022\/06\/Kleiner-Zungenzerfitzler-am-Nachmittag.jpg 1082w\" sizes=\"auto, (max-width: 239px) 100vw, 239px\" \/><\/a><\/p>\n<hr \/>\n<div class=\"level3\">\n<div class=\"level3\">\n<p class=\"Normal\"><strong><span class=\"tm5\">Nerdy<br \/>\n<\/span><\/strong><\/p>\n<p class=\"Normal\"><a href=\"https:\/\/anniesonnenberg.de\/wordpress\/wp-content\/uploads\/2022\/06\/Nerdy.jpg\"><img loading=\"lazy\" decoding=\"async\" class=\"alignnone wp-image-1986 size-large\" src=\"https:\/\/anniesonnenberg.de\/wordpress\/wp-content\/uploads\/2022\/06\/Nerdy-1024x642.jpg\" alt=\"\" width=\"584\" height=\"366\" srcset=\"https:\/\/anniesonnenberg.de\/wordpress\/wp-content\/uploads\/2022\/06\/Nerdy-1024x642.jpg 1024w, https:\/\/anniesonnenberg.de\/wordpress\/wp-content\/uploads\/2022\/06\/Nerdy-300x188.jpg 300w, https:\/\/anniesonnenberg.de\/wordpress\/wp-content\/uploads\/2022\/06\/Nerdy-768x482.jpg 768w, https:\/\/anniesonnenberg.de\/wordpress\/wp-content\/uploads\/2022\/06\/Nerdy-478x300.jpg 478w, https:\/\/anniesonnenberg.de\/wordpress\/wp-content\/uploads\/2022\/06\/Nerdy.jpg 1089w\" sizes=\"auto, (max-width: 584px) 100vw, 584px\" \/><\/a><\/p>\n<hr \/>\n<p class=\"Normal tm5\"><strong><span class=\"tm6\"><a href=\"https:\/\/anniesonnenberg.de\/wordpress\/wp-content\/uploads\/2020\/08\/DSC_2020-08-08_14-18-21.jpg\"><img loading=\"lazy\" decoding=\"async\" class=\"size-thumbnail wp-image-1257 alignleft\" src=\"https:\/\/anniesonnenberg.de\/wordpress\/wp-content\/uploads\/2020\/08\/DSC_2020-08-08_14-18-21-150x150.jpg\" alt=\"\" width=\"150\" height=\"150\" \/><\/a>Pulnudel<\/span><\/strong><\/p>\n<p class=\"Normal tm5\">Wir gehen gleich pulen.<br \/>\nKrabben?<br \/>\nN\u00f6. Planschbecken.<\/p>\n<p>\ud83d\ude42<\/p>\n<\/div>\n<\/div>\n<\/div>\n<p>&nbsp;<\/p>\n<div class=\"level3\">\n<hr \/>\n<p><strong>Sandalensommer<\/strong><\/p>\n<\/div>\n<div class=\"level3\">\n<p><a href=\"https:\/\/anniesonnenberg.de\/wordpress\/wp-content\/uploads\/2022\/06\/Sandalensommer.jpg\"><img loading=\"lazy\" decoding=\"async\" class=\"alignnone size-medium wp-image-1967\" src=\"https:\/\/anniesonnenberg.de\/wordpress\/wp-content\/uploads\/2022\/06\/Sandalensommer-239x300.jpg\" alt=\"\" width=\"239\" height=\"300\" srcset=\"https:\/\/anniesonnenberg.de\/wordpress\/wp-content\/uploads\/2022\/06\/Sandalensommer-239x300.jpg 239w, https:\/\/anniesonnenberg.de\/wordpress\/wp-content\/uploads\/2022\/06\/Sandalensommer-817x1024.jpg 817w, https:\/\/anniesonnenberg.de\/wordpress\/wp-content\/uploads\/2022\/06\/Sandalensommer-768x963.jpg 768w, https:\/\/anniesonnenberg.de\/wordpress\/wp-content\/uploads\/2022\/06\/Sandalensommer.jpg 1079w\" sizes=\"auto, (max-width: 239px) 100vw, 239px\" \/><\/a><\/p>\n<div class=\"level3\">\n<hr \/>\n<\/div>\n<div class=\"level3\">\n<p><strong>Schnaich<\/strong><\/p>\n<p><a href=\"https:\/\/anniesonnenberg.de\/wordpress\/wp-content\/uploads\/2022\/06\/Schnaich.jpg\"><img loading=\"lazy\" decoding=\"async\" class=\"alignnone size-medium wp-image-1934\" src=\"https:\/\/anniesonnenberg.de\/wordpress\/wp-content\/uploads\/2022\/06\/Schnaich-242x300.jpg\" alt=\"\" width=\"242\" height=\"300\" srcset=\"https:\/\/anniesonnenberg.de\/wordpress\/wp-content\/uploads\/2022\/06\/Schnaich-242x300.jpg 242w, https:\/\/anniesonnenberg.de\/wordpress\/wp-content\/uploads\/2022\/06\/Schnaich-826x1024.jpg 826w, https:\/\/anniesonnenberg.de\/wordpress\/wp-content\/uploads\/2022\/06\/Schnaich-768x952.jpg 768w, https:\/\/anniesonnenberg.de\/wordpress\/wp-content\/uploads\/2022\/06\/Schnaich.jpg 1091w\" sizes=\"auto, (max-width: 242px) 100vw, 242px\" \/><\/a><\/p>\n<hr \/>\n<p><a href=\"https:\/\/anniesonnenberg.de\/wordpress\/wp-content\/uploads\/2022\/05\/Stick-Stoff1.jpg\"><img loading=\"lazy\" decoding=\"async\" class=\"alignnone wp-image-1852 size-medium\" src=\"https:\/\/anniesonnenberg.de\/wordpress\/wp-content\/uploads\/2022\/05\/Stick-Stoff1-240x300.jpg\" alt=\"\" width=\"240\" height=\"300\" srcset=\"https:\/\/anniesonnenberg.de\/wordpress\/wp-content\/uploads\/2022\/05\/Stick-Stoff1-240x300.jpg 240w, https:\/\/anniesonnenberg.de\/wordpress\/wp-content\/uploads\/2022\/05\/Stick-Stoff1-819x1024.jpg 819w, https:\/\/anniesonnenberg.de\/wordpress\/wp-content\/uploads\/2022\/05\/Stick-Stoff1-768x960.jpg 768w, https:\/\/anniesonnenberg.de\/wordpress\/wp-content\/uploads\/2022\/05\/Stick-Stoff1.jpg 1080w\" sizes=\"auto, (max-width: 240px) 100vw, 240px\" \/><\/a><\/p>\n<hr \/>\n<p class=\"Normal\"><strong><span class=\"tm5\">Singing in the (d)rain<\/span><\/strong><\/p>\n<p class=\"Normal\">Im Pfuhl<br \/>\nauf der Folie \u00fcberm Pool<br \/>\nzwitschern die Spatzen und finden\u2019s cool.<\/p>\n<p class=\"Normal\">Muss Sommer sein.<\/p>\n<p>***<\/p>\n<hr \/>\n<p class=\"Normal\"><strong><span class=\"tm5\"><a href=\"https:\/\/anniesonnenberg.de\/wordpress\/wp-content\/uploads\/2022\/05\/So_kann_man_das_auch_sehen_gruen.jpg\"><img loading=\"lazy\" decoding=\"async\" class=\"alignnone wp-image-1858 size-medium\" src=\"https:\/\/anniesonnenberg.de\/wordpress\/wp-content\/uploads\/2022\/05\/So_kann_man_das_auch_sehen_gruen-300x168.jpg\" alt=\"\" width=\"300\" height=\"168\" srcset=\"https:\/\/anniesonnenberg.de\/wordpress\/wp-content\/uploads\/2022\/05\/So_kann_man_das_auch_sehen_gruen-300x168.jpg 300w, https:\/\/anniesonnenberg.de\/wordpress\/wp-content\/uploads\/2022\/05\/So_kann_man_das_auch_sehen_gruen-1024x574.jpg 1024w, https:\/\/anniesonnenberg.de\/wordpress\/wp-content\/uploads\/2022\/05\/So_kann_man_das_auch_sehen_gruen-768x430.jpg 768w, https:\/\/anniesonnenberg.de\/wordpress\/wp-content\/uploads\/2022\/05\/So_kann_man_das_auch_sehen_gruen-500x280.jpg 500w, https:\/\/anniesonnenberg.de\/wordpress\/wp-content\/uploads\/2022\/05\/So_kann_man_das_auch_sehen_gruen.jpg 1096w\" sizes=\"auto, (max-width: 300px) 100vw, 300px\" \/><\/a><\/span><\/strong><\/p>\n<hr \/>\n<p><strong>Sommerwunder<\/strong><\/p>\n<p><a href=\"https:\/\/anniesonnenberg.de\/wordpress\/wp-content\/uploads\/2022\/08\/Sommerwunder.jpg\"><img loading=\"lazy\" decoding=\"async\" class=\"alignnone size-medium wp-image-2025\" src=\"https:\/\/anniesonnenberg.de\/wordpress\/wp-content\/uploads\/2022\/08\/Sommerwunder-238x300.jpg\" alt=\"\" width=\"238\" height=\"300\" srcset=\"https:\/\/anniesonnenberg.de\/wordpress\/wp-content\/uploads\/2022\/08\/Sommerwunder-238x300.jpg 238w, https:\/\/anniesonnenberg.de\/wordpress\/wp-content\/uploads\/2022\/08\/Sommerwunder-811x1024.jpg 811w, https:\/\/anniesonnenberg.de\/wordpress\/wp-content\/uploads\/2022\/08\/Sommerwunder-768x969.jpg 768w, https:\/\/anniesonnenberg.de\/wordpress\/wp-content\/uploads\/2022\/08\/Sommerwunder.jpg 1072w\" sizes=\"auto, (max-width: 238px) 100vw, 238px\" \/><\/a><\/p>\n<div class=\"level3\">\n<hr \/>\n<\/div>\n<div class=\"level3\">\n<p><strong>Um Haaresbreite<\/strong><\/p>\n<p><a href=\"https:\/\/anniesonnenberg.de\/wordpress\/wp-content\/uploads\/2022\/06\/Um-Haaresbreite.jpg\"><img loading=\"lazy\" decoding=\"async\" class=\"alignnone size-medium wp-image-1960\" src=\"https:\/\/anniesonnenberg.de\/wordpress\/wp-content\/uploads\/2022\/06\/Um-Haaresbreite-300x169.jpg\" alt=\"\" width=\"300\" height=\"169\" srcset=\"https:\/\/anniesonnenberg.de\/wordpress\/wp-content\/uploads\/2022\/06\/Um-Haaresbreite-300x169.jpg 300w, https:\/\/anniesonnenberg.de\/wordpress\/wp-content\/uploads\/2022\/06\/Um-Haaresbreite-1024x577.jpg 1024w, https:\/\/anniesonnenberg.de\/wordpress\/wp-content\/uploads\/2022\/06\/Um-Haaresbreite-768x433.jpg 768w, https:\/\/anniesonnenberg.de\/wordpress\/wp-content\/uploads\/2022\/06\/Um-Haaresbreite-500x282.jpg 500w, https:\/\/anniesonnenberg.de\/wordpress\/wp-content\/uploads\/2022\/06\/Um-Haaresbreite.jpg 1086w\" sizes=\"auto, (max-width: 300px) 100vw, 300px\" \/><\/a><\/p>\n<hr \/>\n<p class=\"Normal\"><span class=\"tm5\"><a href=\"https:\/\/anniesonnenberg.de\/wordpress\/wp-content\/uploads\/2020\/08\/DSCN1742.jpg\"><img loading=\"lazy\" decoding=\"async\" class=\"size-thumbnail wp-image-1206 alignleft\" src=\"https:\/\/anniesonnenberg.de\/wordpress\/wp-content\/uploads\/2020\/08\/DSCN1742-150x150.jpg\" alt=\"\" width=\"150\" height=\"150\" \/><\/a><\/span><strong>Verbl\u00fcffend<\/strong><\/p>\n<p class=\"Normal\"><span class=\"tm5\">Meine<\/span> Katze knabbert am Hausschuh.<br \/>\nInterkulturelles Lernen:<br \/>\nSie spielt H\u00fcndchen.<\/p>\n<p>&#x1f642;<\/p>\n<p>&nbsp;<\/p>\n<\/div>\n<hr \/>\n<\/div>\n<div class=\"level1\">\n<p><a href=\"https:\/\/anniesonnenberg.de\/wordpress\/wp-content\/uploads\/2020\/07\/line1.png\"><img loading=\"lazy\" decoding=\"async\" class=\"alignnone wp-image-860 size-full\" src=\"https:\/\/anniesonnenberg.de\/wordpress\/wp-content\/uploads\/2020\/07\/line1.png\" alt=\"\" width=\"596\" height=\"104\" srcset=\"https:\/\/anniesonnenberg.de\/wordpress\/wp-content\/uploads\/2020\/07\/line1.png 596w, https:\/\/anniesonnenberg.de\/wordpress\/wp-content\/uploads\/2020\/07\/line1-300x52.png 300w, https:\/\/anniesonnenberg.de\/wordpress\/wp-content\/uploads\/2020\/07\/line1-500x87.png 500w\" sizes=\"auto, (max-width: 596px) 100vw, 596px\" \/><\/a><\/p>\n<hr \/>\n<p><a href=\"https:\/\/anniesonnenberg.de\/wordpress\/ueber-mich\/interaktiv\/gaestebuch\/\" target=\"_blank\" rel=\"noopener\"><img loading=\"lazy\" decoding=\"async\" class=\"size-medium wp-image-1566 aligncenter\" src=\"https:\/\/anniesonnenberg.de\/wordpress\/wp-content\/uploads\/2022\/01\/gbook-300x138.jpg\" alt=\"\" width=\"300\" height=\"138\" srcset=\"https:\/\/anniesonnenberg.de\/wordpress\/wp-content\/uploads\/2022\/01\/gbook-300x138.jpg 300w, https:\/\/anniesonnenberg.de\/wordpress\/wp-content\/uploads\/2022\/01\/gbook-1024x470.jpg 1024w, https:\/\/anniesonnenberg.de\/wordpress\/wp-content\/uploads\/2022\/01\/gbook-768x353.jpg 768w, https:\/\/anniesonnenberg.de\/wordpress\/wp-content\/uploads\/2022\/01\/gbook-1536x706.jpg 1536w, https:\/\/anniesonnenberg.de\/wordpress\/wp-content\/uploads\/2022\/01\/gbook-2048x941.jpg 2048w, https:\/\/anniesonnenberg.de\/wordpress\/wp-content\/uploads\/2022\/01\/gbook-500x230.jpg 500w\" sizes=\"auto, (max-width: 300px) 100vw, 300px\" \/><\/a><\/p>\n<hr \/>\n<\/div>\n<\/div>\n<\/div>\n","protected":false},"excerpt":{"rendered":"<p>Alles in Butter Ich k\u00f6nnte ein Stachelschwein reinigen. Will ich aber nicht. Das Schwein ist zufrieden und macht sich selbst sauber. Ich auch. \ud83d\ude09 Apfelbetrachtung Ein fetter kleiner Maderich schaut fad aus dem Gekr\u00f6se. Ich mag die faden Maden nicht, &hellip; <a href=\"https:\/\/anniesonnenberg.de\/wordpress\/lyrik\/schmunzellektuere\/\">Weiterlesen <span class=\"meta-nav\">&rarr;<\/span><\/a><\/p>\n","protected":false},"author":1,"featured_media":0,"parent":18,"menu_order":10,"comment_status":"closed","ping_status":"closed","template":"","meta":{"footnotes":""},"class_list":["post-75","page","type-page","status-publish","hentry"],"aioseo_notices":[],"_links":{"self":[{"href":"https:\/\/anniesonnenberg.de\/wordpress\/wp-json\/wp\/v2\/pages\/75","targetHints":{"allow":["GET"]}}],"collection":[{"href":"https:\/\/anniesonnenberg.de\/wordpress\/wp-json\/wp\/v2\/pages"}],"about":[{"href":"https:\/\/anniesonnenberg.de\/wordpress\/wp-json\/wp\/v2\/types\/page"}],"author":[{"embeddable":true,"href":"https:\/\/anniesonnenberg.de\/wordpress\/wp-json\/wp\/v2\/users\/1"}],"replies":[{"embeddable":true,"href":"https:\/\/anniesonnenberg.de\/wordpress\/wp-json\/wp\/v2\/comments?post=75"}],"version-history":[{"count":53,"href":"https:\/\/anniesonnenberg.de\/wordpress\/wp-json\/wp\/v2\/pages\/75\/revisions"}],"predecessor-version":[{"id":2045,"href":"https:\/\/anniesonnenberg.de\/wordpress\/wp-json\/wp\/v2\/pages\/75\/revisions\/2045"}],"up":[{"embeddable":true,"href":"https:\/\/anniesonnenberg.de\/wordpress\/wp-json\/wp\/v2\/pages\/18"}],"wp:attachment":[{"href":"https:\/\/anniesonnenberg.de\/wordpress\/wp-json\/wp\/v2\/media?parent=75"}],"curies":[{"name":"wp","href":"https:\/\/api.w.org\/{rel}","templated":true}]}}