{"id":59,"date":"2015-07-26T19:06:09","date_gmt":"2015-07-26T17:06:09","guid":{"rendered":"http:\/\/anniesonnenberg.de\/wordpress\/?page_id=59"},"modified":"2022-01-09T17:15:36","modified_gmt":"2022-01-09T16:15:36","slug":"louisa-findet-einen-regenwurm","status":"publish","type":"page","link":"https:\/\/anniesonnenberg.de\/wordpress\/prosa\/kurzgeschichten\/geschichten-fuer-die-naechste-generation\/louisa-findet-einen-regenwurm\/","title":{"rendered":"Louisa findet einen Regenwurm"},"content":{"rendered":"<p>Eine <strong>Kurzgeschichte<\/strong> f\u00fcr Kinder und Erwachsene \u00fcber die Liebe zu allen Gesch\u00f6pfen.<\/p>\n<p><strong>Download:<\/strong> <strong><a class=\"urlextern\" title=\"http:\/\/www.anniesonnenberg.de\/louisa_findet_einen_Regenwurm.pdf\" href=\"http:\/\/www.anniesonnenberg.de\/louisa_findet_einen_Regenwurm.pdf\" target=\"plain\" rel=\"nofollow noopener noreferrer\">Louisa findet einen Regenwurm.pdf<\/a><\/strong><\/p>\n<p><strong>H\u00f6rversion:<\/strong> <a href=\"https:\/\/www.youtube.com\/watch?v=D3-RSm8KKPM&amp;list=PLvBN00TRrs0Fdh5ObXdbQXNl5oHVlFIEf&amp;index=5\" target=\"_blank\" rel=\"noopener noreferrer\"><strong>auf Youtube<\/strong><\/a> oder <strong><a class=\"urlextern\" title=\"http:\/\/www.anniesonnenberg.de\/louisa_findet_einen_regenwurm.mp3\" href=\"http:\/\/www.anniesonnenberg.de\/louisa_findet_einen_regenwurm.mp3\" target=\"plain\" rel=\"nofollow noopener noreferrer\">als mp3<\/a><br \/>\n<\/strong>#wasauffeohren<\/p>\n<p><iframe loading=\"lazy\" title=\"Louisa findet einen Regenwurm\" width=\"584\" height=\"329\" src=\"https:\/\/www.youtube.com\/embed\/D3-RSm8KKPM?feature=oembed\" frameborder=\"0\" allow=\"accelerometer; autoplay; clipboard-write; encrypted-media; gyroscope; picture-in-picture; web-share\" referrerpolicy=\"strict-origin-when-cross-origin\" allowfullscreen><\/iframe><\/p>\n<p>&nbsp;<\/p>\n<hr \/>\n<p><a href=\"https:\/\/anniesonnenberg.de\/wordpress\/ueber-mich\/interaktiv\/gaestebuch\/\" target=\"_blank\" rel=\"noopener\"><img loading=\"lazy\" decoding=\"async\" class=\"size-medium wp-image-1566 aligncenter\" src=\"https:\/\/anniesonnenberg.de\/wordpress\/wp-content\/uploads\/2022\/01\/gbook-300x138.jpg\" alt=\"\" width=\"300\" height=\"138\" srcset=\"https:\/\/anniesonnenberg.de\/wordpress\/wp-content\/uploads\/2022\/01\/gbook-300x138.jpg 300w, https:\/\/anniesonnenberg.de\/wordpress\/wp-content\/uploads\/2022\/01\/gbook-1024x470.jpg 1024w, https:\/\/anniesonnenberg.de\/wordpress\/wp-content\/uploads\/2022\/01\/gbook-768x353.jpg 768w, https:\/\/anniesonnenberg.de\/wordpress\/wp-content\/uploads\/2022\/01\/gbook-1536x706.jpg 1536w, https:\/\/anniesonnenberg.de\/wordpress\/wp-content\/uploads\/2022\/01\/gbook-2048x941.jpg 2048w, https:\/\/anniesonnenberg.de\/wordpress\/wp-content\/uploads\/2022\/01\/gbook-500x230.jpg 500w\" sizes=\"auto, (max-width: 300px) 100vw, 300px\" \/><\/a><\/p>\n","protected":false},"excerpt":{"rendered":"<p>Eine Kurzgeschichte f\u00fcr Kinder und Erwachsene \u00fcber die Liebe zu allen Gesch\u00f6pfen. Download: Louisa findet einen Regenwurm.pdf H\u00f6rversion: auf Youtube oder als mp3 #wasauffeohren &nbsp;<\/p>\n","protected":false},"author":1,"featured_media":0,"parent":50,"menu_order":40,"comment_status":"closed","ping_status":"closed","template":"","meta":{"footnotes":""},"class_list":["post-59","page","type-page","status-publish","hentry"],"aioseo_notices":[],"_links":{"self":[{"href":"https:\/\/anniesonnenberg.de\/wordpress\/wp-json\/wp\/v2\/pages\/59","targetHints":{"allow":["GET"]}}],"collection":[{"href":"https:\/\/anniesonnenberg.de\/wordpress\/wp-json\/wp\/v2\/pages"}],"about":[{"href":"https:\/\/anniesonnenberg.de\/wordpress\/wp-json\/wp\/v2\/types\/page"}],"author":[{"embeddable":true,"href":"https:\/\/anniesonnenberg.de\/wordpress\/wp-json\/wp\/v2\/users\/1"}],"replies":[{"embeddable":true,"href":"https:\/\/anniesonnenberg.de\/wordpress\/wp-json\/wp\/v2\/comments?post=59"}],"version-history":[{"count":6,"href":"https:\/\/anniesonnenberg.de\/wordpress\/wp-json\/wp\/v2\/pages\/59\/revisions"}],"predecessor-version":[{"id":1593,"href":"https:\/\/anniesonnenberg.de\/wordpress\/wp-json\/wp\/v2\/pages\/59\/revisions\/1593"}],"up":[{"embeddable":true,"href":"https:\/\/anniesonnenberg.de\/wordpress\/wp-json\/wp\/v2\/pages\/50"}],"wp:attachment":[{"href":"https:\/\/anniesonnenberg.de\/wordpress\/wp-json\/wp\/v2\/media?parent=59"}],"curies":[{"name":"wp","href":"https:\/\/api.w.org\/{rel}","templated":true}]}}