{"id":37,"date":"2015-07-26T18:45:45","date_gmt":"2015-07-26T16:45:45","guid":{"rendered":"http:\/\/anniesonnenberg.de\/wordpress\/?page_id=37"},"modified":"2022-08-03T18:34:02","modified_gmt":"2022-08-03T16:34:02","slug":"37-2","status":"publish","type":"page","link":"https:\/\/anniesonnenberg.de\/wordpress\/prosa\/romane\/37-2\/","title":{"rendered":"Leonies Rosenbeet"},"content":{"rendered":"<p><a href=\"https:\/\/anniesonnenberg.de\/wordpress\/wp-content\/uploads\/2021\/07\/DSC_2021-07-17_14-16-42-scaled.jpg\"><img loading=\"lazy\" decoding=\"async\" class=\"size-thumbnail wp-image-1404 alignleft\" src=\"https:\/\/anniesonnenberg.de\/wordpress\/wp-content\/uploads\/2021\/07\/DSC_2021-07-17_14-16-42-150x150.jpg\" alt=\"\" width=\"150\" height=\"150\" \/><\/a><strong><br \/>\nDorfwaise Leonie lebt beim M\u00fcllergesellen, als ein ungerechtes Urteil sie aus ihrer Kindheit rei\u00dft. Gemeinsam mit ihren Freunden, einem Knappen, einem Gaukler und einem Barden, folgt sie Ritter Cucula\u00ednn, in den sie mit Haut und Haaren verliebt ist. Und \u00fcber allem schwebt diese sanfte, kraftvolle Melodie\u2026<\/strong><\/p>\n<p><span style=\"color: #008000;\"><strong>Leonies Rosenbeet<\/strong><\/span> ist eine <strong>Erz\u00e4hlung<\/strong> f\u00fcr Erwachsene, die man am Besten bei einer guten Tasse Tee genie\u00dft, vielleicht im Herbst oder Winter, wenn die Abende lang sind und auch Menschen, die schon lange keine Kinder mehr sind, sich gern etwas vorlesen lassen. Oder auch im Sommer nach einem guten Essen, drau\u00dfen in der Natur.<\/p>\n<p>Thematisch entf\u00fchrt die <strong>poetische Erz\u00e4hlung<\/strong> den Leser in eine Situation zwischen zwei Religionen, in denen ein M\u00e4dchen, ein junger Gaukler und ein Knappe auf der Suche sind nach ihrer Identit\u00e4t, unterst\u00fctzt von einem Barden und einer weisen Frau. Au\u00dferdem ist da noch ein Ritter, in den das M\u00e4dchen mit Haut und Haaren verliebt ist\u2026<\/p>\n<p>Es handelt sich um eine poetische Erz\u00e4hlung \u00fcber das Erwachsenwerden, die zugleich grundlegende Fragen aufwirft. Wer an einem Austausch \u00fcber elementare Erfahrungen geistlichen Lebens interessiert ist, wird hier Gedankenfutter finden.<\/p>\n<p><strong>Leseprobe:<\/strong> <strong><a class=\"urlextern\" title=\"http:\/\/www.anniesonnenberg.de\/leonies_rosenbeet.pdf\" href=\"https:\/\/anniesonnenberg.de\/wordpress\/wp-content\/uploads\/2021\/07\/Leseprobe_LeoniesRosenbeet.pdf\" target=\"plain\" rel=\"nofollow noopener noreferrer\">Leseprobe_LeoniesRosenbeet.pdf<\/a><\/strong><\/p>\n<p><span style=\"color: #000000;\"><strong>Ein m\u00e4rchenhaftes Geschenk!<\/strong><\/span><\/p>\n<p><iframe loading=\"lazy\" title=\"Leonie Trailer\" width=\"584\" height=\"329\" src=\"https:\/\/www.youtube.com\/embed\/0Vug39Hvexw?feature=oembed\" frameborder=\"0\" allow=\"accelerometer; autoplay; clipboard-write; encrypted-media; gyroscope; picture-in-picture; web-share\" referrerpolicy=\"strict-origin-when-cross-origin\" allowfullscreen><\/iframe><\/p>\n<p>In <a href=\"https:\/\/www.meinelesung.de\" target=\"_blank\" rel=\"noopener\"><strong>Folge 90 des Podcasts &#8222;Meine Lesung&#8220;<\/strong><\/a> stelle ich den Roman im Gespr\u00e4ch mit Emilia deLuca vor.<\/p>\n<p><iframe loading=\"lazy\" title=\"mL90 - Annie Sonnenberg &quot;Leonies Rosenbeet&quot;\" width=\"584\" height=\"438\" src=\"https:\/\/www.youtube.com\/embed\/vcBQ6PKby9I?feature=oembed\" frameborder=\"0\" allow=\"accelerometer; autoplay; clipboard-write; encrypted-media; gyroscope; picture-in-picture; web-share\" referrerpolicy=\"strict-origin-when-cross-origin\" allowfullscreen><\/iframe><\/p>\n<p><a href=\"https:\/\/www.epubli.de\/shop\/buch\/Leonies-Rosenbeet-Annie-Sonnenberg-9783754143285\/116045\" target=\"_blank\" rel=\"noopener\"><strong>Hardcover<\/strong><\/a><br \/>\n84 Seiten<br \/>\nISBN: 978-3-754143-28-5<br \/>\nPreis: 14,99 \u20ac<br \/>\n<span class=\"property\">Erh\u00e4ltlich im <strong><a href=\"https:\/\/www.epubli.de\/shop\/buch\/Leonies-Rosenbeet-Annie-Sonnenberg-9783754143285\/116045\" target=\"_blank\" rel=\"noopener\">epubli-shop<\/a><\/strong>, \u00fcber andere Plattformen und nat\u00fcrlich \u00fcber den Buchhandel Eures Vertrauens.<br \/>\n<\/span><\/p>\n<p><a href=\"https:\/\/www.epubli.de\/shop\/buch\/Leonies-Rosenbeet-Annie-Sonnenberg-9783754155875\/117305\" target=\"_blank\" rel=\"noopener\"><strong>Ebook<\/strong><\/a><br \/>\n<span class=\"property\">ISBN: 978-3-754155-87-5<br \/>\nePUB \/ 0,99 \u20ac<br \/>\n<\/span><span class=\"property\">Erh\u00e4ltlich im <strong><a href=\"https:\/\/www.epubli.de\/shop\/buch\/Leonies-Rosenbeet-Annie-Sonnenberg-9783754155875\/117305\" target=\"_blank\" rel=\"noopener\">epubli-shop<\/a><\/strong> und \u00fcber andere Ebook-Plattformen.<\/span><\/p>\n<p>Hinweis in eigener Sache: Wenn Ihr \u00fcber den<a href=\"https:\/\/www.epubli.de\/suche?q=Annie+Sonnenberg\" target=\"_blank\" rel=\"noopener\"><strong> epubli-Shop<\/strong><\/a> bestellt, bekomme ich ein paar Cent mehr, und Ihr kauft nicht bei ethisch zumindest zweifelhaften Gro\u00dfh\u00e4ndlern. Das ist aber kein Muss, es geht nat\u00fcrlich auch im normalen Buch- oder Onlinebuchhandel!<\/p>\n<p>Leonies Rosenbeet gibt&#8217;s auch <strong><a href=\"https:\/\/anniesonnenberg.de\/wordpress\/hoerbares\/leonies-rosenbeet\/\" target=\"_blank\" rel=\"noopener noreferrer\">als H\u00f6rbuch<\/a><\/strong>.<\/p>\n<p><!--StartFragment --><\/p>\n<p><iframe loading=\"lazy\" title=\"Leonies Rosenbeet (1\/5)\" width=\"584\" height=\"329\" src=\"https:\/\/www.youtube.com\/embed\/KtWdJPgqf_c?list=PLvBN00TRrs0EWeKBvpf90rEz1wqAnq5sR\" frameborder=\"0\" allow=\"accelerometer; autoplay; clipboard-write; encrypted-media; gyroscope; picture-in-picture; web-share\" referrerpolicy=\"strict-origin-when-cross-origin\" allowfullscreen><\/iframe><\/p>\n<p>\u201cLeonies Rosenbeet\u201d gibt es auch als mp3: <a href=\"http:\/\/www.anniesonnenberg.de\/LeoniesRosenbeet1.mp3\" target=\"_blank\" rel=\"noopener noreferrer\">Teil 1<\/a>, <a href=\"http:\/\/www.anniesonnenberg.de\/LeoniesRosenbeet2.mp3\" target=\"_blank\" rel=\"noopener noreferrer\">Teil 2<\/a>, <a href=\"http:\/\/www.anniesonnenberg.de\/LeoniesRosenbeet3.mp3\" target=\"_blank\" rel=\"noopener noreferrer\">Teil 3<\/a>, <a href=\"http:\/\/www.anniesonnenberg.de\/LeoniesRosenbeet4.mp3\" target=\"_blank\" rel=\"noopener noreferrer\">Teil 4<\/a> und <a href=\"http:\/\/www.anniesonnenberg.de\/LeoniesRosenbeet1.mp3\" target=\"_blank\" rel=\"noopener noreferrer\">Teil 5<\/a>.<br \/>\n#wasauffeohren<\/p>\n<p>&nbsp;<\/p>\n<hr \/>\n<p><a href=\"https:\/\/anniesonnenberg.de\/wordpress\/ueber-mich\/interaktiv\/gaestebuch\/\" target=\"_blank\" rel=\"noopener\"><img loading=\"lazy\" decoding=\"async\" class=\"aligncenter wp-image-1566 size-medium\" src=\"https:\/\/anniesonnenberg.de\/wordpress\/wp-content\/uploads\/2022\/01\/gbook-300x138.jpg\" alt=\"\" width=\"300\" height=\"138\" srcset=\"https:\/\/anniesonnenberg.de\/wordpress\/wp-content\/uploads\/2022\/01\/gbook-300x138.jpg 300w, https:\/\/anniesonnenberg.de\/wordpress\/wp-content\/uploads\/2022\/01\/gbook-1024x470.jpg 1024w, https:\/\/anniesonnenberg.de\/wordpress\/wp-content\/uploads\/2022\/01\/gbook-768x353.jpg 768w, https:\/\/anniesonnenberg.de\/wordpress\/wp-content\/uploads\/2022\/01\/gbook-1536x706.jpg 1536w, https:\/\/anniesonnenberg.de\/wordpress\/wp-content\/uploads\/2022\/01\/gbook-2048x941.jpg 2048w, https:\/\/anniesonnenberg.de\/wordpress\/wp-content\/uploads\/2022\/01\/gbook-500x230.jpg 500w\" sizes=\"auto, (max-width: 300px) 100vw, 300px\" \/><\/a><\/p>\n","protected":false},"excerpt":{"rendered":"<p>Dorfwaise Leonie lebt beim M\u00fcllergesellen, als ein ungerechtes Urteil sie aus ihrer Kindheit rei\u00dft. Gemeinsam mit ihren Freunden, einem Knappen, einem Gaukler und einem Barden, folgt sie Ritter Cucula\u00ednn, in den sie mit Haut und Haaren verliebt ist. Und \u00fcber &hellip; <a href=\"https:\/\/anniesonnenberg.de\/wordpress\/prosa\/romane\/37-2\/\">Weiterlesen <span class=\"meta-nav\">&rarr;<\/span><\/a><\/p>\n","protected":false},"author":1,"featured_media":0,"parent":12,"menu_order":20,"comment_status":"closed","ping_status":"closed","template":"","meta":{"footnotes":""},"class_list":["post-37","page","type-page","status-publish","hentry"],"aioseo_notices":[],"_links":{"self":[{"href":"https:\/\/anniesonnenberg.de\/wordpress\/wp-json\/wp\/v2\/pages\/37","targetHints":{"allow":["GET"]}}],"collection":[{"href":"https:\/\/anniesonnenberg.de\/wordpress\/wp-json\/wp\/v2\/pages"}],"about":[{"href":"https:\/\/anniesonnenberg.de\/wordpress\/wp-json\/wp\/v2\/types\/page"}],"author":[{"embeddable":true,"href":"https:\/\/anniesonnenberg.de\/wordpress\/wp-json\/wp\/v2\/users\/1"}],"replies":[{"embeddable":true,"href":"https:\/\/anniesonnenberg.de\/wordpress\/wp-json\/wp\/v2\/comments?post=37"}],"version-history":[{"count":42,"href":"https:\/\/anniesonnenberg.de\/wordpress\/wp-json\/wp\/v2\/pages\/37\/revisions"}],"predecessor-version":[{"id":2035,"href":"https:\/\/anniesonnenberg.de\/wordpress\/wp-json\/wp\/v2\/pages\/37\/revisions\/2035"}],"up":[{"embeddable":true,"href":"https:\/\/anniesonnenberg.de\/wordpress\/wp-json\/wp\/v2\/pages\/12"}],"wp:attachment":[{"href":"https:\/\/anniesonnenberg.de\/wordpress\/wp-json\/wp\/v2\/media?parent=37"}],"curies":[{"name":"wp","href":"https:\/\/api.w.org\/{rel}","templated":true}]}}