{"id":30,"date":"2015-07-26T18:29:48","date_gmt":"2015-07-26T16:29:48","guid":{"rendered":"http:\/\/anniesonnenberg.de\/wordpress\/?page_id=30"},"modified":"2020-08-08T10:49:59","modified_gmt":"2020-08-08T08:49:59","slug":"impressum","status":"publish","type":"page","link":"https:\/\/anniesonnenberg.de\/wordpress\/ueber-mich\/impressum\/","title":{"rendered":"Impressum"},"content":{"rendered":"<table class=\"inline\">\n<tbody>\n<tr class=\"row0\">\n<td class=\"col0\">Name<\/td>\n<td class=\"col1\">Annie Sonnenberg<\/td>\n<\/tr>\n<tr class=\"row1\">\n<td class=\"col0\">Ort<\/td>\n<td class=\"col1\">Braunschweig, R\u00f6sekenwinkel 22<\/td>\n<\/tr>\n<tr class=\"row2\">\n<td class=\"col0\">E-Mail<\/td>\n<td class=\"col1\"><a class=\"mail\" title=\"mail@anniesonnenberg.de\" href=\"mailto:mail@anniesonnenberg.de\">mail@anniesonnenberg.de<\/a><\/td>\n<\/tr>\n<tr class=\"row3\">\n<td class=\"col0\">\u00d6ffentlicher Schl\u00fcssel<\/td>\n<td class=\"col1\"><a class=\"urlextern\" title=\"http:\/\/anniesonnenberg.de\/Annie_Sonnenberg_(0x91742714)_pub.asc\" href=\"http:\/\/anniesonnenberg.de\/Annie_Sonnenberg_%280x91742714%29_pub.asc\" target=\"plain\" rel=\"nofollow noopener noreferrer\">GnuPg Public Key<\/a><\/td>\n<\/tr>\n<\/tbody>\n<\/table>\n","protected":false},"excerpt":{"rendered":"<p>Name Annie Sonnenberg Ort Braunschweig, R\u00f6sekenwinkel 22 E-Mail mail@anniesonnenberg.de \u00d6ffentlicher Schl\u00fcssel GnuPg Public Key<\/p>\n","protected":false},"author":1,"featured_media":0,"parent":196,"menu_order":20,"comment_status":"closed","ping_status":"closed","template":"","meta":{"footnotes":""},"class_list":["post-30","page","type-page","status-publish","hentry"],"aioseo_notices":[],"_links":{"self":[{"href":"https:\/\/anniesonnenberg.de\/wordpress\/wp-json\/wp\/v2\/pages\/30","targetHints":{"allow":["GET"]}}],"collection":[{"href":"https:\/\/anniesonnenberg.de\/wordpress\/wp-json\/wp\/v2\/pages"}],"about":[{"href":"https:\/\/anniesonnenberg.de\/wordpress\/wp-json\/wp\/v2\/types\/page"}],"author":[{"embeddable":true,"href":"https:\/\/anniesonnenberg.de\/wordpress\/wp-json\/wp\/v2\/users\/1"}],"replies":[{"embeddable":true,"href":"https:\/\/anniesonnenberg.de\/wordpress\/wp-json\/wp\/v2\/comments?post=30"}],"version-history":[{"count":3,"href":"https:\/\/anniesonnenberg.de\/wordpress\/wp-json\/wp\/v2\/pages\/30\/revisions"}],"predecessor-version":[{"id":1228,"href":"https:\/\/anniesonnenberg.de\/wordpress\/wp-json\/wp\/v2\/pages\/30\/revisions\/1228"}],"up":[{"embeddable":true,"href":"https:\/\/anniesonnenberg.de\/wordpress\/wp-json\/wp\/v2\/pages\/196"}],"wp:attachment":[{"href":"https:\/\/anniesonnenberg.de\/wordpress\/wp-json\/wp\/v2\/media?parent=30"}],"curies":[{"name":"wp","href":"https:\/\/api.w.org\/{rel}","templated":true}]}}