{"id":28,"date":"2015-07-26T18:43:43","date_gmt":"2015-07-26T16:43:43","guid":{"rendered":"http:\/\/anniesonnenberg.de\/wordpress\/?page_id=28"},"modified":"2024-02-17T21:56:17","modified_gmt":"2024-02-17T20:56:17","slug":"caine-und-die-priesterin","status":"publish","type":"page","link":"https:\/\/anniesonnenberg.de\/wordpress\/prosa\/romane\/caine-und-die-priesterin\/","title":{"rendered":"Caine und die Priesterin (Gratis-ePUB)"},"content":{"rendered":"<p><iframe loading=\"lazy\" title=\"Mein Lieblingsbuch (Trailer\/Caine und die Priesterin)\" width=\"584\" height=\"329\" src=\"https:\/\/www.youtube.com\/embed\/-JFtkGqjBNo?feature=oembed\" frameborder=\"0\" allow=\"accelerometer; autoplay; clipboard-write; encrypted-media; gyroscope; picture-in-picture; web-share\" referrerpolicy=\"strict-origin-when-cross-origin\" allowfullscreen><\/iframe><\/p>\n<div id=\"attachment_432\" style=\"width: 197px\" class=\"wp-caption alignright\"><a href=\"https:\/\/anniesonnenberg.de\/wordpress\/wp-content\/uploads\/2015\/11\/Caine-final-2.pdf\" target=\"_blank\" rel=\"noopener noreferrer\"><img loading=\"lazy\" decoding=\"async\" aria-describedby=\"caption-attachment-432\" class=\"wp-image-432 size-full\" src=\"https:\/\/anniesonnenberg.de\/wordpress\/wp-content\/uploads\/2016\/05\/Caine_Buch_Vorschau.png\" alt=\"\" width=\"187\" height=\"254\" \/><\/a><p id=\"caption-attachment-432\" class=\"wp-caption-text\">[Grafik: A. Weihmann]<\/p><\/div>\n<p>&nbsp;<\/p>\n<p><strong>Chinatown, um die Jahrtausendwende.<\/strong><br \/>\n<strong>Drei katholische Priester wurden ermordet.<\/strong><\/p>\n<p><strong>K\u00f6nnen der buddhistische Apotheker\u00a0<\/strong><strong>und sein Sohn\u00a0<\/strong><strong>zwischen Schuld und Unschuld unterscheiden?<\/strong><\/p>\n<p>&nbsp;<\/p>\n<p>Mein Klassiker: <strong><a href=\"https:\/\/anniesonnenberg.de\/wordpress\/wp-content\/uploads\/2015\/11\/Caine-final-2.pdf\" target=\"_blank\" rel=\"noopener noreferrer\">Caine und die Priesterin<\/a><\/strong> ist ein philosophischer Fantasykrimi aus dem Bereich der <strong>Fanliteratur<\/strong>. Teile der Personenkonstellation sowie das Setting des <strong>Romans<\/strong> beruhen auf der Fernsehserie \u201eKungFu: The Legend Continues\u201c (dt. \u201eKungFu: Im Zeichen des Drachen\u201c); das Copyright f\u00fcr diese erz\u00e4hlerischen Elemente verbleibt selbstverst\u00e4ndlich bei den urspr\u00fcnglichen Inhabern, die Autorin beabsichtigt keinerlei Urheberrechtsverletzungen. Der Download ist kostenlos.<\/p>\n<p>Thematisch bewegt <strong>Caine und die Priesterin<\/strong> sich zwischen so unterschiedlichen Themen wie chinesischer Medizin und katholischem Kirchenrecht, aber auch Mystik und Romantik kommen nicht zu kurz. Es geht um die Aufkl\u00e4rung dreier Kapitalverbrechen genauso wie um die Frage nach pers\u00f6nlicher Identit\u00e4t im Spannungsfeld unterschiedlicher Kulturen. Freundschaften werden geschlossen und auf die Probe gestellt, und als die Polizei schlie\u00dflich den T\u00e4ter stellt, haben sich die Konturen von Schuld und Unschuld verwischt.<\/p>\n<p>Neugierige und nachdenkliche Schm\u00f6kerfreunde kommen bei diesem vers\u00f6hnlichen Roman voll auf ihre Kosten. Die Autorin w\u00fcnscht allen Lesern viel Freude beim Lesen!<\/p>\n<p><strong><a href=\"https:\/\/anniesonnenberg.de\/wordpress\/wp-content\/uploads\/2024\/01\/Caine-und-die-Priesterin-Annie-Sonnenberg-Unbekannt.epub\">Caine und die Priesterin &#8211; Annie Sonnenberg<\/a> (ePUB)<br \/>\n<a href=\"https:\/\/anniesonnenberg.de\/wordpress\/wp-content\/uploads\/2015\/11\/Caine-final-2.pdf\" target=\"_blank\" rel=\"noopener noreferrer\">Download als PDF<br \/>\n<\/a><\/strong><strong><a class=\"wikilink1\" title=\"presse:presse\" href=\"http:\/\/anniesonnenberg.de\/doku.php?id=presse:presse\">Lesungen: Presse<br \/>\n<\/a><\/strong><strong><a class=\"wikilink1\" title=\"links:links\" href=\"http:\/\/anniesonnenberg.de\/doku.php?id=links:links#caine_und_die_priesterin\">Hintergrund<\/a><\/strong><\/p>\n<p>Dazu gibt&#8217;s auch ein <a href=\"https:\/\/anniesonnenberg.de\/wordpress\/hoerbares\/caine-und-die-priesterin-3\/\">H\u00f6rbuch<\/a>:<br \/>\n#wasauffeohren<\/p>\n<p><iframe loading=\"lazy\" title=\"Caine und die Priesterin 1\" width=\"584\" height=\"329\" src=\"https:\/\/www.youtube.com\/embed\/iJJAULNtJcw?list=PLvBN00TRrs0EzNUsGqDcuBecia504GeZE\" frameborder=\"0\" allow=\"accelerometer; autoplay; clipboard-write; encrypted-media; gyroscope; picture-in-picture; web-share\" referrerpolicy=\"strict-origin-when-cross-origin\" allowfullscreen><\/iframe><\/p>\n<p>Das H\u00f6rbuch ist auch in mp3-Format verf\u00fcgbar: <strong><a href=\"http:\/\/www.anniesonnenberg.de\/01-Annie-C1.mp3\" target=\"_blank\" rel=\"noopener noreferrer\">1<\/a>, <a href=\"http:\/\/www.anniesonnenberg.de\/caine_und_die_priesterin_2.mp3\" target=\"_blank\" rel=\"noopener noreferrer\">2<\/a>, <a href=\"http:\/\/www.anniesonnenberg.de\/caine_und_die_priesterin_3.mp3\" target=\"_blank\" rel=\"noopener noreferrer\">3<\/a>, <a href=\"http:\/\/www.anniesonnenberg.de\/caine_und_die_priesterin_4.mp3\" target=\"_blank\" rel=\"noopener noreferrer\">4<\/a>, <a href=\"http:\/\/www.anniesonnenberg.de\/caine_und_die_priesterin_5.mp3\" target=\"_blank\" rel=\"noopener noreferrer\">5<\/a>, <a href=\"http:\/\/www.anniesonnenberg.de\/caine_und_die_priesterin_6.mp3\" target=\"_blank\" rel=\"noopener noreferrer\">6<\/a>, <a href=\"http:\/\/www.anniesonnenberg.de\/caine_und_die_priesterin_7.mp3\" target=\"_blank\" rel=\"noopener noreferrer\">7<\/a>, <a href=\"http:\/\/www.anniesonnenberg.de\/caine_und_die_priesterin_8.mp3\" target=\"_blank\" rel=\"noopener noreferrer\">8<\/a>, <a href=\"http:\/\/www.anniesonnenberg.de\/caine_und_die_priesterin_9.mp3\" target=\"_blank\" rel=\"noopener noreferrer\">9<\/a><\/strong>, <a href=\"http:\/\/www.anniesonnenberg.de\/caine_und_die_priesterin_10.mp3\" target=\"_blank\" rel=\"noopener noreferrer\"><strong>10\u00a0<\/strong><\/a><strong><a href=\"http:\/\/www.anniesonnenberg.de\/caine_und_die_priesterin_11.mp3\" target=\"_blank\" rel=\"noopener noreferrer\">11<\/a>, <a href=\"http:\/\/www.anniesonnenberg.de\/caine_und_die_priesterin_12.mp3\" target=\"_blank\" rel=\"noopener noreferrer\">12<\/a><\/strong>, <strong><a href=\"http:\/\/www.anniesonnenberg.de\/caine_und_die_priesterin_13.mp3\" target=\"_blank\" rel=\"noopener noreferrer\">13<\/a><\/strong>, <strong><a href=\"http:\/\/www.anniesonnenberg.de\/caine_und_die_priesterin_14.mp3\" target=\"_blank\" rel=\"noopener noreferrer\">14<\/a><\/strong>, <a href=\"http:\/\/www.anniesonnenberg.de\/caine_und_die_priesterin_15.mp3\" target=\"_blank\" rel=\"noopener noreferrer\"><strong>15<\/strong><\/a>, <strong><a href=\"http:\/\/www.anniesonnenberg.de\/caine_und_die_priesterin_16.mp3\" target=\"_blank\" rel=\"noopener noreferrer\">16<\/a><\/strong>, <a href=\"http:\/\/www.anniesonnenberg.de\/caine_und_die_priesterin_17.mp3\" target=\"_blank\" rel=\"noopener noreferrer\"><strong>17<\/strong><\/a>, <strong><a href=\"http:\/\/www.anniesonnenberg.de\/caine_und_die_priesterin_18.mp3\" target=\"_blank\" rel=\"noopener noreferrer\">18<\/a><\/strong>, <a href=\"http:\/\/www.anniesonnenberg.de\/caine_und_die_priesterin_19.mp3\" target=\"_blank\" rel=\"noopener noreferrer\"><strong>19<\/strong><\/a>, <a href=\"http:\/\/www.anniesonnenberg.de\/caine_und_die_priesterin_20.mp3\" target=\"_blank\" rel=\"noopener noreferrer\"><strong>20<\/strong><\/a>, <strong><a href=\"http:\/\/www.anniesonnenberg.de\/caine_und_die_priesterin_21.mp3\" target=\"_blank\" rel=\"noopener noreferrer\">21<\/a><\/strong>, <a href=\"http:\/\/www.anniesonnenberg.de\/caine_und_die_priesterin_22.mp3\" target=\"_blank\" rel=\"noopener noreferrer\"><strong>22<\/strong><\/a>, <a href=\"http:\/\/www.anniesonnenberg.de\/caine_und_die_priesterin_23.mp3\" target=\"_blank\" rel=\"noopener noreferrer\"><strong>23<\/strong><\/a>, <a href=\"http:\/\/www.anniesonnenberg.de\/caine_und_die_priesterin_24.mp3\" target=\"_blank\" rel=\"noopener noreferrer\"><strong>24<\/strong><\/a>, <a href=\"http:\/\/www.anniesonnenberg.de\/caine_und_die_priesterin_25.mp3\"><strong>25<\/strong><\/a> und <a href=\"http:\/\/www.anniesonnenberg.de\/caine_und_die_priesterin_26.mp3\"><strong>26<\/strong><\/a>.<\/p>\n<p>&nbsp;<\/p>\n<hr \/>\n<p><a href=\"https:\/\/anniesonnenberg.de\/wordpress\/ueber-mich\/interaktiv\/gaestebuch\/\" target=\"_blank\" rel=\"noopener\"><img loading=\"lazy\" decoding=\"async\" class=\"size-medium wp-image-1566 aligncenter\" src=\"https:\/\/anniesonnenberg.de\/wordpress\/wp-content\/uploads\/2022\/01\/gbook-300x138.jpg\" alt=\"\" width=\"300\" height=\"138\" srcset=\"https:\/\/anniesonnenberg.de\/wordpress\/wp-content\/uploads\/2022\/01\/gbook-300x138.jpg 300w, https:\/\/anniesonnenberg.de\/wordpress\/wp-content\/uploads\/2022\/01\/gbook-1024x470.jpg 1024w, https:\/\/anniesonnenberg.de\/wordpress\/wp-content\/uploads\/2022\/01\/gbook-768x353.jpg 768w, https:\/\/anniesonnenberg.de\/wordpress\/wp-content\/uploads\/2022\/01\/gbook-1536x706.jpg 1536w, https:\/\/anniesonnenberg.de\/wordpress\/wp-content\/uploads\/2022\/01\/gbook-2048x941.jpg 2048w, https:\/\/anniesonnenberg.de\/wordpress\/wp-content\/uploads\/2022\/01\/gbook-500x230.jpg 500w\" sizes=\"auto, (max-width: 300px) 100vw, 300px\" \/><\/a><\/p>\n","protected":false},"excerpt":{"rendered":"<p>&nbsp; &nbsp; Chinatown, um die Jahrtausendwende. Drei katholische Priester wurden ermordet. K\u00f6nnen der buddhistische Apotheker\u00a0und sein Sohn\u00a0zwischen Schuld und Unschuld unterscheiden? &nbsp; Mein Klassiker: Caine und die Priesterin ist ein philosophischer Fantasykrimi aus dem Bereich der Fanliteratur. Teile der Personenkonstellation &hellip; <a href=\"https:\/\/anniesonnenberg.de\/wordpress\/prosa\/romane\/caine-und-die-priesterin\/\">Weiterlesen <span class=\"meta-nav\">&rarr;<\/span><\/a><\/p>\n","protected":false},"author":1,"featured_media":10,"parent":12,"menu_order":10,"comment_status":"closed","ping_status":"closed","template":"","meta":{"footnotes":""},"class_list":["post-28","page","type-page","status-publish","has-post-thumbnail","hentry"],"aioseo_notices":[],"_links":{"self":[{"href":"https:\/\/anniesonnenberg.de\/wordpress\/wp-json\/wp\/v2\/pages\/28","targetHints":{"allow":["GET"]}}],"collection":[{"href":"https:\/\/anniesonnenberg.de\/wordpress\/wp-json\/wp\/v2\/pages"}],"about":[{"href":"https:\/\/anniesonnenberg.de\/wordpress\/wp-json\/wp\/v2\/types\/page"}],"author":[{"embeddable":true,"href":"https:\/\/anniesonnenberg.de\/wordpress\/wp-json\/wp\/v2\/users\/1"}],"replies":[{"embeddable":true,"href":"https:\/\/anniesonnenberg.de\/wordpress\/wp-json\/wp\/v2\/comments?post=28"}],"version-history":[{"count":27,"href":"https:\/\/anniesonnenberg.de\/wordpress\/wp-json\/wp\/v2\/pages\/28\/revisions"}],"predecessor-version":[{"id":2165,"href":"https:\/\/anniesonnenberg.de\/wordpress\/wp-json\/wp\/v2\/pages\/28\/revisions\/2165"}],"up":[{"embeddable":true,"href":"https:\/\/anniesonnenberg.de\/wordpress\/wp-json\/wp\/v2\/pages\/12"}],"wp:featuredmedia":[{"embeddable":true,"href":"https:\/\/anniesonnenberg.de\/wordpress\/wp-json\/wp\/v2\/media\/10"}],"wp:attachment":[{"href":"https:\/\/anniesonnenberg.de\/wordpress\/wp-json\/wp\/v2\/media?parent=28"}],"curies":[{"name":"wp","href":"https:\/\/api.w.org\/{rel}","templated":true}]}}