{"id":277,"date":"2015-11-15T07:00:36","date_gmt":"2015-11-15T06:00:36","guid":{"rendered":"http:\/\/anniesonnenberg.de\/wordpress\/?page_id=277"},"modified":"2022-01-09T17:32:12","modified_gmt":"2022-01-09T16:32:12","slug":"videos","status":"publish","type":"page","link":"https:\/\/anniesonnenberg.de\/wordpress\/engagement\/kein-atommuell-im-wohngebiet\/videos\/","title":{"rendered":"Videos"},"content":{"rendered":"<p>Unbemerkt von der \u00fcberregionalen \u00d6ffentlichkeit ist in Braunschweig der absurde Fall eingetreten, dass nur 40 m von Wohnbebauung und in Sichtweite von Schulen mit einem Ma\u00df an Radioaktivit\u00e4t umgegangen werden darf, das 300x so viel strahlt wie die Atomm\u00fcllf\u00e4sser in der maroden Schachtanlage ASSE II. Nicht ganz unbemerkt und unter gro\u00dfem Widerstand engagierter B\u00fcrgerinnen und B\u00fcrger, daf\u00fcr aber ohne nennenswerten Widerstand aus der Politik stehen den beteiligten Firmen nun alle T\u00fcren f\u00fcr eine massive Erweiterung offen &#8211; die B\u00fcrgerinitiative Strahlenschutz (BISS) spricht hier von einer &#8222;nationalen Atomm\u00fclldrehscheibe&#8220;. In der Tat wirbt mindestens einer der Betriebe europaweit f\u00fcr die Bearbeitung von Atomm\u00fcll.<\/p>\n<p>Die Videos der folgenden Playlist stellen eine Gemeinschaftsarbeit dar, d.h. Mitglieder oder Freunde der BISS haben sie in unterschiedlichen Teams oder auch als Einzelpersonen erarbeitet. <a href=\"https:\/\/www.youtube.com\/watch?v=qfw1EEboPNA&amp;list=PLvBN00TRrs0Fq1m1bhravwJ1RFzYoSHCN\" target=\"_blank\" rel=\"noopener noreferrer\">Schaut mal rein<\/a>, oder geht direkt auf den <a href=\"https:\/\/www.youtube.com\/user\/BISSbraunschweig\" target=\"_blank\" rel=\"noopener noreferrer\">BISS-Youtube-Kanal<\/a>!<\/p>\n<p>&nbsp;<\/p>\n<p><iframe loading=\"lazy\" src=\"\/\/www.youtube.com\/embed\/videoseries?list=PLvBN00TRrs0Fq1m1bhravwJ1RFzYoSHCN&amp;index=0\" width=\"640\" height=\"360\" frameborder=\"0\"><\/iframe><\/p>\n<p>&nbsp;<\/p>\n<hr \/>\n<p><a href=\"https:\/\/anniesonnenberg.de\/wordpress\/ueber-mich\/interaktiv\/gaestebuch\/\" target=\"_blank\" rel=\"noopener\"><img loading=\"lazy\" decoding=\"async\" class=\"size-medium wp-image-1566 aligncenter\" src=\"https:\/\/anniesonnenberg.de\/wordpress\/wp-content\/uploads\/2022\/01\/gbook-300x138.jpg\" alt=\"\" width=\"300\" height=\"138\" srcset=\"https:\/\/anniesonnenberg.de\/wordpress\/wp-content\/uploads\/2022\/01\/gbook-300x138.jpg 300w, https:\/\/anniesonnenberg.de\/wordpress\/wp-content\/uploads\/2022\/01\/gbook-1024x470.jpg 1024w, https:\/\/anniesonnenberg.de\/wordpress\/wp-content\/uploads\/2022\/01\/gbook-768x353.jpg 768w, https:\/\/anniesonnenberg.de\/wordpress\/wp-content\/uploads\/2022\/01\/gbook-1536x706.jpg 1536w, https:\/\/anniesonnenberg.de\/wordpress\/wp-content\/uploads\/2022\/01\/gbook-2048x941.jpg 2048w, https:\/\/anniesonnenberg.de\/wordpress\/wp-content\/uploads\/2022\/01\/gbook-500x230.jpg 500w\" sizes=\"auto, (max-width: 300px) 100vw, 300px\" \/><\/a><\/p>\n","protected":false},"excerpt":{"rendered":"<p>Unbemerkt von der \u00fcberregionalen \u00d6ffentlichkeit ist in Braunschweig der absurde Fall eingetreten, dass nur 40 m von Wohnbebauung und in Sichtweite von Schulen mit einem Ma\u00df an Radioaktivit\u00e4t umgegangen werden darf, das 300x so viel strahlt wie die Atomm\u00fcllf\u00e4sser in &hellip; <a href=\"https:\/\/anniesonnenberg.de\/wordpress\/engagement\/kein-atommuell-im-wohngebiet\/videos\/\">Weiterlesen <span class=\"meta-nav\">&rarr;<\/span><\/a><\/p>\n","protected":false},"author":1,"featured_media":0,"parent":247,"menu_order":20,"comment_status":"closed","ping_status":"closed","template":"","meta":{"footnotes":""},"class_list":["post-277","page","type-page","status-publish","hentry"],"aioseo_notices":[],"_links":{"self":[{"href":"https:\/\/anniesonnenberg.de\/wordpress\/wp-json\/wp\/v2\/pages\/277","targetHints":{"allow":["GET"]}}],"collection":[{"href":"https:\/\/anniesonnenberg.de\/wordpress\/wp-json\/wp\/v2\/pages"}],"about":[{"href":"https:\/\/anniesonnenberg.de\/wordpress\/wp-json\/wp\/v2\/types\/page"}],"author":[{"embeddable":true,"href":"https:\/\/anniesonnenberg.de\/wordpress\/wp-json\/wp\/v2\/users\/1"}],"replies":[{"embeddable":true,"href":"https:\/\/anniesonnenberg.de\/wordpress\/wp-json\/wp\/v2\/comments?post=277"}],"version-history":[{"count":8,"href":"https:\/\/anniesonnenberg.de\/wordpress\/wp-json\/wp\/v2\/pages\/277\/revisions"}],"predecessor-version":[{"id":1609,"href":"https:\/\/anniesonnenberg.de\/wordpress\/wp-json\/wp\/v2\/pages\/277\/revisions\/1609"}],"up":[{"embeddable":true,"href":"https:\/\/anniesonnenberg.de\/wordpress\/wp-json\/wp\/v2\/pages\/247"}],"wp:attachment":[{"href":"https:\/\/anniesonnenberg.de\/wordpress\/wp-json\/wp\/v2\/media?parent=277"}],"curies":[{"name":"wp","href":"https:\/\/api.w.org\/{rel}","templated":true}]}}