{"id":247,"date":"2015-11-14T22:50:32","date_gmt":"2015-11-14T21:50:32","guid":{"rendered":"http:\/\/anniesonnenberg.de\/wordpress\/?page_id=247"},"modified":"2022-05-18T15:27:32","modified_gmt":"2022-05-18T13:27:32","slug":"kein-atommuell-im-wohngebiet","status":"publish","type":"page","link":"https:\/\/anniesonnenberg.de\/wordpress\/engagement\/kein-atommuell-im-wohngebiet\/","title":{"rendered":"Atomm\u00fcll im Wohngebiet"},"content":{"rendered":"<p>In Braunschweig befindet sich eine Nuklearmedizin-Firma, die europaweit auch mit der Konditionierung von Atomm\u00fcll wirbt, nur knappe 40 Meter vom n\u00e4chsten Wohnhaus entfernt. Schulen stehen in Sichtweite. Aufgrund von Genehmigungen, die den Umgang mit Nuklidaktivit\u00e4ten im Umfang des 300-fachen des ASSE-II-Inventars erm\u00f6glichen, ist der Betrieb dabei, sich gegen den Widerstand weiter Teile der Bev\u00f6lkerung zu erweitern.<\/p>\n<p>Viele Menschen hier erkennen den Nutzen der Nuklearmedizin und der Atomm\u00fcllkonditionierung an, halten aber den Standort f\u00fcr absolut ungeeignet und w\u00fcnschen sich eine Umsiedlung der Firma. Leider sto\u00dfen die Bem\u00fchungen darum seit Jahren auf Widerstand, weil finanziellen oder politischen Erw\u00e4gungen Vorrang vor Gesundheitsschutz und offenbar auch gesundem Menschenverstand gegeben wird.<\/p>\n<p>Als Braunschweiger B\u00fcrgerin engagiere ich mich deshalb in der als gemeinn\u00fctzig anerkannten <a href=\"http:\/\/www.biss-braunschweig.de\">B\u00fcrgerinitiative Strahlenschutz Braunschweig (BISS)<\/a> e.V. Deren Arbeit ist derzeit (2021) von besonderer Wichtigkeit: Einige AnwohnerInnen klagen vor Gericht gegen die Umgangsgenehmigung, die in der bestehenden Form heute nirgendwo in Deutschland mehr genehmigungsf\u00e4hig w\u00e4re.<\/p>\n<ul>\n<li>Hier geht es zu <a href=\"https:\/\/anniesonnenberg.de\/wordpress\/engagement\/eules-kolumne\/\" target=\"_blank\" rel=\"noopener\">meiner Artikelserie &#8222;Eules Kolumne&#8220;<\/a>.<\/li>\n<li>Hier findet Ihr den <a href=\"https:\/\/www.youtube.com\/user\/BISSbraunschweig\" target=\"_blank\" rel=\"noopener\">Youtube-Auftritt der BISS<\/a>.<\/li>\n<li>Die BISS ist auf <a href=\"https:\/\/www.instagram.com\/biss_braunschweig\/\" target=\"_blank\" rel=\"noopener\">Instagram<\/a> unterwegs.<\/li>\n<li>Aktuelles zur BISS findet Ihr auf der <a href=\"http:\/\/www.biss-braunschweig.de\" target=\"_blank\" rel=\"noopener\">Homepage<\/a> der B\u00fcrgerinitiative Strahlenschutz.<\/li>\n<\/ul>\n<p><iframe loading=\"lazy\" title=\"Gerade jetzt - in Braunschweigs Norden\" width=\"584\" height=\"329\" src=\"https:\/\/www.youtube.com\/embed\/5IFywtlRCnM?feature=oembed\" frameborder=\"0\" allow=\"accelerometer; autoplay; clipboard-write; encrypted-media; gyroscope; picture-in-picture; web-share\" referrerpolicy=\"strict-origin-when-cross-origin\" allowfullscreen><\/iframe><\/p>\n<p>&nbsp;<\/p>\n<p>&nbsp;<\/p>\n","protected":false},"excerpt":{"rendered":"<p>In Braunschweig befindet sich eine Nuklearmedizin-Firma, die europaweit auch mit der Konditionierung von Atomm\u00fcll wirbt, nur knappe 40 Meter vom n\u00e4chsten Wohnhaus entfernt. Schulen stehen in Sichtweite. Aufgrund von Genehmigungen, die den Umgang mit Nuklidaktivit\u00e4ten im Umfang des 300-fachen des &hellip; <a href=\"https:\/\/anniesonnenberg.de\/wordpress\/engagement\/kein-atommuell-im-wohngebiet\/\">Weiterlesen <span class=\"meta-nav\">&rarr;<\/span><\/a><\/p>\n","protected":false},"author":1,"featured_media":0,"parent":20,"menu_order":10,"comment_status":"closed","ping_status":"closed","template":"","meta":{"footnotes":""},"class_list":["post-247","page","type-page","status-publish","hentry"],"aioseo_notices":[],"_links":{"self":[{"href":"https:\/\/anniesonnenberg.de\/wordpress\/wp-json\/wp\/v2\/pages\/247","targetHints":{"allow":["GET"]}}],"collection":[{"href":"https:\/\/anniesonnenberg.de\/wordpress\/wp-json\/wp\/v2\/pages"}],"about":[{"href":"https:\/\/anniesonnenberg.de\/wordpress\/wp-json\/wp\/v2\/types\/page"}],"author":[{"embeddable":true,"href":"https:\/\/anniesonnenberg.de\/wordpress\/wp-json\/wp\/v2\/users\/1"}],"replies":[{"embeddable":true,"href":"https:\/\/anniesonnenberg.de\/wordpress\/wp-json\/wp\/v2\/comments?post=247"}],"version-history":[{"count":6,"href":"https:\/\/anniesonnenberg.de\/wordpress\/wp-json\/wp\/v2\/pages\/247\/revisions"}],"predecessor-version":[{"id":1429,"href":"https:\/\/anniesonnenberg.de\/wordpress\/wp-json\/wp\/v2\/pages\/247\/revisions\/1429"}],"up":[{"embeddable":true,"href":"https:\/\/anniesonnenberg.de\/wordpress\/wp-json\/wp\/v2\/pages\/20"}],"wp:attachment":[{"href":"https:\/\/anniesonnenberg.de\/wordpress\/wp-json\/wp\/v2\/media?parent=247"}],"curies":[{"name":"wp","href":"https:\/\/api.w.org\/{rel}","templated":true}]}}