{"id":240,"date":"2015-11-14T22:21:18","date_gmt":"2015-11-14T21:21:18","guid":{"rendered":"http:\/\/anniesonnenberg.de\/wordpress\/?page_id=240"},"modified":"2024-03-27T13:56:33","modified_gmt":"2024-03-27T12:56:33","slug":"prosa","status":"publish","type":"page","link":"https:\/\/anniesonnenberg.de\/wordpress\/prosa\/","title":{"rendered":"B\u00fccher und Kurzgeschichten"},"content":{"rendered":"<p>Hier findet Ihr meine <a href=\"https:\/\/anniesonnenberg.de\/wordpress\/prosa\/romane\/\" target=\"_blank\" rel=\"noopener\">Romane<\/a>, <a href=\"https:\/\/anniesonnenberg.de\/wordpress\/prosa\/kurzgeschichten\/\" target=\"_blank\" rel=\"noopener\">Kurzgeschichten<\/a> und <a href=\"https:\/\/anniesonnenberg.de\/wordpress\/prosa\/romane\/\" target=\"_blank\" rel=\"noopener\">Erz\u00e4hlungen<\/a>.<\/p>\n<p>Meine B\u00fccher lassen sich oft nur marginal in Genres bzw. Sub-Genres einordnen, weil ich mir den Luxus g\u00f6nne, jedes Buch ein Unikat sein zu lassen. Wenn es mir notwendig erscheint, pfeife ich schon mal auf die gewohnte Anzahl an Seiten oder auf Konventionen. Mir ist wichtig, dass am Ende eine Geschichte entstanden ist, die ich auch selbst noch nach vielen Jahren gerne zur Hand nehme.<\/p>\n<p><strong>Ein Hinweis in eigener Sache:<\/strong> Bei Bestellungen \u00fcber <a href=\"https:\/\/www.epubli.com\/shop\/reflexionsraeume-9783758441080\"><strong>epubli.com<\/strong><\/a> bekomme ich ein deutlich h\u00f6heres Honorar. Danke!<\/p>\n","protected":false},"excerpt":{"rendered":"<p>Hier findet Ihr meine Romane, Kurzgeschichten und Erz\u00e4hlungen. Meine B\u00fccher lassen sich oft nur marginal in Genres bzw. Sub-Genres einordnen, weil ich mir den Luxus g\u00f6nne, jedes Buch ein Unikat sein zu lassen. Wenn es mir notwendig erscheint, pfeife ich &hellip; <a href=\"https:\/\/anniesonnenberg.de\/wordpress\/prosa\/\">Weiterlesen <span class=\"meta-nav\">&rarr;<\/span><\/a><\/p>\n","protected":false},"author":1,"featured_media":0,"parent":0,"menu_order":20,"comment_status":"closed","ping_status":"closed","template":"","meta":{"footnotes":""},"class_list":["post-240","page","type-page","status-publish","hentry"],"aioseo_notices":[],"_links":{"self":[{"href":"https:\/\/anniesonnenberg.de\/wordpress\/wp-json\/wp\/v2\/pages\/240","targetHints":{"allow":["GET"]}}],"collection":[{"href":"https:\/\/anniesonnenberg.de\/wordpress\/wp-json\/wp\/v2\/pages"}],"about":[{"href":"https:\/\/anniesonnenberg.de\/wordpress\/wp-json\/wp\/v2\/types\/page"}],"author":[{"embeddable":true,"href":"https:\/\/anniesonnenberg.de\/wordpress\/wp-json\/wp\/v2\/users\/1"}],"replies":[{"embeddable":true,"href":"https:\/\/anniesonnenberg.de\/wordpress\/wp-json\/wp\/v2\/comments?post=240"}],"version-history":[{"count":8,"href":"https:\/\/anniesonnenberg.de\/wordpress\/wp-json\/wp\/v2\/pages\/240\/revisions"}],"predecessor-version":[{"id":2199,"href":"https:\/\/anniesonnenberg.de\/wordpress\/wp-json\/wp\/v2\/pages\/240\/revisions\/2199"}],"wp:attachment":[{"href":"https:\/\/anniesonnenberg.de\/wordpress\/wp-json\/wp\/v2\/media?parent=240"}],"curies":[{"name":"wp","href":"https:\/\/api.w.org\/{rel}","templated":true}]}}