{"id":2056,"date":"2023-10-10T18:02:27","date_gmt":"2023-10-10T16:02:27","guid":{"rendered":"https:\/\/anniesonnenberg.de\/wordpress\/?page_id=2056"},"modified":"2025-01-19T13:04:31","modified_gmt":"2025-01-19T12:04:31","slug":"fanfiction","status":"publish","type":"page","link":"https:\/\/anniesonnenberg.de\/wordpress\/fanfiction\/","title":{"rendered":"Projekte"},"content":{"rendered":"<p>Die in dieser Sektion befindlichen Werke sind zum Lesen und H\u00f6ren f\u00fcr Gleichgesinnte da und selbstverst\u00e4ndlich unverk\u00e4uflich; alle Rechte an den urspr\u00fcnglichen Charakteren, dem Setting usw. verbleiben bei den UrheberInnen von &#8222;KungFu: The Legend Continues&#8220; \/ &#8222;KungFu: Im Zeichen des Drachen&#8220;.<\/p>\n<p>.<\/p>\n","protected":false},"excerpt":{"rendered":"<p>Die in dieser Sektion befindlichen Werke sind zum Lesen und H\u00f6ren f\u00fcr Gleichgesinnte da und selbstverst\u00e4ndlich unverk\u00e4uflich; alle Rechte an den urspr\u00fcnglichen Charakteren, dem Setting usw. verbleiben bei den UrheberInnen von &#8222;KungFu: The Legend Continues&#8220; \/ &#8222;KungFu: Im Zeichen des &hellip; <a href=\"https:\/\/anniesonnenberg.de\/wordpress\/fanfiction\/\">Weiterlesen <span class=\"meta-nav\">&rarr;<\/span><\/a><\/p>\n","protected":false},"author":1,"featured_media":0,"parent":0,"menu_order":31,"comment_status":"closed","ping_status":"closed","template":"","meta":{"footnotes":""},"class_list":["post-2056","page","type-page","status-publish","hentry"],"aioseo_notices":[],"_links":{"self":[{"href":"https:\/\/anniesonnenberg.de\/wordpress\/wp-json\/wp\/v2\/pages\/2056","targetHints":{"allow":["GET"]}}],"collection":[{"href":"https:\/\/anniesonnenberg.de\/wordpress\/wp-json\/wp\/v2\/pages"}],"about":[{"href":"https:\/\/anniesonnenberg.de\/wordpress\/wp-json\/wp\/v2\/types\/page"}],"author":[{"embeddable":true,"href":"https:\/\/anniesonnenberg.de\/wordpress\/wp-json\/wp\/v2\/users\/1"}],"replies":[{"embeddable":true,"href":"https:\/\/anniesonnenberg.de\/wordpress\/wp-json\/wp\/v2\/comments?post=2056"}],"version-history":[{"count":5,"href":"https:\/\/anniesonnenberg.de\/wordpress\/wp-json\/wp\/v2\/pages\/2056\/revisions"}],"predecessor-version":[{"id":2292,"href":"https:\/\/anniesonnenberg.de\/wordpress\/wp-json\/wp\/v2\/pages\/2056\/revisions\/2292"}],"wp:attachment":[{"href":"https:\/\/anniesonnenberg.de\/wordpress\/wp-json\/wp\/v2\/media?parent=2056"}],"curies":[{"name":"wp","href":"https:\/\/api.w.org\/{rel}","templated":true}]}}