{"id":200,"date":"2015-11-13T07:23:09","date_gmt":"2015-11-13T06:23:09","guid":{"rendered":"http:\/\/anniesonnenberg.de\/wordpress\/?page_id=200"},"modified":"2023-10-15T12:34:25","modified_gmt":"2023-10-15T10:34:25","slug":"hoerbares","status":"publish","type":"page","link":"https:\/\/anniesonnenberg.de\/wordpress\/hoerbares\/","title":{"rendered":"H\u00f6rb\u00fccher"},"content":{"rendered":"<p>Hier gibt&#8217;s was auffe Ohren: Lust auf H\u00f6rbuch? Ich hab da schon mal was eingelesen und f\u00fcr Euch auf meinem <a href=\"https:\/\/www.youtube.com\/user\/anniesonnenberg\">YouTube-Account<\/a> ver\u00f6ffentlicht. Wer&#8217;s lieber als mp3 mag, schaut einfach in die Artikel zum jeweiligen Text.<\/p>\n<p>#h\u00f6rbuch<br \/>\n#audiobook<br \/>\n#wasauffeohren<\/p>\n<p>https:\/\/www.youtube.com\/watch?v=cz1QdIRUOUs<\/p>\n<p>&nbsp;<\/p>\n<hr \/>\n<p><a href=\"https:\/\/anniesonnenberg.de\/wordpress\/ueber-mich\/interaktiv\/gaestebuch\/\" target=\"_blank\" rel=\"noopener\"><img loading=\"lazy\" decoding=\"async\" class=\"size-medium wp-image-1566 aligncenter\" src=\"https:\/\/anniesonnenberg.de\/wordpress\/wp-content\/uploads\/2022\/01\/gbook-300x138.jpg\" alt=\"\" width=\"300\" height=\"138\" srcset=\"https:\/\/anniesonnenberg.de\/wordpress\/wp-content\/uploads\/2022\/01\/gbook-300x138.jpg 300w, https:\/\/anniesonnenberg.de\/wordpress\/wp-content\/uploads\/2022\/01\/gbook-1024x470.jpg 1024w, https:\/\/anniesonnenberg.de\/wordpress\/wp-content\/uploads\/2022\/01\/gbook-768x353.jpg 768w, https:\/\/anniesonnenberg.de\/wordpress\/wp-content\/uploads\/2022\/01\/gbook-1536x706.jpg 1536w, https:\/\/anniesonnenberg.de\/wordpress\/wp-content\/uploads\/2022\/01\/gbook-2048x941.jpg 2048w, https:\/\/anniesonnenberg.de\/wordpress\/wp-content\/uploads\/2022\/01\/gbook-500x230.jpg 500w\" sizes=\"auto, (max-width: 300px) 100vw, 300px\" \/><\/a><\/p>\n<p>&nbsp;<\/p>\n","protected":false},"excerpt":{"rendered":"<p>Hier gibt&#8217;s was auffe Ohren: Lust auf H\u00f6rbuch? Ich hab da schon mal was eingelesen und f\u00fcr Euch auf meinem YouTube-Account ver\u00f6ffentlicht. Wer&#8217;s lieber als mp3 mag, schaut einfach in die Artikel zum jeweiligen Text. #h\u00f6rbuch #audiobook #wasauffeohren https:\/\/www.youtube.com\/watch?v=cz1QdIRUOUs &nbsp; &hellip; <a href=\"https:\/\/anniesonnenberg.de\/wordpress\/hoerbares\/\">Weiterlesen <span class=\"meta-nav\">&rarr;<\/span><\/a><\/p>\n","protected":false},"author":1,"featured_media":0,"parent":0,"menu_order":80,"comment_status":"closed","ping_status":"closed","template":"","meta":{"footnotes":""},"class_list":["post-200","page","type-page","status-publish","hentry"],"aioseo_notices":[],"_links":{"self":[{"href":"https:\/\/anniesonnenberg.de\/wordpress\/wp-json\/wp\/v2\/pages\/200","targetHints":{"allow":["GET"]}}],"collection":[{"href":"https:\/\/anniesonnenberg.de\/wordpress\/wp-json\/wp\/v2\/pages"}],"about":[{"href":"https:\/\/anniesonnenberg.de\/wordpress\/wp-json\/wp\/v2\/types\/page"}],"author":[{"embeddable":true,"href":"https:\/\/anniesonnenberg.de\/wordpress\/wp-json\/wp\/v2\/users\/1"}],"replies":[{"embeddable":true,"href":"https:\/\/anniesonnenberg.de\/wordpress\/wp-json\/wp\/v2\/comments?post=200"}],"version-history":[{"count":17,"href":"https:\/\/anniesonnenberg.de\/wordpress\/wp-json\/wp\/v2\/pages\/200\/revisions"}],"predecessor-version":[{"id":2072,"href":"https:\/\/anniesonnenberg.de\/wordpress\/wp-json\/wp\/v2\/pages\/200\/revisions\/2072"}],"wp:attachment":[{"href":"https:\/\/anniesonnenberg.de\/wordpress\/wp-json\/wp\/v2\/media?parent=200"}],"curies":[{"name":"wp","href":"https:\/\/api.w.org\/{rel}","templated":true}]}}