{"id":196,"date":"2015-10-29T09:23:57","date_gmt":"2015-10-29T08:23:57","guid":{"rendered":"http:\/\/anniesonnenberg.de\/wordpress\/?page_id=196"},"modified":"2025-01-18T18:18:36","modified_gmt":"2025-01-18T17:18:36","slug":"ueber-mich","status":"publish","type":"page","link":"https:\/\/anniesonnenberg.de\/wordpress\/ueber-mich\/","title":{"rendered":"Info"},"content":{"rendered":"<p><strong>Lust auf Literarisches? &#8211; Willkommen in meinem virtuellen B\u00fccherschrank!<\/strong><\/p>\n<p><a href=\"https:\/\/anniesonnenberg.de\/wordpress\/wp-content\/uploads\/2025\/01\/DSC_2025-01-14_Autorenfoto_ASonnenberg_2-scaled.jpg\"><img loading=\"lazy\" decoding=\"async\" class=\"alignleft size-medium wp-image-2259\" src=\"https:\/\/anniesonnenberg.de\/wordpress\/wp-content\/uploads\/2025\/01\/DSC_2025-01-14_Autorenfoto_ASonnenberg_2-221x300.jpg\" alt=\"\" width=\"221\" height=\"300\" srcset=\"https:\/\/anniesonnenberg.de\/wordpress\/wp-content\/uploads\/2025\/01\/DSC_2025-01-14_Autorenfoto_ASonnenberg_2-221x300.jpg 221w, https:\/\/anniesonnenberg.de\/wordpress\/wp-content\/uploads\/2025\/01\/DSC_2025-01-14_Autorenfoto_ASonnenberg_2-753x1024.jpg 753w, https:\/\/anniesonnenberg.de\/wordpress\/wp-content\/uploads\/2025\/01\/DSC_2025-01-14_Autorenfoto_ASonnenberg_2-768x1044.jpg 768w, https:\/\/anniesonnenberg.de\/wordpress\/wp-content\/uploads\/2025\/01\/DSC_2025-01-14_Autorenfoto_ASonnenberg_2-1129x1536.jpg 1129w, https:\/\/anniesonnenberg.de\/wordpress\/wp-content\/uploads\/2025\/01\/DSC_2025-01-14_Autorenfoto_ASonnenberg_2-1506x2048.jpg 1506w, https:\/\/anniesonnenberg.de\/wordpress\/wp-content\/uploads\/2025\/01\/DSC_2025-01-14_Autorenfoto_ASonnenberg_2-scaled.jpg 1882w\" sizes=\"auto, (max-width: 221px) 100vw, 221px\" \/><\/a>Hier finden Denkfreunde und -freundinnen Informationen \u00fcber meine Ver\u00f6ffentlichungen. Ich stelle sowohl im Handel erh\u00e4ltliche Werke vor als auch solche, die man direkt auf der Webseite lesen oder herunterladen kann. Viele davon finden sich zus\u00e4tzlich als H\u00f6rb\u00fccher auf meinem Youtube-Account. Viel Freude beim St\u00f6bern!<\/p>\n<div class=\"entry-content\">\n<p>Die Themenbereiche sind breit gestreut: Von chinesischer Medizin zu katholischem Kirchenrecht, von Bildungspolitik zu Tierliebe \u2013 um nur einige zu nennen. Es gibt Kriminalistisches, Fantasy, Essays, Lyrik, Gutenachtgeschichten\u2026 und was sonst noch so an Literarischem herumschwirrt, reizt mich bestimmt \u00fcber kurz oder lang. Es w\u00e4re sch\u00f6n, wenn Leser und Autorin dar\u00fcber ins Gespr\u00e4ch k\u00e4men: Nutzt gern das\u00a0<strong><a class=\"wikilink1\" title=\"kontakt:kontakt\" href=\"http:\/\/anniesonnenberg.de\/doku.php?id=kontakt:kontakt\">Kontaktformular<\/a><\/strong>!<\/p>\n<p><strong>\u00dcbrigens:<\/strong><br \/>\nNeuigkeiten \u00fcber meine Schreibprojekte gibt\u2019s auch auf <strong><a class=\"urlextern\" title=\"http:\/\/www.facebook.com\/anniesonnenberg\" href=\"https:\/\/www.facebook.com\/nordseenerd\" target=\"_blank\" rel=\"nofollow noopener noreferrer\">Facebook<\/a><\/strong>, <a href=\"https:\/\/www.instagram.com\/annie.sonnenberg\/\" target=\"_blank\" rel=\"noopener noreferrer\"><strong>Instagram<\/strong><\/a> und <strong><a class=\"urlextern\" title=\"http:\/\/www.youtube.com\/user\/anniesonnenberg\" href=\"http:\/\/www.youtube.com\/user\/anniesonnenberg\" target=\"plain\" rel=\"nofollow noopener noreferrer\">Youtube<\/a><\/strong>.<\/p>\n<\/div>\n","protected":false},"excerpt":{"rendered":"<p>Lust auf Literarisches? &#8211; Willkommen in meinem virtuellen B\u00fccherschrank! Hier finden Denkfreunde und -freundinnen Informationen \u00fcber meine Ver\u00f6ffentlichungen. Ich stelle sowohl im Handel erh\u00e4ltliche Werke vor als auch solche, die man direkt auf der Webseite lesen oder herunterladen kann. Viele &hellip; <a href=\"https:\/\/anniesonnenberg.de\/wordpress\/ueber-mich\/\">Weiterlesen <span class=\"meta-nav\">&rarr;<\/span><\/a><\/p>\n","protected":false},"author":1,"featured_media":0,"parent":0,"menu_order":100,"comment_status":"closed","ping_status":"closed","template":"","meta":{"footnotes":""},"class_list":["post-196","page","type-page","status-publish","hentry"],"aioseo_notices":[],"_links":{"self":[{"href":"https:\/\/anniesonnenberg.de\/wordpress\/wp-json\/wp\/v2\/pages\/196","targetHints":{"allow":["GET"]}}],"collection":[{"href":"https:\/\/anniesonnenberg.de\/wordpress\/wp-json\/wp\/v2\/pages"}],"about":[{"href":"https:\/\/anniesonnenberg.de\/wordpress\/wp-json\/wp\/v2\/types\/page"}],"author":[{"embeddable":true,"href":"https:\/\/anniesonnenberg.de\/wordpress\/wp-json\/wp\/v2\/users\/1"}],"replies":[{"embeddable":true,"href":"https:\/\/anniesonnenberg.de\/wordpress\/wp-json\/wp\/v2\/comments?post=196"}],"version-history":[{"count":10,"href":"https:\/\/anniesonnenberg.de\/wordpress\/wp-json\/wp\/v2\/pages\/196\/revisions"}],"predecessor-version":[{"id":2262,"href":"https:\/\/anniesonnenberg.de\/wordpress\/wp-json\/wp\/v2\/pages\/196\/revisions\/2262"}],"wp:attachment":[{"href":"https:\/\/anniesonnenberg.de\/wordpress\/wp-json\/wp\/v2\/media?parent=196"}],"curies":[{"name":"wp","href":"https:\/\/api.w.org\/{rel}","templated":true}]}}