{"id":181,"date":"2015-07-27T18:20:13","date_gmt":"2015-07-27T16:20:13","guid":{"rendered":"http:\/\/anniesonnenberg.de\/wordpress\/?page_id=181"},"modified":"2022-08-05T13:14:21","modified_gmt":"2022-08-05T11:14:21","slug":"psalm-148-und-sonnengesang","status":"publish","type":"page","link":"https:\/\/anniesonnenberg.de\/wordpress\/engagement\/religion\/psalm-148-und-sonnengesang\/","title":{"rendered":"Psalm 148 und Sonnengesang"},"content":{"rendered":"<h2 id=\"psalm_148_und_der_sonnengesang_des_franziskus\" class=\"sectionedit22\">Psalm 148 und der Sonnengesang des Franziskus<\/h2>\n<div class=\"level2\">\n<p>Ein Vergleich zweier gro\u00dfartiger sch\u00f6pfungstheologischer Lieder. Der Aufsatz stammt aus den neunziger Jahren und liegt hier in leicht ver\u00e4nderter Form vor; die urspr\u00fcngliche Arbeit wurde damals mit 1,0 bewertet.<\/p>\n<p>Download: <strong><a class=\"urlextern\" title=\"http:\/\/www.anniesonnenberg.de\/psalm148_und_cantico.pdf\" href=\"http:\/\/www.anniesonnenberg.de\/psalm148_und_cantico.pdf\" target=\"plain\" rel=\"nofollow noopener noreferrer\">Reflexionen \u00fcber Psalm 148 im Vergleich mit dem Sonnengesang des Franziskus von Assisi.pdf<\/a><\/strong><\/p>\n<p>&nbsp;<\/p>\n<hr \/>\n<p><a href=\"https:\/\/anniesonnenberg.de\/wordpress\/ueber-mich\/interaktiv\/gaestebuch\/\" target=\"_blank\" rel=\"noopener\"><img loading=\"lazy\" decoding=\"async\" class=\"size-medium wp-image-1566 aligncenter\" src=\"https:\/\/anniesonnenberg.de\/wordpress\/wp-content\/uploads\/2022\/01\/gbook-300x138.jpg\" alt=\"\" width=\"300\" height=\"138\" srcset=\"https:\/\/anniesonnenberg.de\/wordpress\/wp-content\/uploads\/2022\/01\/gbook-300x138.jpg 300w, https:\/\/anniesonnenberg.de\/wordpress\/wp-content\/uploads\/2022\/01\/gbook-1024x470.jpg 1024w, https:\/\/anniesonnenberg.de\/wordpress\/wp-content\/uploads\/2022\/01\/gbook-768x353.jpg 768w, https:\/\/anniesonnenberg.de\/wordpress\/wp-content\/uploads\/2022\/01\/gbook-1536x706.jpg 1536w, https:\/\/anniesonnenberg.de\/wordpress\/wp-content\/uploads\/2022\/01\/gbook-2048x941.jpg 2048w, https:\/\/anniesonnenberg.de\/wordpress\/wp-content\/uploads\/2022\/01\/gbook-500x230.jpg 500w\" sizes=\"auto, (max-width: 300px) 100vw, 300px\" \/><\/a><\/p>\n<\/div>\n","protected":false},"excerpt":{"rendered":"<p>Psalm 148 und der Sonnengesang des Franziskus Ein Vergleich zweier gro\u00dfartiger sch\u00f6pfungstheologischer Lieder. Der Aufsatz stammt aus den neunziger Jahren und liegt hier in leicht ver\u00e4nderter Form vor; die urspr\u00fcngliche Arbeit wurde damals mit 1,0 bewertet. Download: Reflexionen \u00fcber Psalm &hellip; <a href=\"https:\/\/anniesonnenberg.de\/wordpress\/engagement\/religion\/psalm-148-und-sonnengesang\/\">Weiterlesen <span class=\"meta-nav\">&rarr;<\/span><\/a><\/p>\n","protected":false},"author":1,"featured_media":0,"parent":174,"menu_order":50,"comment_status":"closed","ping_status":"closed","template":"","meta":{"footnotes":""},"class_list":["post-181","page","type-page","status-publish","hentry"],"aioseo_notices":[],"_links":{"self":[{"href":"https:\/\/anniesonnenberg.de\/wordpress\/wp-json\/wp\/v2\/pages\/181","targetHints":{"allow":["GET"]}}],"collection":[{"href":"https:\/\/anniesonnenberg.de\/wordpress\/wp-json\/wp\/v2\/pages"}],"about":[{"href":"https:\/\/anniesonnenberg.de\/wordpress\/wp-json\/wp\/v2\/types\/page"}],"author":[{"embeddable":true,"href":"https:\/\/anniesonnenberg.de\/wordpress\/wp-json\/wp\/v2\/users\/1"}],"replies":[{"embeddable":true,"href":"https:\/\/anniesonnenberg.de\/wordpress\/wp-json\/wp\/v2\/comments?post=181"}],"version-history":[{"count":5,"href":"https:\/\/anniesonnenberg.de\/wordpress\/wp-json\/wp\/v2\/pages\/181\/revisions"}],"predecessor-version":[{"id":2036,"href":"https:\/\/anniesonnenberg.de\/wordpress\/wp-json\/wp\/v2\/pages\/181\/revisions\/2036"}],"up":[{"embeddable":true,"href":"https:\/\/anniesonnenberg.de\/wordpress\/wp-json\/wp\/v2\/pages\/174"}],"wp:attachment":[{"href":"https:\/\/anniesonnenberg.de\/wordpress\/wp-json\/wp\/v2\/media?parent=181"}],"curies":[{"name":"wp","href":"https:\/\/api.w.org\/{rel}","templated":true}]}}