{"id":18,"date":"2015-07-26T17:53:07","date_gmt":"2015-07-26T15:53:07","guid":{"rendered":"http:\/\/anniesonnenberg.de\/wordpress\/?page_id=18"},"modified":"2023-10-10T17:55:29","modified_gmt":"2023-10-10T15:55:29","slug":"lyrik","status":"publish","type":"page","link":"https:\/\/anniesonnenberg.de\/wordpress\/lyrik\/","title":{"rendered":"Dancing With Words"},"content":{"rendered":"<hr \/>\n<div class=\"level3\">\n<div class=\"level3\">\n<p><a href=\"https:\/\/anniesonnenberg.de\/wordpress\/wp-content\/uploads\/2020\/07\/line1.png\"><img loading=\"lazy\" decoding=\"async\" class=\"alignnone wp-image-860 size-full\" src=\"https:\/\/anniesonnenberg.de\/wordpress\/wp-content\/uploads\/2020\/07\/line1.png\" sizes=\"auto, (max-width: 596px) 100vw, 596px\" srcset=\"https:\/\/anniesonnenberg.de\/wordpress\/wp-content\/uploads\/2020\/07\/line1.png 596w, https:\/\/anniesonnenberg.de\/wordpress\/wp-content\/uploads\/2020\/07\/line1-300x52.png 300w, https:\/\/anniesonnenberg.de\/wordpress\/wp-content\/uploads\/2020\/07\/line1-500x87.png 500w\" alt=\"\" width=\"596\" height=\"104\" \/><\/a><\/p>\n<hr \/>\n<\/div>\n<\/div>\n<p><strong>Wer sich auf Verse einl\u00e4sst, schwimmt im Rhythmus des Lebens &#8211; Sprache ist Musik. Genie\u00dft vielf\u00e4ltige Alltagslyrik rund um das Leben, das Universum und den ganzen Rest!<\/strong> \ud83d\ude09<\/p>\n<p>Bislang k\u00f6nnt Ihr in diesen Kategorien st\u00f6bern:<\/p>\n<ul>\n<li><a href=\"https:\/\/anniesonnenberg.de\/wordpress\/lyrik\/schmunzellektuere\/\" target=\"_blank\" rel=\"noopener noreferrer\">Schmunzellekt\u00fcre<\/a><\/li>\n<li><a href=\"https:\/\/anniesonnenberg.de\/wordpress\/lyrik\/sprachspielereien\/\" target=\"_blank\" rel=\"noopener noreferrer\">Sprachspielereien<\/a><\/li>\n<li><a href=\"https:\/\/anniesonnenberg.de\/wordpress\/lyrik\/nachdenkliches\/\" target=\"_blank\" rel=\"noopener noreferrer\">Nachdenkliches<\/a><\/li>\n<li><a href=\"https:\/\/anniesonnenberg.de\/wordpress\/lyrik\/lyrical-musings\/\">Poetry (englischsprachige Verse)<\/a><\/li>\n<\/ul>\n<div class=\"level3\">\n<div class=\"level3\">\n<hr \/>\n<p><a href=\"https:\/\/anniesonnenberg.de\/wordpress\/wp-content\/uploads\/2020\/07\/line1.png\"><img loading=\"lazy\" decoding=\"async\" class=\"alignnone wp-image-860 size-full\" src=\"https:\/\/anniesonnenberg.de\/wordpress\/wp-content\/uploads\/2020\/07\/line1.png\" sizes=\"auto, (max-width: 596px) 100vw, 596px\" srcset=\"https:\/\/anniesonnenberg.de\/wordpress\/wp-content\/uploads\/2020\/07\/line1.png 596w, https:\/\/anniesonnenberg.de\/wordpress\/wp-content\/uploads\/2020\/07\/line1-300x52.png 300w, https:\/\/anniesonnenberg.de\/wordpress\/wp-content\/uploads\/2020\/07\/line1-500x87.png 500w\" alt=\"\" width=\"596\" height=\"104\" \/><\/a><\/p>\n<hr \/>\n<\/div>\n<\/div>\n","protected":false},"excerpt":{"rendered":"<p>Wer sich auf Verse einl\u00e4sst, schwimmt im Rhythmus des Lebens &#8211; Sprache ist Musik. Genie\u00dft vielf\u00e4ltige Alltagslyrik rund um das Leben, das Universum und den ganzen Rest! \ud83d\ude09 Bislang k\u00f6nnt Ihr in diesen Kategorien st\u00f6bern: Schmunzellekt\u00fcre Sprachspielereien Nachdenkliches Poetry (englischsprachige &hellip; <a href=\"https:\/\/anniesonnenberg.de\/wordpress\/lyrik\/\">Weiterlesen <span class=\"meta-nav\">&rarr;<\/span><\/a><\/p>\n","protected":false},"author":1,"featured_media":0,"parent":0,"menu_order":30,"comment_status":"closed","ping_status":"closed","template":"","meta":{"footnotes":""},"class_list":["post-18","page","type-page","status-publish","hentry"],"aioseo_notices":[],"_links":{"self":[{"href":"https:\/\/anniesonnenberg.de\/wordpress\/wp-json\/wp\/v2\/pages\/18","targetHints":{"allow":["GET"]}}],"collection":[{"href":"https:\/\/anniesonnenberg.de\/wordpress\/wp-json\/wp\/v2\/pages"}],"about":[{"href":"https:\/\/anniesonnenberg.de\/wordpress\/wp-json\/wp\/v2\/types\/page"}],"author":[{"embeddable":true,"href":"https:\/\/anniesonnenberg.de\/wordpress\/wp-json\/wp\/v2\/users\/1"}],"replies":[{"embeddable":true,"href":"https:\/\/anniesonnenberg.de\/wordpress\/wp-json\/wp\/v2\/comments?post=18"}],"version-history":[{"count":9,"href":"https:\/\/anniesonnenberg.de\/wordpress\/wp-json\/wp\/v2\/pages\/18\/revisions"}],"predecessor-version":[{"id":1213,"href":"https:\/\/anniesonnenberg.de\/wordpress\/wp-json\/wp\/v2\/pages\/18\/revisions\/1213"}],"wp:attachment":[{"href":"https:\/\/anniesonnenberg.de\/wordpress\/wp-json\/wp\/v2\/media?parent=18"}],"curies":[{"name":"wp","href":"https:\/\/api.w.org\/{rel}","templated":true}]}}