{"id":179,"date":"2015-07-27T18:18:55","date_gmt":"2015-07-27T16:18:55","guid":{"rendered":"http:\/\/anniesonnenberg.de\/wordpress\/?page_id=179"},"modified":"2022-01-09T17:38:28","modified_gmt":"2022-01-09T16:38:28","slug":"der-mond-ist-aufgegangen","status":"publish","type":"page","link":"https:\/\/anniesonnenberg.de\/wordpress\/engagement\/religion\/der-mond-ist-aufgegangen\/","title":{"rendered":"Der Mond ist aufgegangen"},"content":{"rendered":"<h2 id=\"meditation_ueber_der_mond_ist_aufgegangen\" class=\"sectionedit21\">Meditation \u00fcber &#8222;Der Mond ist aufgegangen&#8220;<\/h2>\n<div class=\"level2\">\n<p>\u2026 oder warum alte Lieder nicht gleichzusetzen sind mit alten H\u00fcten. Ein meditativer Zugang zum Gedicht von Matthias Claudius bzw. dem zugeh\u00f6rigen Volkslied.<\/p>\n<p>Download: <strong><a class=\"urlextern\" title=\"http:\/\/www.anniesonnenberg.de\/meditation_der_mond_ist_aufgegangen.pdf\" href=\"http:\/\/www.anniesonnenberg.de\/meditation_der_mond_ist_aufgegangen.pdf\" target=\"plain\" rel=\"nofollow noopener noreferrer\">Meditation \u00fcber &#8222;Der Mond ist aufgegangen&#8220;.pdf<\/a><br \/>\n<\/strong><\/p>\n<p>#meditation<\/p>\n<hr \/>\n<p><a href=\"https:\/\/anniesonnenberg.de\/wordpress\/ueber-mich\/interaktiv\/gaestebuch\/\" target=\"_blank\" rel=\"noopener\"><img loading=\"lazy\" decoding=\"async\" class=\"size-medium wp-image-1566 aligncenter\" src=\"https:\/\/anniesonnenberg.de\/wordpress\/wp-content\/uploads\/2022\/01\/gbook-300x138.jpg\" alt=\"\" width=\"300\" height=\"138\" srcset=\"https:\/\/anniesonnenberg.de\/wordpress\/wp-content\/uploads\/2022\/01\/gbook-300x138.jpg 300w, https:\/\/anniesonnenberg.de\/wordpress\/wp-content\/uploads\/2022\/01\/gbook-1024x470.jpg 1024w, https:\/\/anniesonnenberg.de\/wordpress\/wp-content\/uploads\/2022\/01\/gbook-768x353.jpg 768w, https:\/\/anniesonnenberg.de\/wordpress\/wp-content\/uploads\/2022\/01\/gbook-1536x706.jpg 1536w, https:\/\/anniesonnenberg.de\/wordpress\/wp-content\/uploads\/2022\/01\/gbook-2048x941.jpg 2048w, https:\/\/anniesonnenberg.de\/wordpress\/wp-content\/uploads\/2022\/01\/gbook-500x230.jpg 500w\" sizes=\"auto, (max-width: 300px) 100vw, 300px\" \/><\/a><\/p>\n<\/div>\n","protected":false},"excerpt":{"rendered":"<p>Meditation \u00fcber &#8222;Der Mond ist aufgegangen&#8220; \u2026 oder warum alte Lieder nicht gleichzusetzen sind mit alten H\u00fcten. Ein meditativer Zugang zum Gedicht von Matthias Claudius bzw. dem zugeh\u00f6rigen Volkslied. Download: Meditation \u00fcber &#8222;Der Mond ist aufgegangen&#8220;.pdf #meditation<\/p>\n","protected":false},"author":1,"featured_media":0,"parent":174,"menu_order":40,"comment_status":"closed","ping_status":"closed","template":"","meta":{"footnotes":""},"class_list":["post-179","page","type-page","status-publish","hentry"],"aioseo_notices":[],"_links":{"self":[{"href":"https:\/\/anniesonnenberg.de\/wordpress\/wp-json\/wp\/v2\/pages\/179","targetHints":{"allow":["GET"]}}],"collection":[{"href":"https:\/\/anniesonnenberg.de\/wordpress\/wp-json\/wp\/v2\/pages"}],"about":[{"href":"https:\/\/anniesonnenberg.de\/wordpress\/wp-json\/wp\/v2\/types\/page"}],"author":[{"embeddable":true,"href":"https:\/\/anniesonnenberg.de\/wordpress\/wp-json\/wp\/v2\/users\/1"}],"replies":[{"embeddable":true,"href":"https:\/\/anniesonnenberg.de\/wordpress\/wp-json\/wp\/v2\/comments?post=179"}],"version-history":[{"count":6,"href":"https:\/\/anniesonnenberg.de\/wordpress\/wp-json\/wp\/v2\/pages\/179\/revisions"}],"predecessor-version":[{"id":1614,"href":"https:\/\/anniesonnenberg.de\/wordpress\/wp-json\/wp\/v2\/pages\/179\/revisions\/1614"}],"up":[{"embeddable":true,"href":"https:\/\/anniesonnenberg.de\/wordpress\/wp-json\/wp\/v2\/pages\/174"}],"wp:attachment":[{"href":"https:\/\/anniesonnenberg.de\/wordpress\/wp-json\/wp\/v2\/media?parent=179"}],"curies":[{"name":"wp","href":"https:\/\/api.w.org\/{rel}","templated":true}]}}