{"id":174,"date":"2015-07-27T18:11:01","date_gmt":"2015-07-27T16:11:01","guid":{"rendered":"http:\/\/anniesonnenberg.de\/wordpress\/?page_id=174"},"modified":"2022-05-20T20:21:41","modified_gmt":"2022-05-20T18:21:41","slug":"religion","status":"publish","type":"page","link":"https:\/\/anniesonnenberg.de\/wordpress\/engagement\/religion\/","title":{"rendered":"Religion"},"content":{"rendered":"<p>Die folgenden Texte besch\u00e4ftigen sich mit Aspekten von Religion und Spiritualit\u00e4t.<\/p>\n<ul>\n<li><a href=\"https:\/\/anniesonnenberg.de\/wordpress\/engagement\/religion\/der-mond-ist-aufgegangen\/\" target=\"_blank\" rel=\"noopener\">Der Mond ist aufgegangen<\/a> (Meditation)<\/li>\n<li><a href=\"https:\/\/anniesonnenberg.de\/wordpress\/engagement\/religion\/gottes-und-naechstenliebe\/\" target=\"_blank\" rel=\"noopener\">Gottes- und N\u00e4chstenliebe: Ein entwicklungsgeschichtlicher \u00dcberblick<\/a><\/li>\n<li><a href=\"https:\/\/anniesonnenberg.de\/wordpress\/engagement\/religion\/heiligenverstaendnis\/\" target=\"_blank\" rel=\"noopener\">Heilige &#8211; ein leicht exzentrischer Beitrag zum Verst\u00e4ndnis mittelalterlichen Denkens<\/a><\/li>\n<li><a href=\"https:\/\/anniesonnenberg.de\/wordpress\/engagement\/religion\/lagerfeuerpredigt\/\" target=\"_blank\" rel=\"noopener\">Lagerfeuerpredigt<\/a><\/li>\n<li><a href=\"https:\/\/anniesonnenberg.de\/wordpress\/engagement\/religion\/psalm-148-und-sonnengesang\/\" target=\"_blank\" rel=\"noopener\">Reflexionen \u00fcber Psalm 148 im Vergleich mit dem Sonnengesang des Franziskus von Assisi<\/a><\/li>\n<li><a href=\"https:\/\/anniesonnenberg.de\/wordpress\/engagement\/religion\/radio-wellen\/\" target=\"_blank\" rel=\"noopener\">Radio-Wellen:<\/a> Ein nachdenklicher Weihnachtsgru\u00df.<\/li>\n<\/ul>\n<p><span style=\"color: #005a00;\"><strong>Religion&#8230;<\/strong><\/span><\/p>\n<ul>\n<li><span style=\"color: #005a00;\">&#8230; ist f\u00fcr mich kein leeres Wort.<\/span><\/li>\n<li><span style=\"color: #005a00;\">&#8230; bedeutet f\u00fcr mich die Verbindung zu Gott.<\/span><\/li>\n<li><span style=\"color: #005a00;\">&#8230; ist deshalb kein institutioneller Zwang, sondern Freiheit.<\/span><\/li>\n<li><span style=\"color: #005a00;\">&#8230; darf niemandem aufgezwungen werden, muss sich aber auch nicht verstecken.<\/span><\/li>\n<li><span style=\"color: #005a00;\">&#8230; f\u00fchrt mich nicht von anderen weg, sondern zu ihnen hin.<\/span><\/li>\n<li><span style=\"color: #005a00;\">&#8230; begleitet in der Not.<\/span><\/li>\n<li><span style=\"color: #005a00;\">&#8230; f\u00fcllt die Kategorie des Heiligen mit Wirklichkeit.<\/span><\/li>\n<\/ul>\n<p>&nbsp;<\/p>\n<p>&#8230;<\/p>\n","protected":false},"excerpt":{"rendered":"<p>Die folgenden Texte besch\u00e4ftigen sich mit Aspekten von Religion und Spiritualit\u00e4t. Der Mond ist aufgegangen (Meditation) Gottes- und N\u00e4chstenliebe: Ein entwicklungsgeschichtlicher \u00dcberblick Heilige &#8211; ein leicht exzentrischer Beitrag zum Verst\u00e4ndnis mittelalterlichen Denkens Lagerfeuerpredigt Reflexionen \u00fcber Psalm 148 im Vergleich mit &hellip; <a href=\"https:\/\/anniesonnenberg.de\/wordpress\/engagement\/religion\/\">Weiterlesen <span class=\"meta-nav\">&rarr;<\/span><\/a><\/p>\n","protected":false},"author":1,"featured_media":0,"parent":20,"menu_order":40,"comment_status":"closed","ping_status":"closed","template":"","meta":{"footnotes":""},"class_list":["post-174","page","type-page","status-publish","hentry"],"aioseo_notices":[],"_links":{"self":[{"href":"https:\/\/anniesonnenberg.de\/wordpress\/wp-json\/wp\/v2\/pages\/174","targetHints":{"allow":["GET"]}}],"collection":[{"href":"https:\/\/anniesonnenberg.de\/wordpress\/wp-json\/wp\/v2\/pages"}],"about":[{"href":"https:\/\/anniesonnenberg.de\/wordpress\/wp-json\/wp\/v2\/types\/page"}],"author":[{"embeddable":true,"href":"https:\/\/anniesonnenberg.de\/wordpress\/wp-json\/wp\/v2\/users\/1"}],"replies":[{"embeddable":true,"href":"https:\/\/anniesonnenberg.de\/wordpress\/wp-json\/wp\/v2\/comments?post=174"}],"version-history":[{"count":8,"href":"https:\/\/anniesonnenberg.de\/wordpress\/wp-json\/wp\/v2\/pages\/174\/revisions"}],"predecessor-version":[{"id":1833,"href":"https:\/\/anniesonnenberg.de\/wordpress\/wp-json\/wp\/v2\/pages\/174\/revisions\/1833"}],"up":[{"embeddable":true,"href":"https:\/\/anniesonnenberg.de\/wordpress\/wp-json\/wp\/v2\/pages\/20"}],"wp:attachment":[{"href":"https:\/\/anniesonnenberg.de\/wordpress\/wp-json\/wp\/v2\/media?parent=174"}],"curies":[{"name":"wp","href":"https:\/\/api.w.org\/{rel}","templated":true}]}}