{"id":171,"date":"2015-07-27T18:06:04","date_gmt":"2015-07-27T16:06:04","guid":{"rendered":"http:\/\/anniesonnenberg.de\/wordpress\/?page_id=171"},"modified":"2022-01-09T17:44:01","modified_gmt":"2022-01-09T16:44:01","slug":"lessing-in-not","status":"publish","type":"page","link":"https:\/\/anniesonnenberg.de\/wordpress\/engagement\/religion-soziales\/lessing-in-not\/","title":{"rendered":"Lessing in Not"},"content":{"rendered":"<h2 id=\"lessing_in_not\" class=\"sectionedit20\">Lessing in Not!<\/h2>\n<div class=\"level2\">\n<p>Aus aktuellem Anlass: Eine Traditionsschule \u00fcber Stadtgrenzen hinweg soll trotz hervorragender Arbeit \u201eausgehungert\u201c werden.<\/p>\n<p><strong>Edit:<\/strong> Am 08.11.2011 entschied der Rat der Stadt Braunschweig, dem Lessinggymnasium den Status als Ganztagsschule zuzugestehen. Nach und nach erh\u00e4lt das \u201eLessing\u201c nun die erforderlichen Geb\u00e4ude &#8211; endlich auch eine Aula! -, um einen w\u00fcrdigen Ganztagsbetrieb einrichten zu k\u00f6nnen. Der Einsatz hat sich gelohnt!<\/p>\n<p>Download: <strong><a class=\"urlextern\" title=\"http:\/\/www.anniesonnenberg.de\/lessing_in_not.pdf\" href=\"http:\/\/www.anniesonnenberg.de\/lessing_in_not.pdf\" target=\"plain\" rel=\"nofollow noopener noreferrer\">Lessing in Not!.pdf<\/a><\/strong><\/p>\n<p>&nbsp;<\/p>\n<hr \/>\n<p><a href=\"https:\/\/anniesonnenberg.de\/wordpress\/ueber-mich\/interaktiv\/gaestebuch\/\" target=\"_blank\" rel=\"noopener\"><img loading=\"lazy\" decoding=\"async\" class=\"size-medium wp-image-1566 aligncenter\" src=\"https:\/\/anniesonnenberg.de\/wordpress\/wp-content\/uploads\/2022\/01\/gbook-300x138.jpg\" alt=\"\" width=\"300\" height=\"138\" srcset=\"https:\/\/anniesonnenberg.de\/wordpress\/wp-content\/uploads\/2022\/01\/gbook-300x138.jpg 300w, https:\/\/anniesonnenberg.de\/wordpress\/wp-content\/uploads\/2022\/01\/gbook-1024x470.jpg 1024w, https:\/\/anniesonnenberg.de\/wordpress\/wp-content\/uploads\/2022\/01\/gbook-768x353.jpg 768w, https:\/\/anniesonnenberg.de\/wordpress\/wp-content\/uploads\/2022\/01\/gbook-1536x706.jpg 1536w, https:\/\/anniesonnenberg.de\/wordpress\/wp-content\/uploads\/2022\/01\/gbook-2048x941.jpg 2048w, https:\/\/anniesonnenberg.de\/wordpress\/wp-content\/uploads\/2022\/01\/gbook-500x230.jpg 500w\" sizes=\"auto, (max-width: 300px) 100vw, 300px\" \/><\/a><\/p>\n<\/div>\n","protected":false},"excerpt":{"rendered":"<p>Lessing in Not! Aus aktuellem Anlass: Eine Traditionsschule \u00fcber Stadtgrenzen hinweg soll trotz hervorragender Arbeit \u201eausgehungert\u201c werden. Edit: Am 08.11.2011 entschied der Rat der Stadt Braunschweig, dem Lessinggymnasium den Status als Ganztagsschule zuzugestehen. Nach und nach erh\u00e4lt das \u201eLessing\u201c nun &hellip; <a href=\"https:\/\/anniesonnenberg.de\/wordpress\/engagement\/religion-soziales\/lessing-in-not\/\">Weiterlesen <span class=\"meta-nav\">&rarr;<\/span><\/a><\/p>\n","protected":false},"author":1,"featured_media":0,"parent":151,"menu_order":80,"comment_status":"closed","ping_status":"closed","template":"","meta":{"footnotes":""},"class_list":["post-171","page","type-page","status-publish","hentry"],"aioseo_notices":[],"_links":{"self":[{"href":"https:\/\/anniesonnenberg.de\/wordpress\/wp-json\/wp\/v2\/pages\/171","targetHints":{"allow":["GET"]}}],"collection":[{"href":"https:\/\/anniesonnenberg.de\/wordpress\/wp-json\/wp\/v2\/pages"}],"about":[{"href":"https:\/\/anniesonnenberg.de\/wordpress\/wp-json\/wp\/v2\/types\/page"}],"author":[{"embeddable":true,"href":"https:\/\/anniesonnenberg.de\/wordpress\/wp-json\/wp\/v2\/users\/1"}],"replies":[{"embeddable":true,"href":"https:\/\/anniesonnenberg.de\/wordpress\/wp-json\/wp\/v2\/comments?post=171"}],"version-history":[{"count":7,"href":"https:\/\/anniesonnenberg.de\/wordpress\/wp-json\/wp\/v2\/pages\/171\/revisions"}],"predecessor-version":[{"id":1624,"href":"https:\/\/anniesonnenberg.de\/wordpress\/wp-json\/wp\/v2\/pages\/171\/revisions\/1624"}],"up":[{"embeddable":true,"href":"https:\/\/anniesonnenberg.de\/wordpress\/wp-json\/wp\/v2\/pages\/151"}],"wp:attachment":[{"href":"https:\/\/anniesonnenberg.de\/wordpress\/wp-json\/wp\/v2\/media?parent=171"}],"curies":[{"name":"wp","href":"https:\/\/api.w.org\/{rel}","templated":true}]}}