{"id":169,"date":"2015-07-27T18:04:50","date_gmt":"2015-07-27T16:04:50","guid":{"rendered":"http:\/\/anniesonnenberg.de\/wordpress\/?page_id=169"},"modified":"2022-01-09T17:36:08","modified_gmt":"2022-01-09T16:36:08","slug":"heiligenverstaendnis","status":"publish","type":"page","link":"https:\/\/anniesonnenberg.de\/wordpress\/engagement\/religion\/heiligenverstaendnis\/","title":{"rendered":"Heiligenverst\u00e4ndnis"},"content":{"rendered":"<h2 id=\"heilige_\u2011_ein_leicht_exzentrischer_beitrag_zum_verstaendnis_mittelalterlichen_denkens\" class=\"sectionedit19\">Heilige \u2011 ein leicht exzentrischer Beitrag zum Verst\u00e4ndnis mittelalterlichen Denkens<\/h2>\n<div class=\"level2\">\n<p>Urspr\u00fcnglich im Jahr 2003 f\u00fcr eine Gruppe zwanzig- bis drei\u00dfigj\u00e4hriger Mittelalterdarsteller entstanden, deren religi\u00f6ser Hintergrund von atheistisch bis zu dezidiert protestantisch reichte, erl\u00e4utert dieser Aufsatz im Plauderton die Bedeutung der Heiligenverehrung zwischen 410 und 1492. Eventuelle Auswirkungen im Hinblick auf Offenheit gegen\u00fcber katholischen Fr\u00f6mmigkeitsformen heute sind nicht ausgeschlossen, daf\u00fcr aber ausdr\u00fccklich erw\u00fcnscht.<\/p>\n<p>\ud83d\ude09<\/p>\n<p>Download:<strong><a class=\"urlextern\" title=\"http:\/\/www.anniesonnenberg.de\/heilige.pdf\" href=\"http:\/\/www.anniesonnenberg.de\/heilige.pdf\" target=\"plain\" rel=\"nofollow noopener noreferrer\">Heilige.pdf<\/a><\/strong><\/p>\n<p>&nbsp;<\/p>\n<hr \/>\n<p><a href=\"https:\/\/anniesonnenberg.de\/wordpress\/ueber-mich\/interaktiv\/gaestebuch\/\" target=\"_blank\" rel=\"noopener\"><img loading=\"lazy\" decoding=\"async\" class=\"size-medium wp-image-1566 aligncenter\" src=\"https:\/\/anniesonnenberg.de\/wordpress\/wp-content\/uploads\/2022\/01\/gbook-300x138.jpg\" alt=\"\" width=\"300\" height=\"138\" srcset=\"https:\/\/anniesonnenberg.de\/wordpress\/wp-content\/uploads\/2022\/01\/gbook-300x138.jpg 300w, https:\/\/anniesonnenberg.de\/wordpress\/wp-content\/uploads\/2022\/01\/gbook-1024x470.jpg 1024w, https:\/\/anniesonnenberg.de\/wordpress\/wp-content\/uploads\/2022\/01\/gbook-768x353.jpg 768w, https:\/\/anniesonnenberg.de\/wordpress\/wp-content\/uploads\/2022\/01\/gbook-1536x706.jpg 1536w, https:\/\/anniesonnenberg.de\/wordpress\/wp-content\/uploads\/2022\/01\/gbook-2048x941.jpg 2048w, https:\/\/anniesonnenberg.de\/wordpress\/wp-content\/uploads\/2022\/01\/gbook-500x230.jpg 500w\" sizes=\"auto, (max-width: 300px) 100vw, 300px\" \/><\/a><\/p>\n<\/div>\n","protected":false},"excerpt":{"rendered":"<p>Heilige \u2011 ein leicht exzentrischer Beitrag zum Verst\u00e4ndnis mittelalterlichen Denkens Urspr\u00fcnglich im Jahr 2003 f\u00fcr eine Gruppe zwanzig- bis drei\u00dfigj\u00e4hriger Mittelalterdarsteller entstanden, deren religi\u00f6ser Hintergrund von atheistisch bis zu dezidiert protestantisch reichte, erl\u00e4utert dieser Aufsatz im Plauderton die Bedeutung der &hellip; <a href=\"https:\/\/anniesonnenberg.de\/wordpress\/engagement\/religion\/heiligenverstaendnis\/\">Weiterlesen <span class=\"meta-nav\">&rarr;<\/span><\/a><\/p>\n","protected":false},"author":1,"featured_media":0,"parent":174,"menu_order":30,"comment_status":"closed","ping_status":"closed","template":"","meta":{"footnotes":""},"class_list":["post-169","page","type-page","status-publish","hentry"],"aioseo_notices":[],"_links":{"self":[{"href":"https:\/\/anniesonnenberg.de\/wordpress\/wp-json\/wp\/v2\/pages\/169","targetHints":{"allow":["GET"]}}],"collection":[{"href":"https:\/\/anniesonnenberg.de\/wordpress\/wp-json\/wp\/v2\/pages"}],"about":[{"href":"https:\/\/anniesonnenberg.de\/wordpress\/wp-json\/wp\/v2\/types\/page"}],"author":[{"embeddable":true,"href":"https:\/\/anniesonnenberg.de\/wordpress\/wp-json\/wp\/v2\/users\/1"}],"replies":[{"embeddable":true,"href":"https:\/\/anniesonnenberg.de\/wordpress\/wp-json\/wp\/v2\/comments?post=169"}],"version-history":[{"count":5,"href":"https:\/\/anniesonnenberg.de\/wordpress\/wp-json\/wp\/v2\/pages\/169\/revisions"}],"predecessor-version":[{"id":1613,"href":"https:\/\/anniesonnenberg.de\/wordpress\/wp-json\/wp\/v2\/pages\/169\/revisions\/1613"}],"up":[{"embeddable":true,"href":"https:\/\/anniesonnenberg.de\/wordpress\/wp-json\/wp\/v2\/pages\/174"}],"wp:attachment":[{"href":"https:\/\/anniesonnenberg.de\/wordpress\/wp-json\/wp\/v2\/media?parent=169"}],"curies":[{"name":"wp","href":"https:\/\/api.w.org\/{rel}","templated":true}]}}