{"id":167,"date":"2015-07-27T18:03:53","date_gmt":"2015-07-27T16:03:53","guid":{"rendered":"http:\/\/anniesonnenberg.de\/wordpress\/?page_id=167"},"modified":"2022-01-09T17:29:31","modified_gmt":"2022-01-09T16:29:31","slug":"graphologie","status":"publish","type":"page","link":"https:\/\/anniesonnenberg.de\/wordpress\/engagement\/religion-soziales\/graphologie\/","title":{"rendered":"Graphologie"},"content":{"rendered":"<h2 id=\"graphologie\" class=\"sectionedit18\">Graphologie<\/h2>\n<div class=\"level2\">\n<p>Wenn mich mein Griechisch nicht v\u00f6llig im Stich l\u00e4sst, bedeutet das Wort &#8222;Graphologie&#8220; tats\u00e4chlich \u201eSchreib-Lehre\u201c oder \u201eSchreib-Wort\u201c, weshalb es nicht nur f\u00fcr das R\u00fcckschlie\u00dfen auf Charakterz\u00fcge aus Handschriftmerkmalen zutrifft, sondern auch auf die Grunds\u00e4tze, derer sich ein Schriftsteller bedient. \ud83d\ude09<\/p>\n<p class=\"Normal\">Meine Idee von Schreiben: Was Sch\u00f6nes in die Welt bringen. Und was Gutes.<br \/>\n#sonneimherzen<\/p>\n<p>Download: <strong><a class=\"urlextern\" title=\"http:\/\/www.anniesonnenberg.de\/graphologie.pdf\" href=\"http:\/\/www.anniesonnenberg.de\/graphologie.pdf\" target=\"plain\" rel=\"nofollow noopener noreferrer\">Graphologie.pdf<\/a><\/strong><\/p>\n<p>&nbsp;<\/p>\n<hr \/>\n<p><a href=\"https:\/\/anniesonnenberg.de\/wordpress\/ueber-mich\/interaktiv\/gaestebuch\/\" target=\"_blank\" rel=\"noopener\"><img loading=\"lazy\" decoding=\"async\" class=\"size-medium wp-image-1566 aligncenter\" src=\"https:\/\/anniesonnenberg.de\/wordpress\/wp-content\/uploads\/2022\/01\/gbook-300x138.jpg\" alt=\"\" width=\"300\" height=\"138\" srcset=\"https:\/\/anniesonnenberg.de\/wordpress\/wp-content\/uploads\/2022\/01\/gbook-300x138.jpg 300w, https:\/\/anniesonnenberg.de\/wordpress\/wp-content\/uploads\/2022\/01\/gbook-1024x470.jpg 1024w, https:\/\/anniesonnenberg.de\/wordpress\/wp-content\/uploads\/2022\/01\/gbook-768x353.jpg 768w, https:\/\/anniesonnenberg.de\/wordpress\/wp-content\/uploads\/2022\/01\/gbook-1536x706.jpg 1536w, https:\/\/anniesonnenberg.de\/wordpress\/wp-content\/uploads\/2022\/01\/gbook-2048x941.jpg 2048w, https:\/\/anniesonnenberg.de\/wordpress\/wp-content\/uploads\/2022\/01\/gbook-500x230.jpg 500w\" sizes=\"auto, (max-width: 300px) 100vw, 300px\" \/><\/a><\/p>\n<\/div>\n","protected":false},"excerpt":{"rendered":"<p>Graphologie Wenn mich mein Griechisch nicht v\u00f6llig im Stich l\u00e4sst, bedeutet das Wort &#8222;Graphologie&#8220; tats\u00e4chlich \u201eSchreib-Lehre\u201c oder \u201eSchreib-Wort\u201c, weshalb es nicht nur f\u00fcr das R\u00fcckschlie\u00dfen auf Charakterz\u00fcge aus Handschriftmerkmalen zutrifft, sondern auch auf die Grunds\u00e4tze, derer sich ein Schriftsteller bedient. &hellip; <a href=\"https:\/\/anniesonnenberg.de\/wordpress\/engagement\/religion-soziales\/graphologie\/\">Weiterlesen <span class=\"meta-nav\">&rarr;<\/span><\/a><\/p>\n","protected":false},"author":1,"featured_media":0,"parent":151,"menu_order":60,"comment_status":"closed","ping_status":"closed","template":"","meta":{"footnotes":""},"class_list":["post-167","page","type-page","status-publish","hentry"],"aioseo_notices":[],"_links":{"self":[{"href":"https:\/\/anniesonnenberg.de\/wordpress\/wp-json\/wp\/v2\/pages\/167","targetHints":{"allow":["GET"]}}],"collection":[{"href":"https:\/\/anniesonnenberg.de\/wordpress\/wp-json\/wp\/v2\/pages"}],"about":[{"href":"https:\/\/anniesonnenberg.de\/wordpress\/wp-json\/wp\/v2\/types\/page"}],"author":[{"embeddable":true,"href":"https:\/\/anniesonnenberg.de\/wordpress\/wp-json\/wp\/v2\/users\/1"}],"replies":[{"embeddable":true,"href":"https:\/\/anniesonnenberg.de\/wordpress\/wp-json\/wp\/v2\/comments?post=167"}],"version-history":[{"count":8,"href":"https:\/\/anniesonnenberg.de\/wordpress\/wp-json\/wp\/v2\/pages\/167\/revisions"}],"predecessor-version":[{"id":1606,"href":"https:\/\/anniesonnenberg.de\/wordpress\/wp-json\/wp\/v2\/pages\/167\/revisions\/1606"}],"up":[{"embeddable":true,"href":"https:\/\/anniesonnenberg.de\/wordpress\/wp-json\/wp\/v2\/pages\/151"}],"wp:attachment":[{"href":"https:\/\/anniesonnenberg.de\/wordpress\/wp-json\/wp\/v2\/media?parent=167"}],"curies":[{"name":"wp","href":"https:\/\/api.w.org\/{rel}","templated":true}]}}