{"id":163,"date":"2015-07-27T18:01:28","date_gmt":"2015-07-27T16:01:28","guid":{"rendered":"http:\/\/anniesonnenberg.de\/wordpress\/?page_id=163"},"modified":"2022-01-09T17:41:50","modified_gmt":"2022-01-09T16:41:50","slug":"go-political","status":"publish","type":"page","link":"https:\/\/anniesonnenberg.de\/wordpress\/engagement\/religion-soziales\/go-political\/","title":{"rendered":"Go political"},"content":{"rendered":"<h2 id=\"go_political\" class=\"sectionedit16\">Go political!<\/h2>\n<div class=\"level2\">\n<p>Wir befinden uns ganz offensichtlich in einem Umbruch auf s\u00e4mtlichen Feldern \u00f6ffentlicher Existenz &#8211; sozial, technisch, politisch, religi\u00f6s und, und, und. Entweder finden wir in diesen Bereichen den Weg zur Erneuerung guter Anf\u00e4nge und \/ oder zu bislang unbeschrittenen guten Wegen, oder es kommt zu einem erzwungenen Stillstand des Geistes, der sich in Revolutionen \u00e4u\u00dfert, was niemand w\u00fcnschen kann. In der Politik (wie \u00fcberall) bed\u00fcrfen wir deshalb engagierter Menschen, die sich in die Verantwortung f\u00fcr alle stellen und Vorbilder sind, und zwar nicht zuletzt auch im Umgang mit eigenen Fehlern. Ich habe mir in vorliegendem Essay erlaubt, einen formalen Steckbrief des Politikers zu erstellen, den wir heutzutage besonders brauchen.<\/p>\n<p>Download: <strong><a class=\"urlextern\" title=\"http:\/\/www.anniesonnenberg.de\/go_political.pdf\" href=\"http:\/\/www.anniesonnenberg.de\/go_political.pdf\" target=\"plain\" rel=\"nofollow noopener noreferrer\">Go political!.pdf<\/a><\/strong><\/p>\n<\/div>\n<p>&nbsp;<\/p>\n<hr \/>\n<p><a href=\"https:\/\/anniesonnenberg.de\/wordpress\/ueber-mich\/interaktiv\/gaestebuch\/\" target=\"_blank\" rel=\"noopener\"><img loading=\"lazy\" decoding=\"async\" class=\"size-medium wp-image-1566 aligncenter\" src=\"https:\/\/anniesonnenberg.de\/wordpress\/wp-content\/uploads\/2022\/01\/gbook-300x138.jpg\" alt=\"\" width=\"300\" height=\"138\" srcset=\"https:\/\/anniesonnenberg.de\/wordpress\/wp-content\/uploads\/2022\/01\/gbook-300x138.jpg 300w, https:\/\/anniesonnenberg.de\/wordpress\/wp-content\/uploads\/2022\/01\/gbook-1024x470.jpg 1024w, https:\/\/anniesonnenberg.de\/wordpress\/wp-content\/uploads\/2022\/01\/gbook-768x353.jpg 768w, https:\/\/anniesonnenberg.de\/wordpress\/wp-content\/uploads\/2022\/01\/gbook-1536x706.jpg 1536w, https:\/\/anniesonnenberg.de\/wordpress\/wp-content\/uploads\/2022\/01\/gbook-2048x941.jpg 2048w, https:\/\/anniesonnenberg.de\/wordpress\/wp-content\/uploads\/2022\/01\/gbook-500x230.jpg 500w\" sizes=\"auto, (max-width: 300px) 100vw, 300px\" \/><\/a><\/p>\n","protected":false},"excerpt":{"rendered":"<p>Go political! Wir befinden uns ganz offensichtlich in einem Umbruch auf s\u00e4mtlichen Feldern \u00f6ffentlicher Existenz &#8211; sozial, technisch, politisch, religi\u00f6s und, und, und. Entweder finden wir in diesen Bereichen den Weg zur Erneuerung guter Anf\u00e4nge und \/ oder zu bislang &hellip; <a href=\"https:\/\/anniesonnenberg.de\/wordpress\/engagement\/religion-soziales\/go-political\/\">Weiterlesen <span class=\"meta-nav\">&rarr;<\/span><\/a><\/p>\n","protected":false},"author":1,"featured_media":0,"parent":151,"menu_order":40,"comment_status":"closed","ping_status":"closed","template":"","meta":{"footnotes":""},"class_list":["post-163","page","type-page","status-publish","hentry"],"aioseo_notices":[],"_links":{"self":[{"href":"https:\/\/anniesonnenberg.de\/wordpress\/wp-json\/wp\/v2\/pages\/163","targetHints":{"allow":["GET"]}}],"collection":[{"href":"https:\/\/anniesonnenberg.de\/wordpress\/wp-json\/wp\/v2\/pages"}],"about":[{"href":"https:\/\/anniesonnenberg.de\/wordpress\/wp-json\/wp\/v2\/types\/page"}],"author":[{"embeddable":true,"href":"https:\/\/anniesonnenberg.de\/wordpress\/wp-json\/wp\/v2\/users\/1"}],"replies":[{"embeddable":true,"href":"https:\/\/anniesonnenberg.de\/wordpress\/wp-json\/wp\/v2\/comments?post=163"}],"version-history":[{"count":4,"href":"https:\/\/anniesonnenberg.de\/wordpress\/wp-json\/wp\/v2\/pages\/163\/revisions"}],"predecessor-version":[{"id":1621,"href":"https:\/\/anniesonnenberg.de\/wordpress\/wp-json\/wp\/v2\/pages\/163\/revisions\/1621"}],"up":[{"embeddable":true,"href":"https:\/\/anniesonnenberg.de\/wordpress\/wp-json\/wp\/v2\/pages\/151"}],"wp:attachment":[{"href":"https:\/\/anniesonnenberg.de\/wordpress\/wp-json\/wp\/v2\/media?parent=163"}],"curies":[{"name":"wp","href":"https:\/\/api.w.org\/{rel}","templated":true}]}}