{"id":153,"date":"2015-07-27T15:39:00","date_gmt":"2015-07-27T13:39:00","guid":{"rendered":"http:\/\/anniesonnenberg.de\/wordpress\/?page_id=153"},"modified":"2022-01-09T17:31:18","modified_gmt":"2022-01-09T16:31:18","slug":"eules-kolumne","status":"publish","type":"page","link":"https:\/\/anniesonnenberg.de\/wordpress\/engagement\/kein-atommuell-im-wohngebiet\/eules-kolumne\/","title":{"rendered":"Eules Kolumne"},"content":{"rendered":"<h2 id=\"eules_kolumne\" class=\"sectionedit14\">Eules Kolumne<\/h2>\n<div class=\"level2\">\n<p>In Braunschweig, wo ich lebe, arbeitet die Firma Eckert &amp; Ziegler in unmittelbarer N\u00e4he zu Wohnh\u00e4usern und Schulen mit radioaktiven Stoffen. Die 2011 gegr\u00fcndete B\u00fcrgerinitiative StrahlenSchutz Braunschweig, inzwischen e.V., erreichte mit Sch\u00fctzenhilfe vieler anderer, die hier ungenannt bleiben m\u00fcssen, durch Recherche und Aufkl\u00e4rungsarbeit, dass die offensichtlichen Pl\u00e4ne des Unternehmens, den Standort Braunschweig-Thune zu einem Drehkreuz der Atomm\u00fcllverarbeitung zu erweitern, mit\u00a0einem neuen Bebauungsplan zumindest teilweise eingeschr\u00e4nkt wurden.<\/p>\n<p>Im Dezember 2016 entschied das Oberverwaltungsgericht L\u00fcneburg: Der neue Bebauungsplan, der die Bev\u00f6lkerung sch\u00fctzen sollte, gilt nicht mehr. Damit steht der Firma neben Wohnh\u00e4usern und Schulen praktisch jede Erweiterung offen. Selbst wenn es, wie das Unternehmen\u00a0betont, nicht mehr (so richtig) um Atomm\u00fcll geht: Die Genehmigungen sind weiterhin ungew\u00f6hnlich\u00a0hoch, und gerade in der Medizinsparte, die bald zu 100 % ausgenutzt werden soll, werden sehr stark strahlende Stoffe eingesetzt. Deshalb ist\u00a0die Auseinandersetzung noch lange nicht vor\u00fcber: AnwohnerInnen haben einen <a href=\"https:\/\/www.biss-braunschweig.de\/?page_id=7215\">Rechtshilfefonds<\/a> gegr\u00fcndet, den man unterst\u00fctzen kann.<\/p>\n<p>Ich habe meine bescheidenen F\u00e4higkeiten in den gemeinsamen Talentepool geworfen, was meine \u00fcbrigen Schreibprojekte leider vorl\u00e4ufig in den Hintergrund dr\u00e4ngen musste, und mittlerweile eine Unzahl von Artikeln verfasst, die auf der <strong><a class=\"urlextern\" title=\"https:\/\/www.biss-braunschweig.de\" href=\"https:\/\/www.biss-braunschweig.de\" target=\"plain\" rel=\"nofollow noopener noreferrer\">Homepage der B\u00fcrgerinitiative StrahlenSchutz Braunschweig (BISS) e.V.<\/a><\/strong> eingesehen werden k\u00f6nnen. Mein besonderes \u201eBaby\u201c aber ist die Kommentarserie <strong><a class=\"urlextern\" title=\"https:\/\/www.biss-braunschweig.de\/?page_id=145\" href=\"https:\/\/www.biss-braunschweig.de\/?page_id=145\" target=\"plain\" rel=\"nofollow noopener noreferrer\">&#8222;Eules Blick von oben&#8220;<\/a><\/strong>, die mir vor allem deshalb am Herzen liegt, weil darin gr\u00f6\u00dfere Zusammenh\u00e4nge in den Blick genommen werden. Ich meine, sie ist es wert, hier verlinkt zu werden.<\/p>\n<p><strong><a href=\"https:\/\/www.biss-braunschweig.de\/?p=10552\">Hallo &#8211; wach!?!<\/a> <\/strong>(Dezember 2016)<strong><a class=\"urlextern\" title=\"https:\/\/www.biss-braunschweig.de\/?p=7537\" href=\"https:\/\/www.biss-braunschweig.de\/?p=7537\" target=\"plain\" rel=\"nofollow noopener noreferrer\"><br \/>\nAdventsgefl\u00fcgel<\/a><\/strong> (Dezember 2014)<br \/>\n<strong><a class=\"urlextern\" title=\"https:\/\/www.biss-braunschweig.de\/?p=7498\" href=\"https:\/\/www.biss-braunschweig.de\/?p=7498\" target=\"plain\" rel=\"nofollow noopener noreferrer\">Wie vom anderen Stern<\/a><\/strong> (November 2014)<br \/>\n<strong><a class=\"urlextern\" title=\"https:\/\/www.biss-braunschweig.de\/?p=5517\" href=\"https:\/\/www.biss-braunschweig.de\/?p=5517\" target=\"plain\" rel=\"nofollow noopener noreferrer\">Die L\u00e4mmer schweigen nicht mehr<\/a><\/strong> (September 2013)<br \/>\n<strong><a class=\"urlextern\" title=\"https:\/\/www.biss-braunschweig.de\/?p=4292\" href=\"https:\/\/www.biss-braunschweig.de\/?p=4292\" target=\"plain\" rel=\"nofollow noopener noreferrer\">(Betr)Offenheit?<\/a><\/strong> (Oktober 2012)<br \/>\n<strong><a class=\"urlextern\" title=\"http:\/\/www.braunschweig-biss.de\/?p=1043\" href=\"http:\/\/www.braunschweig-biss.de\/?p=1043\" target=\"plain\" rel=\"nofollow noopener noreferrer\">Eule wundert sich&#8230;<\/a><\/strong> (Dezember 2011)<br \/>\n<strong><a class=\"urlextern\" title=\"http:\/\/www.braunschweig-biss.de\/?p=1152\" href=\"http:\/\/www.braunschweig-biss.de\/?p=1152\" target=\"plain\" rel=\"nofollow noopener noreferrer\">Auf ein Neues (Jahr)!<\/a><\/strong> (Dezember 2011)<br \/>\n<strong><a class=\"urlextern\" title=\"http:\/\/www.braunschweig-biss.de\/?p=1259\" href=\"http:\/\/www.braunschweig-biss.de\/?p=1259\" target=\"plain\" rel=\"nofollow noopener noreferrer\">BISS im Einklang mit Asse und Konrad<\/a><\/strong> (Januar 2012)<br \/>\n<strong><a class=\"urlextern\" title=\"http:\/\/www.braunschweig-biss.de\/?p=1733\" href=\"http:\/\/www.braunschweig-biss.de\/?p=1733\" target=\"plain\" rel=\"nofollow noopener noreferrer\">Im Zweifel f\u00fcrs Versuchskaninchen!<\/a><\/strong> (Januar 2012)<br \/>\n<strong><a class=\"urlextern\" title=\"http:\/\/www.braunschweig-biss.de\/?p=2210\" href=\"http:\/\/www.braunschweig-biss.de\/?p=2210\" target=\"plain\" rel=\"nofollow noopener noreferrer\">Kultur des Diskurses<\/a><\/strong> (Februar 2012)<br \/>\n<strong><a class=\"urlextern\" title=\"http:\/\/www.braunschweig-biss.de\/?p=2241\" href=\"http:\/\/www.braunschweig-biss.de\/?p=2241\" target=\"plain\" rel=\"nofollow noopener noreferrer\">Alles, was [R]echt ist<\/a><\/strong> (Februar 2012)<br \/>\n<strong><a class=\"urlextern\" title=\"http:\/\/www.braunschweig-biss.de\/?p=2755\" href=\"http:\/\/www.braunschweig-biss.de\/?p=2755\" target=\"plain\" rel=\"nofollow noopener noreferrer\">Gemeinsamer Nenner: Plutonium<\/a><\/strong> (Mai 2012)<br \/>\n<strong><a class=\"urlextern\" title=\"http:\/\/www.braunschweig-biss.de\/?p=2832\" href=\"http:\/\/www.braunschweig-biss.de\/?p=2832\" target=\"plain\" rel=\"nofollow noopener noreferrer\">Verantwortung? Fehlanzeige.<\/a><\/strong> (Mai 2012)<br \/>\n<strong><a class=\"urlextern\" title=\"http:\/\/www.braunschweig-biss.de\/?p=2876\" href=\"http:\/\/www.braunschweig-biss.de\/?p=2876\" target=\"plain\" rel=\"nofollow noopener noreferrer\">Landtag: Debatte und D\u00e9j\u00e0-vu<\/a><\/strong> (Mai 2012)<br \/>\n<strong><a class=\"urlextern\" title=\"http:\/\/www.braunschweig-biss.de\/?p=3154\" href=\"http:\/\/www.braunschweig-biss.de\/?p=3154\" target=\"plain\" rel=\"nofollow noopener noreferrer\">B\u00fcros in Kobaltblau<\/a><\/strong> (Juni 2012)<\/p>\n<p>&nbsp;<\/p>\n<hr \/>\n<p><a href=\"https:\/\/anniesonnenberg.de\/wordpress\/ueber-mich\/interaktiv\/gaestebuch\/\" target=\"_blank\" rel=\"noopener\"><img loading=\"lazy\" decoding=\"async\" class=\"size-medium wp-image-1566 aligncenter\" src=\"https:\/\/anniesonnenberg.de\/wordpress\/wp-content\/uploads\/2022\/01\/gbook-300x138.jpg\" alt=\"\" width=\"300\" height=\"138\" srcset=\"https:\/\/anniesonnenberg.de\/wordpress\/wp-content\/uploads\/2022\/01\/gbook-300x138.jpg 300w, https:\/\/anniesonnenberg.de\/wordpress\/wp-content\/uploads\/2022\/01\/gbook-1024x470.jpg 1024w, https:\/\/anniesonnenberg.de\/wordpress\/wp-content\/uploads\/2022\/01\/gbook-768x353.jpg 768w, https:\/\/anniesonnenberg.de\/wordpress\/wp-content\/uploads\/2022\/01\/gbook-1536x706.jpg 1536w, https:\/\/anniesonnenberg.de\/wordpress\/wp-content\/uploads\/2022\/01\/gbook-2048x941.jpg 2048w, https:\/\/anniesonnenberg.de\/wordpress\/wp-content\/uploads\/2022\/01\/gbook-500x230.jpg 500w\" sizes=\"auto, (max-width: 300px) 100vw, 300px\" \/><\/a><\/p>\n<\/div>\n","protected":false},"excerpt":{"rendered":"<p>Eules Kolumne In Braunschweig, wo ich lebe, arbeitet die Firma Eckert &amp; Ziegler in unmittelbarer N\u00e4he zu Wohnh\u00e4usern und Schulen mit radioaktiven Stoffen. Die 2011 gegr\u00fcndete B\u00fcrgerinitiative StrahlenSchutz Braunschweig, inzwischen e.V., erreichte mit Sch\u00fctzenhilfe vieler anderer, die hier ungenannt bleiben &hellip; <a href=\"https:\/\/anniesonnenberg.de\/wordpress\/engagement\/kein-atommuell-im-wohngebiet\/eules-kolumne\/\">Weiterlesen <span class=\"meta-nav\">&rarr;<\/span><\/a><\/p>\n","protected":false},"author":1,"featured_media":0,"parent":247,"menu_order":10,"comment_status":"closed","ping_status":"closed","template":"","meta":{"footnotes":""},"class_list":["post-153","page","type-page","status-publish","hentry"],"aioseo_notices":[],"_links":{"self":[{"href":"https:\/\/anniesonnenberg.de\/wordpress\/wp-json\/wp\/v2\/pages\/153","targetHints":{"allow":["GET"]}}],"collection":[{"href":"https:\/\/anniesonnenberg.de\/wordpress\/wp-json\/wp\/v2\/pages"}],"about":[{"href":"https:\/\/anniesonnenberg.de\/wordpress\/wp-json\/wp\/v2\/types\/page"}],"author":[{"embeddable":true,"href":"https:\/\/anniesonnenberg.de\/wordpress\/wp-json\/wp\/v2\/users\/1"}],"replies":[{"embeddable":true,"href":"https:\/\/anniesonnenberg.de\/wordpress\/wp-json\/wp\/v2\/comments?post=153"}],"version-history":[{"count":7,"href":"https:\/\/anniesonnenberg.de\/wordpress\/wp-json\/wp\/v2\/pages\/153\/revisions"}],"predecessor-version":[{"id":1608,"href":"https:\/\/anniesonnenberg.de\/wordpress\/wp-json\/wp\/v2\/pages\/153\/revisions\/1608"}],"up":[{"embeddable":true,"href":"https:\/\/anniesonnenberg.de\/wordpress\/wp-json\/wp\/v2\/pages\/247"}],"wp:attachment":[{"href":"https:\/\/anniesonnenberg.de\/wordpress\/wp-json\/wp\/v2\/media?parent=153"}],"curies":[{"name":"wp","href":"https:\/\/api.w.org\/{rel}","templated":true}]}}