{"id":149,"date":"2015-07-27T15:35:52","date_gmt":"2015-07-27T13:35:52","guid":{"rendered":"http:\/\/anniesonnenberg.de\/wordpress\/?page_id=149"},"modified":"2022-01-09T17:26:56","modified_gmt":"2022-01-09T16:26:56","slug":"akupunktueller-verwirrungszustand","status":"publish","type":"page","link":"https:\/\/anniesonnenberg.de\/wordpress\/engagement\/tcm\/akupunktueller-verwirrungszustand\/","title":{"rendered":"Akupunktueller Verwirrungszustand"},"content":{"rendered":"<h2 id=\"akupunktueller_verwirrungszustand\" class=\"sectionedit8\">Akupunktueller Verwirrungszustand<\/h2>\n<div class=\"level2\">\n<p>Die Erde ist zwar (relativ) rund, aber sie hat noch ein paar Ecken, die wir nicht erkl\u00e4ren k\u00f6nnen. Leider versuchen manche Menschen, diese geheimnisvollen Sch\u00e4tze als Hirngespinste zu verleumden.<\/p>\n<div class=\"table sectionedit9\">\n<table class=\"inline\">\n<tbody>\n<tr class=\"row0\">\n<td class=\"col0\"><strong>Bitte beachten Sie:<\/strong><\/p>\n<p>Ich weise ausdr\u00fccklich darauf hin, dass ich keine Medizinerin bin und f\u00fcr m\u00f6gliche Folgen der Anwendung der Akupunktur respektive der TCM sowie der von mir vorgeschlagenen Ma\u00dfnahmen keine Verantwortung \u00fcbernehme.<\/td>\n<\/tr>\n<\/tbody>\n<\/table>\n<\/div>\n<p>Download: <strong><a class=\"urlextern\" title=\"http:\/\/www.anniesonnenberg.de\/akupunktueller_verwirrungszustand.pdf\" href=\"http:\/\/www.anniesonnenberg.de\/akupunktueller_verwirrungszustand.pdf\" target=\"plain\" rel=\"nofollow noopener noreferrer\">Akupunktueller Verwirrungszustand.pdf<\/a><\/strong><\/p>\n<hr \/>\n<p><a href=\"https:\/\/anniesonnenberg.de\/wordpress\/ueber-mich\/interaktiv\/gaestebuch\/\" target=\"_blank\" rel=\"noopener\"><img loading=\"lazy\" decoding=\"async\" class=\"size-medium wp-image-1566 aligncenter\" src=\"https:\/\/anniesonnenberg.de\/wordpress\/wp-content\/uploads\/2022\/01\/gbook-300x138.jpg\" alt=\"\" width=\"300\" height=\"138\" srcset=\"https:\/\/anniesonnenberg.de\/wordpress\/wp-content\/uploads\/2022\/01\/gbook-300x138.jpg 300w, https:\/\/anniesonnenberg.de\/wordpress\/wp-content\/uploads\/2022\/01\/gbook-1024x470.jpg 1024w, https:\/\/anniesonnenberg.de\/wordpress\/wp-content\/uploads\/2022\/01\/gbook-768x353.jpg 768w, https:\/\/anniesonnenberg.de\/wordpress\/wp-content\/uploads\/2022\/01\/gbook-1536x706.jpg 1536w, https:\/\/anniesonnenberg.de\/wordpress\/wp-content\/uploads\/2022\/01\/gbook-2048x941.jpg 2048w, https:\/\/anniesonnenberg.de\/wordpress\/wp-content\/uploads\/2022\/01\/gbook-500x230.jpg 500w\" sizes=\"auto, (max-width: 300px) 100vw, 300px\" \/><\/a><\/p>\n<\/div>\n","protected":false},"excerpt":{"rendered":"<p>Akupunktueller Verwirrungszustand Die Erde ist zwar (relativ) rund, aber sie hat noch ein paar Ecken, die wir nicht erkl\u00e4ren k\u00f6nnen. Leider versuchen manche Menschen, diese geheimnisvollen Sch\u00e4tze als Hirngespinste zu verleumden. Bitte beachten Sie: Ich weise ausdr\u00fccklich darauf hin, dass &hellip; <a href=\"https:\/\/anniesonnenberg.de\/wordpress\/engagement\/tcm\/akupunktueller-verwirrungszustand\/\">Weiterlesen <span class=\"meta-nav\">&rarr;<\/span><\/a><\/p>\n","protected":false},"author":1,"featured_media":0,"parent":143,"menu_order":30,"comment_status":"closed","ping_status":"closed","template":"","meta":{"footnotes":""},"class_list":["post-149","page","type-page","status-publish","hentry"],"aioseo_notices":[],"_links":{"self":[{"href":"https:\/\/anniesonnenberg.de\/wordpress\/wp-json\/wp\/v2\/pages\/149","targetHints":{"allow":["GET"]}}],"collection":[{"href":"https:\/\/anniesonnenberg.de\/wordpress\/wp-json\/wp\/v2\/pages"}],"about":[{"href":"https:\/\/anniesonnenberg.de\/wordpress\/wp-json\/wp\/v2\/types\/page"}],"author":[{"embeddable":true,"href":"https:\/\/anniesonnenberg.de\/wordpress\/wp-json\/wp\/v2\/users\/1"}],"replies":[{"embeddable":true,"href":"https:\/\/anniesonnenberg.de\/wordpress\/wp-json\/wp\/v2\/comments?post=149"}],"version-history":[{"count":8,"href":"https:\/\/anniesonnenberg.de\/wordpress\/wp-json\/wp\/v2\/pages\/149\/revisions"}],"predecessor-version":[{"id":1604,"href":"https:\/\/anniesonnenberg.de\/wordpress\/wp-json\/wp\/v2\/pages\/149\/revisions\/1604"}],"up":[{"embeddable":true,"href":"https:\/\/anniesonnenberg.de\/wordpress\/wp-json\/wp\/v2\/pages\/143"}],"wp:attachment":[{"href":"https:\/\/anniesonnenberg.de\/wordpress\/wp-json\/wp\/v2\/media?parent=149"}],"curies":[{"name":"wp","href":"https:\/\/api.w.org\/{rel}","templated":true}]}}