{"id":147,"date":"2015-07-27T15:34:42","date_gmt":"2015-07-27T13:34:42","guid":{"rendered":"http:\/\/anniesonnenberg.de\/wordpress\/?page_id=147"},"modified":"2022-01-09T17:26:08","modified_gmt":"2022-01-09T16:26:08","slug":"fuenf-elemente-ernaehrung","status":"publish","type":"page","link":"https:\/\/anniesonnenberg.de\/wordpress\/engagement\/tcm\/fuenf-elemente-ernaehrung\/","title":{"rendered":"F\u00fcnf-Elemente-Ern\u00e4hrung"},"content":{"rendered":"<h2 id=\"einfuehrung_in_die_ernaehrung_nach_den_chinesischen_fuenf_elementen\" class=\"sectionedit6\">Einf\u00fchrung in die Ern\u00e4hrung nach den Chinesischen F\u00fcnf Elementen<\/h2>\n<div class=\"level2\">\n<p><a href=\"https:\/\/anniesonnenberg.de\/wordpress\/wp-content\/uploads\/2020\/07\/essenalsmedizin.jpg\"><img loading=\"lazy\" decoding=\"async\" class=\"alignnone size-thumbnail wp-image-855\" src=\"https:\/\/anniesonnenberg.de\/wordpress\/wp-content\/uploads\/2020\/07\/essenalsmedizin-150x150.jpg\" alt=\"\" width=\"150\" height=\"150\" \/><\/a><\/p>\n<p><strong>Nahrung als Medizin?<\/strong><\/p>\n<p>Die traditionelle chinesische Ern\u00e4hrungslehre bietet ungeahnte M\u00f6glichkeiten, k\u00f6rperliche wie geistige Gesundheit zu f\u00f6rdern und wieder leichter zur Ruhe bzw. zu sich selbst zu gelangen. Und das Beste ist: Wir k\u00f6nnen daf\u00fcr auf regionale Lebensmittel zur\u00fcckgreifen, stellen sie nur ein wenig anders zusammen und achten auf die Zubereitung. Es geht hier also nicht um einen Di\u00e4tplan, sondern um die Anwendung uralten Wissens, das auch in Europa heimisch war, aber weitgehend verloren gegangen ist.<\/p>\n<p>Der folgende Download liefert Ihnen eine <a href=\"http:\/\/www.anniesonnenberg.de\/fuenfelementevortrag.pdf\" target=\"_blank\" rel=\"noopener noreferrer\"><strong>Bildpr\u00e4sentation<\/strong><\/a>, die ich als Grundlage f\u00fcr einen einf\u00fchrenden Vortrag zum Thema verwendet habe.<\/p>\n<div class=\"table sectionedit7\">\n<table class=\"inline\">\n<tbody>\n<tr class=\"row0\">\n<td class=\"col0\"><strong>Bitte beachten Sie:<\/strong><\/p>\n<p>Ich weise ausdr\u00fccklich darauf hin, dass ich keine Medizinerin bin und f\u00fcr m\u00f6gliche Folgen der Anwendung der 5-Elemente-Ern\u00e4hrung respektive der von mir vorgeschlagenen Ma\u00dfnahmen keine Verantwortung \u00fcbernehme.<\/td>\n<\/tr>\n<\/tbody>\n<\/table>\n<\/div>\n<p>Download: <strong><a class=\"urlextern\" title=\"http:\/\/www.anniesonnenberg.de\/fuenfelementevortrag.pdf\" href=\"http:\/\/www.anniesonnenberg.de\/fuenfelementevortrag.pdf\" target=\"plain\" rel=\"nofollow noopener noreferrer\">F\u00fcnf-Elemente-Ern\u00e4hrung (Einf\u00fchrung).pdf<\/a><\/strong><\/p>\n<hr \/>\n<p><a href=\"https:\/\/anniesonnenberg.de\/wordpress\/ueber-mich\/interaktiv\/gaestebuch\/\" target=\"_blank\" rel=\"noopener\"><img loading=\"lazy\" decoding=\"async\" class=\"size-medium wp-image-1566 aligncenter\" src=\"https:\/\/anniesonnenberg.de\/wordpress\/wp-content\/uploads\/2022\/01\/gbook-300x138.jpg\" alt=\"\" width=\"300\" height=\"138\" srcset=\"https:\/\/anniesonnenberg.de\/wordpress\/wp-content\/uploads\/2022\/01\/gbook-300x138.jpg 300w, https:\/\/anniesonnenberg.de\/wordpress\/wp-content\/uploads\/2022\/01\/gbook-1024x470.jpg 1024w, https:\/\/anniesonnenberg.de\/wordpress\/wp-content\/uploads\/2022\/01\/gbook-768x353.jpg 768w, https:\/\/anniesonnenberg.de\/wordpress\/wp-content\/uploads\/2022\/01\/gbook-1536x706.jpg 1536w, https:\/\/anniesonnenberg.de\/wordpress\/wp-content\/uploads\/2022\/01\/gbook-2048x941.jpg 2048w, https:\/\/anniesonnenberg.de\/wordpress\/wp-content\/uploads\/2022\/01\/gbook-500x230.jpg 500w\" sizes=\"auto, (max-width: 300px) 100vw, 300px\" \/><\/a><\/p>\n<\/div>\n","protected":false},"excerpt":{"rendered":"<p>Einf\u00fchrung in die Ern\u00e4hrung nach den Chinesischen F\u00fcnf Elementen Nahrung als Medizin? Die traditionelle chinesische Ern\u00e4hrungslehre bietet ungeahnte M\u00f6glichkeiten, k\u00f6rperliche wie geistige Gesundheit zu f\u00f6rdern und wieder leichter zur Ruhe bzw. zu sich selbst zu gelangen. Und das Beste ist: &hellip; <a href=\"https:\/\/anniesonnenberg.de\/wordpress\/engagement\/tcm\/fuenf-elemente-ernaehrung\/\">Weiterlesen <span class=\"meta-nav\">&rarr;<\/span><\/a><\/p>\n","protected":false},"author":1,"featured_media":0,"parent":143,"menu_order":20,"comment_status":"closed","ping_status":"closed","template":"","meta":{"footnotes":""},"class_list":["post-147","page","type-page","status-publish","hentry"],"aioseo_notices":[],"_links":{"self":[{"href":"https:\/\/anniesonnenberg.de\/wordpress\/wp-json\/wp\/v2\/pages\/147","targetHints":{"allow":["GET"]}}],"collection":[{"href":"https:\/\/anniesonnenberg.de\/wordpress\/wp-json\/wp\/v2\/pages"}],"about":[{"href":"https:\/\/anniesonnenberg.de\/wordpress\/wp-json\/wp\/v2\/types\/page"}],"author":[{"embeddable":true,"href":"https:\/\/anniesonnenberg.de\/wordpress\/wp-json\/wp\/v2\/users\/1"}],"replies":[{"embeddable":true,"href":"https:\/\/anniesonnenberg.de\/wordpress\/wp-json\/wp\/v2\/comments?post=147"}],"version-history":[{"count":8,"href":"https:\/\/anniesonnenberg.de\/wordpress\/wp-json\/wp\/v2\/pages\/147\/revisions"}],"predecessor-version":[{"id":1603,"href":"https:\/\/anniesonnenberg.de\/wordpress\/wp-json\/wp\/v2\/pages\/147\/revisions\/1603"}],"up":[{"embeddable":true,"href":"https:\/\/anniesonnenberg.de\/wordpress\/wp-json\/wp\/v2\/pages\/143"}],"wp:attachment":[{"href":"https:\/\/anniesonnenberg.de\/wordpress\/wp-json\/wp\/v2\/media?parent=147"}],"curies":[{"name":"wp","href":"https:\/\/api.w.org\/{rel}","templated":true}]}}