{"id":145,"date":"2015-07-27T15:33:08","date_gmt":"2015-07-27T13:33:08","guid":{"rendered":"http:\/\/anniesonnenberg.de\/wordpress\/?page_id=145"},"modified":"2022-01-09T17:24:54","modified_gmt":"2022-01-09T16:24:54","slug":"einfuehrung-in-die-tcm","status":"publish","type":"page","link":"https:\/\/anniesonnenberg.de\/wordpress\/engagement\/tcm\/einfuehrung-in-die-tcm\/","title":{"rendered":"Einf\u00fchrung in die TCM"},"content":{"rendered":"<h2 id=\"einfuehrung_in_die_traditionelle_chinesische_medizin_tcm\" class=\"sectionedit4\">Einf\u00fchrung in die Traditionelle Chinesische Medizin (TCM)<\/h2>\n<div class=\"level2\">\n<p><a href=\"https:\/\/anniesonnenberg.de\/wordpress\/wp-content\/uploads\/2020\/07\/ankuendigung_tcm-vortrag.jpg\"><img loading=\"lazy\" decoding=\"async\" class=\"alignnone size-thumbnail wp-image-847\" src=\"https:\/\/anniesonnenberg.de\/wordpress\/wp-content\/uploads\/2020\/07\/ankuendigung_tcm-vortrag-150x150.jpg\" alt=\"\" width=\"150\" height=\"150\" \/><\/a><\/p>\n<p>Die folgende <a href=\"https:\/\/anniesonnenberg.de\/wordpress\/engagement\/tcm\/fuenf-elemente-ernaehrung\/\"><strong>Bildpr\u00e4sentation<\/strong><\/a> diente als Grundlage f\u00fcr einen einf\u00fchrenden Vortrag \u00fcber die jahrtausendealte chinesische Medizin, die au\u00dfer der Akupunktur noch viele andere ganzheitliche Behandlungsformen kennt und auf Prinzipien fu\u00dft, die gut nachvollziehbar sind.<\/p>\n<div class=\"table sectionedit5\">\n<table class=\"inline\">\n<tbody>\n<tr class=\"row0\">\n<td class=\"col0\"><strong>Bitte beachten Sie:<\/strong><\/p>\n<p>Ich weise ausdr\u00fccklich darauf hin, dass ich keine Medizinerin bin und f\u00fcr m\u00f6gliche Folgen der Anwendung der TCM keine Verantwortung \u00fcbernehme.<\/td>\n<\/tr>\n<\/tbody>\n<\/table>\n<\/div>\n<p>Download: <a href=\"http:\/\/www.anniesonnenberg.de\/einfuehrung_in_die_traditionelle_chinesische_medizin_tcm.pdf\" target=\"_blank\" rel=\"noopener noreferrer\"><strong>Einf\u00fchrung in die TCM.pdf<\/strong><\/a><\/p>\n<\/div>\n<hr \/>\n<p><a href=\"https:\/\/anniesonnenberg.de\/wordpress\/ueber-mich\/interaktiv\/gaestebuch\/\" target=\"_blank\" rel=\"noopener\"><img loading=\"lazy\" decoding=\"async\" class=\"size-medium wp-image-1566 aligncenter\" src=\"https:\/\/anniesonnenberg.de\/wordpress\/wp-content\/uploads\/2022\/01\/gbook-300x138.jpg\" alt=\"\" width=\"300\" height=\"138\" srcset=\"https:\/\/anniesonnenberg.de\/wordpress\/wp-content\/uploads\/2022\/01\/gbook-300x138.jpg 300w, https:\/\/anniesonnenberg.de\/wordpress\/wp-content\/uploads\/2022\/01\/gbook-1024x470.jpg 1024w, https:\/\/anniesonnenberg.de\/wordpress\/wp-content\/uploads\/2022\/01\/gbook-768x353.jpg 768w, https:\/\/anniesonnenberg.de\/wordpress\/wp-content\/uploads\/2022\/01\/gbook-1536x706.jpg 1536w, https:\/\/anniesonnenberg.de\/wordpress\/wp-content\/uploads\/2022\/01\/gbook-2048x941.jpg 2048w, https:\/\/anniesonnenberg.de\/wordpress\/wp-content\/uploads\/2022\/01\/gbook-500x230.jpg 500w\" sizes=\"auto, (max-width: 300px) 100vw, 300px\" \/><\/a><\/p>\n","protected":false},"excerpt":{"rendered":"<p>Einf\u00fchrung in die Traditionelle Chinesische Medizin (TCM) Die folgende Bildpr\u00e4sentation diente als Grundlage f\u00fcr einen einf\u00fchrenden Vortrag \u00fcber die jahrtausendealte chinesische Medizin, die au\u00dfer der Akupunktur noch viele andere ganzheitliche Behandlungsformen kennt und auf Prinzipien fu\u00dft, die gut nachvollziehbar sind. &hellip; <a href=\"https:\/\/anniesonnenberg.de\/wordpress\/engagement\/tcm\/einfuehrung-in-die-tcm\/\">Weiterlesen <span class=\"meta-nav\">&rarr;<\/span><\/a><\/p>\n","protected":false},"author":1,"featured_media":0,"parent":143,"menu_order":10,"comment_status":"closed","ping_status":"closed","template":"","meta":{"footnotes":""},"class_list":["post-145","page","type-page","status-publish","hentry"],"aioseo_notices":[],"_links":{"self":[{"href":"https:\/\/anniesonnenberg.de\/wordpress\/wp-json\/wp\/v2\/pages\/145","targetHints":{"allow":["GET"]}}],"collection":[{"href":"https:\/\/anniesonnenberg.de\/wordpress\/wp-json\/wp\/v2\/pages"}],"about":[{"href":"https:\/\/anniesonnenberg.de\/wordpress\/wp-json\/wp\/v2\/types\/page"}],"author":[{"embeddable":true,"href":"https:\/\/anniesonnenberg.de\/wordpress\/wp-json\/wp\/v2\/users\/1"}],"replies":[{"embeddable":true,"href":"https:\/\/anniesonnenberg.de\/wordpress\/wp-json\/wp\/v2\/comments?post=145"}],"version-history":[{"count":9,"href":"https:\/\/anniesonnenberg.de\/wordpress\/wp-json\/wp\/v2\/pages\/145\/revisions"}],"predecessor-version":[{"id":1602,"href":"https:\/\/anniesonnenberg.de\/wordpress\/wp-json\/wp\/v2\/pages\/145\/revisions\/1602"}],"up":[{"embeddable":true,"href":"https:\/\/anniesonnenberg.de\/wordpress\/wp-json\/wp\/v2\/pages\/143"}],"wp:attachment":[{"href":"https:\/\/anniesonnenberg.de\/wordpress\/wp-json\/wp\/v2\/media?parent=145"}],"curies":[{"name":"wp","href":"https:\/\/api.w.org\/{rel}","templated":true}]}}