{"id":143,"date":"2015-07-27T15:31:11","date_gmt":"2015-07-27T13:31:11","guid":{"rendered":"http:\/\/anniesonnenberg.de\/wordpress\/?page_id=143"},"modified":"2022-05-18T15:46:59","modified_gmt":"2022-05-18T13:46:59","slug":"tcm","status":"publish","type":"page","link":"https:\/\/anniesonnenberg.de\/wordpress\/engagement\/tcm\/","title":{"rendered":"TCM"},"content":{"rendered":"<p><a href=\"https:\/\/anniesonnenberg.de\/wordpress\/wp-content\/uploads\/2020\/07\/drachen-1.png\"><img loading=\"lazy\" decoding=\"async\" class=\"alignnone size-thumbnail wp-image-853\" src=\"https:\/\/anniesonnenberg.de\/wordpress\/wp-content\/uploads\/2020\/07\/drachen-1-150x150.png\" alt=\"\" width=\"150\" height=\"150\" \/><\/a><\/p>\n<ul>\n<li><a href=\"https:\/\/anniesonnenberg.de\/wordpress\/engagement\/tcm\/einfuehrung-in-die-tcm\/\" target=\"_blank\" rel=\"noopener\"><strong>Einf\u00fchrung in die TCM<\/strong><\/a><\/li>\n<li><a href=\"https:\/\/anniesonnenberg.de\/wordpress\/engagement\/tcm\/fuenf-elemente-ernaehrung\/\" target=\"_blank\" rel=\"noopener\"><strong>F\u00fcnf-Elemente-Ern\u00e4hrung<\/strong><\/a><\/li>\n<li><a href=\"https:\/\/anniesonnenberg.de\/wordpress\/engagement\/tcm\/akupunktueller-verwirrungszustand\/\" target=\"_blank\" rel=\"noopener\"><strong>Akupunktueller Verwirrungszustand<\/strong><\/a><\/li>\n<\/ul>\n<hr \/>\n<p>Ich danke meinen TCM-\u00c4rzten und meinem QiGong-Lehrer<br \/>\ndaf\u00fcr, dass sie mir Einblick gew\u00e4hrt haben<br \/>\nin ihren gro\u00dfen Schatz an Lebenswissen und -weisheit.<\/p>\n","protected":false},"excerpt":{"rendered":"<p>Einf\u00fchrung in die TCM F\u00fcnf-Elemente-Ern\u00e4hrung Akupunktueller Verwirrungszustand Ich danke meinen TCM-\u00c4rzten und meinem QiGong-Lehrer daf\u00fcr, dass sie mir Einblick gew\u00e4hrt haben in ihren gro\u00dfen Schatz an Lebenswissen und -weisheit.<\/p>\n","protected":false},"author":1,"featured_media":0,"parent":20,"menu_order":50,"comment_status":"closed","ping_status":"closed","template":"","meta":{"footnotes":""},"class_list":["post-143","page","type-page","status-publish","hentry"],"aioseo_notices":[],"_links":{"self":[{"href":"https:\/\/anniesonnenberg.de\/wordpress\/wp-json\/wp\/v2\/pages\/143","targetHints":{"allow":["GET"]}}],"collection":[{"href":"https:\/\/anniesonnenberg.de\/wordpress\/wp-json\/wp\/v2\/pages"}],"about":[{"href":"https:\/\/anniesonnenberg.de\/wordpress\/wp-json\/wp\/v2\/types\/page"}],"author":[{"embeddable":true,"href":"https:\/\/anniesonnenberg.de\/wordpress\/wp-json\/wp\/v2\/users\/1"}],"replies":[{"embeddable":true,"href":"https:\/\/anniesonnenberg.de\/wordpress\/wp-json\/wp\/v2\/comments?post=143"}],"version-history":[{"count":4,"href":"https:\/\/anniesonnenberg.de\/wordpress\/wp-json\/wp\/v2\/pages\/143\/revisions"}],"predecessor-version":[{"id":1803,"href":"https:\/\/anniesonnenberg.de\/wordpress\/wp-json\/wp\/v2\/pages\/143\/revisions\/1803"}],"up":[{"embeddable":true,"href":"https:\/\/anniesonnenberg.de\/wordpress\/wp-json\/wp\/v2\/pages\/20"}],"wp:attachment":[{"href":"https:\/\/anniesonnenberg.de\/wordpress\/wp-json\/wp\/v2\/media?parent=143"}],"curies":[{"name":"wp","href":"https:\/\/api.w.org\/{rel}","templated":true}]}}