{"id":14,"date":"2015-07-26T17:51:38","date_gmt":"2015-07-26T15:51:38","guid":{"rendered":"http:\/\/anniesonnenberg.de\/wordpress\/?page_id=14"},"modified":"2023-12-22T16:03:32","modified_gmt":"2023-12-22T15:03:32","slug":"kurzgeschichten","status":"publish","type":"page","link":"https:\/\/anniesonnenberg.de\/wordpress\/prosa\/kurzgeschichten\/","title":{"rendered":"Kurzgeschichten"},"content":{"rendered":"<ul>\n<li><strong><a href=\"https:\/\/anniesonnenberg.de\/wordpress\/prosa\/kurzgeschichten\/die-stimme-des-windes\/\">Die Stimme des Windes<\/a><\/strong><\/li>\n<li><a href=\"https:\/\/anniesonnenberg.de\/wordpress\/prosa\/kurzgeschichten\/drachenfels-2\/\" target=\"_blank\" rel=\"noopener\"><strong>Drachenfels<\/strong><\/a><\/li>\n<li><strong><a href=\"https:\/\/anniesonnenberg.de\/wordpress\/prosa\/kurzgeschichten\/geburtstagsueberraschung\/\">Geburtstags\u00fcberraschung<\/a><\/strong><\/li>\n<li><strong><a href=\"https:\/\/anniesonnenberg.de\/wordpress\/prosa\/kurzgeschichten\/geschichten-fuer-die-naechste-generation\/\">Geschichten f\u00fcr die n\u00e4chste Generation<\/a><\/strong><\/li>\n<li><strong><a href=\"https:\/\/anniesonnenberg.de\/wordpress\/prosa\/kurzgeschichten\/nachrichten-aus-schlickeblitz\/\" target=\"_blank\" rel=\"noopener noreferrer\">Nachrichten aus Schlickeblitz<\/a><\/strong><\/li>\n<li><strong><a href=\"https:\/\/anniesonnenberg.de\/wordpress\/prosa\/kurzgeschichten\/the-swim\/\" target=\"_blank\" rel=\"noopener\">The Swim<\/a><\/strong><\/li>\n<li><a href=\"https:\/\/anniesonnenberg.de\/wordpress\/prosa\/kurzgeschichten\/short-stories-english\/\" target=\"_blank\" rel=\"noopener\"><strong>Short Stories (English)<\/strong><\/a><\/li>\n<\/ul>\n","protected":false},"excerpt":{"rendered":"<p>Die Stimme des Windes Drachenfels Geburtstags\u00fcberraschung Geschichten f\u00fcr die n\u00e4chste Generation Nachrichten aus Schlickeblitz The Swim Short Stories (English)<\/p>\n","protected":false},"author":1,"featured_media":0,"parent":240,"menu_order":20,"comment_status":"closed","ping_status":"closed","template":"","meta":{"footnotes":""},"class_list":["post-14","page","type-page","status-publish","hentry"],"aioseo_notices":[],"_links":{"self":[{"href":"https:\/\/anniesonnenberg.de\/wordpress\/wp-json\/wp\/v2\/pages\/14","targetHints":{"allow":["GET"]}}],"collection":[{"href":"https:\/\/anniesonnenberg.de\/wordpress\/wp-json\/wp\/v2\/pages"}],"about":[{"href":"https:\/\/anniesonnenberg.de\/wordpress\/wp-json\/wp\/v2\/types\/page"}],"author":[{"embeddable":true,"href":"https:\/\/anniesonnenberg.de\/wordpress\/wp-json\/wp\/v2\/users\/1"}],"replies":[{"embeddable":true,"href":"https:\/\/anniesonnenberg.de\/wordpress\/wp-json\/wp\/v2\/comments?post=14"}],"version-history":[{"count":12,"href":"https:\/\/anniesonnenberg.de\/wordpress\/wp-json\/wp\/v2\/pages\/14\/revisions"}],"predecessor-version":[{"id":2128,"href":"https:\/\/anniesonnenberg.de\/wordpress\/wp-json\/wp\/v2\/pages\/14\/revisions\/2128"}],"up":[{"embeddable":true,"href":"https:\/\/anniesonnenberg.de\/wordpress\/wp-json\/wp\/v2\/pages\/240"}],"wp:attachment":[{"href":"https:\/\/anniesonnenberg.de\/wordpress\/wp-json\/wp\/v2\/media?parent=14"}],"curies":[{"name":"wp","href":"https:\/\/api.w.org\/{rel}","templated":true}]}}