{"id":1324,"date":"2021-04-30T19:01:57","date_gmt":"2021-04-30T17:01:57","guid":{"rendered":"http:\/\/anniesonnenberg.de\/wordpress\/?page_id=1324"},"modified":"2022-06-21T14:43:48","modified_gmt":"2022-06-21T12:43:48","slug":"the-swim","status":"publish","type":"page","link":"https:\/\/anniesonnenberg.de\/wordpress\/prosa\/kurzgeschichten\/the-swim\/","title":{"rendered":"The Swim"},"content":{"rendered":"<p><a href=\"https:\/\/anniesonnenberg.de\/wordpress\/wp-content\/uploads\/2022\/06\/The_Swim_Ebook_deutsch_HP.jpg\"><img loading=\"lazy\" decoding=\"async\" class=\"alignnone wp-image-1887 size-full\" src=\"https:\/\/anniesonnenberg.de\/wordpress\/wp-content\/uploads\/2022\/06\/The_Swim_Ebook_deutsch_HP.jpg\" alt=\"\" width=\"929\" height=\"1358\" srcset=\"https:\/\/anniesonnenberg.de\/wordpress\/wp-content\/uploads\/2022\/06\/The_Swim_Ebook_deutsch_HP.jpg 929w, https:\/\/anniesonnenberg.de\/wordpress\/wp-content\/uploads\/2022\/06\/The_Swim_Ebook_deutsch_HP-205x300.jpg 205w, https:\/\/anniesonnenberg.de\/wordpress\/wp-content\/uploads\/2022\/06\/The_Swim_Ebook_deutsch_HP-701x1024.jpg 701w, https:\/\/anniesonnenberg.de\/wordpress\/wp-content\/uploads\/2022\/06\/The_Swim_Ebook_deutsch_HP-768x1123.jpg 768w\" sizes=\"auto, (max-width: 929px) 100vw, 929px\" \/><\/a><\/p>\n<p><span class=\"property\"><strong>Kurzgeschichte<\/strong><br \/>\nISBN: 9783754154298<br \/>\nePUB \/ 0,99 \u20ac<br \/>\n<\/span><span class=\"property\">Erh\u00e4ltlich im <a href=\"https:\/\/www.epubli.de\/shop\/buch\/The-Swim-Annie-Sonnenberg-9783754154298\/117147\" target=\"_blank\" rel=\"noopener\">epubli-shop<\/a> und \u00fcber andere Ebook-Plattformen.<br \/>\n<a href=\"https:\/\/www.epubli.de\/shop\/buch\/The-Swim-Annie-Sonnenberg-9783754145821\/116299\" target=\"_blank\" rel=\"noopener\">Auch auf Englisch erh\u00e4ltlich.<\/a><br \/>\n<\/span><\/p>\n<p>Das Titelbild verdanke ich Irmhild Schatz.<br \/>\nVielen Dank daf\u00fcr! \ud83d\ude42<\/p>\n<hr \/>\n<p><a href=\"https:\/\/anniesonnenberg.de\/wordpress\/ueber-mich\/interaktiv\/gaestebuch\/\" target=\"_blank\" rel=\"noopener\"><img loading=\"lazy\" decoding=\"async\" class=\"aligncenter wp-image-1566 size-medium\" src=\"https:\/\/anniesonnenberg.de\/wordpress\/wp-content\/uploads\/2022\/01\/gbook-300x138.jpg\" alt=\"\" width=\"300\" height=\"138\" srcset=\"https:\/\/anniesonnenberg.de\/wordpress\/wp-content\/uploads\/2022\/01\/gbook-300x138.jpg 300w, https:\/\/anniesonnenberg.de\/wordpress\/wp-content\/uploads\/2022\/01\/gbook-1024x470.jpg 1024w, https:\/\/anniesonnenberg.de\/wordpress\/wp-content\/uploads\/2022\/01\/gbook-768x353.jpg 768w, https:\/\/anniesonnenberg.de\/wordpress\/wp-content\/uploads\/2022\/01\/gbook-1536x706.jpg 1536w, https:\/\/anniesonnenberg.de\/wordpress\/wp-content\/uploads\/2022\/01\/gbook-2048x941.jpg 2048w, https:\/\/anniesonnenberg.de\/wordpress\/wp-content\/uploads\/2022\/01\/gbook-500x230.jpg 500w\" sizes=\"auto, (max-width: 300px) 100vw, 300px\" \/><\/a><\/p>\n","protected":false},"excerpt":{"rendered":"<p>Kurzgeschichte ISBN: 9783754154298 ePUB \/ 0,99 \u20ac Erh\u00e4ltlich im epubli-shop und \u00fcber andere Ebook-Plattformen. Auch auf Englisch erh\u00e4ltlich. Das Titelbild verdanke ich Irmhild Schatz. Vielen Dank daf\u00fcr! \ud83d\ude42<\/p>\n","protected":false},"author":1,"featured_media":0,"parent":14,"menu_order":5,"comment_status":"closed","ping_status":"closed","template":"","meta":{"footnotes":""},"class_list":["post-1324","page","type-page","status-publish","hentry"],"aioseo_notices":[],"_links":{"self":[{"href":"https:\/\/anniesonnenberg.de\/wordpress\/wp-json\/wp\/v2\/pages\/1324","targetHints":{"allow":["GET"]}}],"collection":[{"href":"https:\/\/anniesonnenberg.de\/wordpress\/wp-json\/wp\/v2\/pages"}],"about":[{"href":"https:\/\/anniesonnenberg.de\/wordpress\/wp-json\/wp\/v2\/types\/page"}],"author":[{"embeddable":true,"href":"https:\/\/anniesonnenberg.de\/wordpress\/wp-json\/wp\/v2\/users\/1"}],"replies":[{"embeddable":true,"href":"https:\/\/anniesonnenberg.de\/wordpress\/wp-json\/wp\/v2\/comments?post=1324"}],"version-history":[{"count":9,"href":"https:\/\/anniesonnenberg.de\/wordpress\/wp-json\/wp\/v2\/pages\/1324\/revisions"}],"predecessor-version":[{"id":1949,"href":"https:\/\/anniesonnenberg.de\/wordpress\/wp-json\/wp\/v2\/pages\/1324\/revisions\/1949"}],"up":[{"embeddable":true,"href":"https:\/\/anniesonnenberg.de\/wordpress\/wp-json\/wp\/v2\/pages\/14"}],"wp:attachment":[{"href":"https:\/\/anniesonnenberg.de\/wordpress\/wp-json\/wp\/v2\/media?parent=1324"}],"curies":[{"name":"wp","href":"https:\/\/api.w.org\/{rel}","templated":true}]}}