{"id":12,"date":"2015-07-26T17:51:09","date_gmt":"2015-07-26T15:51:09","guid":{"rendered":"http:\/\/anniesonnenberg.de\/wordpress\/?page_id=12"},"modified":"2023-12-11T10:24:09","modified_gmt":"2023-12-11T09:24:09","slug":"romane","status":"publish","type":"page","link":"https:\/\/anniesonnenberg.de\/wordpress\/prosa\/romane\/","title":{"rendered":"Romane und Erz\u00e4hlungen"},"content":{"rendered":"<p><strong><a href=\"https:\/\/anniesonnenberg.de\/wordpress\/wp-content\/uploads\/2022\/05\/Caine_Cover_vorne_Youtube.png\"><img loading=\"lazy\" decoding=\"async\" class=\"alignnone wp-image-1776 size-thumbnail\" src=\"https:\/\/anniesonnenberg.de\/wordpress\/wp-content\/uploads\/2022\/05\/Caine_Cover_vorne_Youtube-150x150.png\" alt=\"\" width=\"150\" height=\"150\" \/><\/a><a href=\"https:\/\/anniesonnenberg.de\/wordpress\/wp-content\/uploads\/2022\/05\/front.png\"><img loading=\"lazy\" decoding=\"async\" class=\"alignnone wp-image-1777 size-thumbnail\" src=\"https:\/\/anniesonnenberg.de\/wordpress\/wp-content\/uploads\/2022\/05\/front-150x150.png\" alt=\"\" width=\"150\" height=\"150\" \/><\/a><a href=\"https:\/\/anniesonnenberg.de\/wordpress\/wp-content\/uploads\/2022\/05\/2022-05-17-20_22_59-Cover_vorne_Leonie.png\"><img loading=\"lazy\" decoding=\"async\" class=\"alignnone wp-image-1778 size-thumbnail\" src=\"https:\/\/anniesonnenberg.de\/wordpress\/wp-content\/uploads\/2022\/05\/2022-05-17-20_22_59-Cover_vorne_Leonie-150x150.png\" alt=\"\" width=\"150\" height=\"150\" \/><\/a><a href=\"https:\/\/anniesonnenberg.de\/wordpress\/wp-content\/uploads\/2020\/07\/stalker_cover_bunt.jpg\"><img loading=\"lazy\" decoding=\"async\" class=\"alignnone wp-image-862 size-thumbnail\" src=\"https:\/\/anniesonnenberg.de\/wordpress\/wp-content\/uploads\/2020\/07\/stalker_cover_bunt-150x150.jpg\" alt=\"\" width=\"150\" height=\"150\" \/><\/a><a href=\"https:\/\/anniesonnenberg.de\/wordpress\/wp-content\/uploads\/2016\/05\/Fencheltee_Cover_fertig.png\"><img loading=\"lazy\" decoding=\"async\" class=\"alignnone size-medium wp-image-438\" src=\"https:\/\/anniesonnenberg.de\/wordpress\/wp-content\/uploads\/2016\/05\/Fencheltee_Cover_fertig-300x136.png\" alt=\"\" width=\"300\" height=\"136\" srcset=\"https:\/\/anniesonnenberg.de\/wordpress\/wp-content\/uploads\/2016\/05\/Fencheltee_Cover_fertig-300x136.png 300w, https:\/\/anniesonnenberg.de\/wordpress\/wp-content\/uploads\/2016\/05\/Fencheltee_Cover_fertig-768x348.png 768w, https:\/\/anniesonnenberg.de\/wordpress\/wp-content\/uploads\/2016\/05\/Fencheltee_Cover_fertig-1024x463.png 1024w, https:\/\/anniesonnenberg.de\/wordpress\/wp-content\/uploads\/2016\/05\/Fencheltee_Cover_fertig-500x226.png 500w, https:\/\/anniesonnenberg.de\/wordpress\/wp-content\/uploads\/2016\/05\/Fencheltee_Cover_fertig.png 1200w\" sizes=\"auto, (max-width: 300px) 100vw, 300px\" \/><\/a><\/strong><\/p>\n<p><strong>Ihr liebt Erz\u00e4hlk\u00fcnste? Prima! F\u00fcr die Lekt\u00fcre der folgenden Werke k\u00f6nnte es n\u00e4mlich g\u00fcnstig sein, wenn man sich nicht von so banalen Dingen st\u00f6ren l\u00e4sst wie der Tatsache, dass Leselampenlicht unter der Bettdecke schon mal Verbrennungen hinterl\u00e4sst.<\/strong> \ud83d\ude09 <strong>Klickt und lest Euch durch!<\/strong><\/p>\n<ul>\n<li><a href=\"https:\/\/anniesonnenberg.de\/wordpress\/prosa\/romane\/caine-und-die-priesterin\/\" target=\"_blank\" rel=\"noopener\"><strong>Caine und die Priesterin (Roman \/ FanFiction)<\/strong><\/a><\/li>\n<li><strong><a href=\"https:\/\/anniesonnenberg.de\/wordpress\/prosa\/romane\/das-ganze-leben-ist-fencheltee\/\" target=\"_blank\" rel=\"noopener\">Das ganze Leben ist Fencheltee (Roman)<\/a><\/strong><\/li>\n<li><strong><a href=\"https:\/\/anniesonnenberg.de\/wordpress\/prosa\/romane\/der-stalker\/\" target=\"_blank\" rel=\"noopener\">Der Stalker (Roman)<\/a><\/strong><\/li>\n<li><strong><a href=\"https:\/\/anniesonnenberg.de\/wordpress\/prosa\/romane\/the-other-knights-tale-dt\/\" target=\"_blank\" rel=\"noopener\">Die Geschichte des anderen Ritters (Roman)<\/a><\/strong><\/li>\n<li><strong><a href=\"https:\/\/anniesonnenberg.de\/wordpress\/prosa\/romane\/37-2\/\" target=\"_blank\" rel=\"noopener\">Leonies Rosenbeet (Erz\u00e4hlung)<\/a><\/strong><\/li>\n<\/ul>\n","protected":false},"excerpt":{"rendered":"<p>Ihr liebt Erz\u00e4hlk\u00fcnste? Prima! F\u00fcr die Lekt\u00fcre der folgenden Werke k\u00f6nnte es n\u00e4mlich g\u00fcnstig sein, wenn man sich nicht von so banalen Dingen st\u00f6ren l\u00e4sst wie der Tatsache, dass Leselampenlicht unter der Bettdecke schon mal Verbrennungen hinterl\u00e4sst. \ud83d\ude09 Klickt und &hellip; <a href=\"https:\/\/anniesonnenberg.de\/wordpress\/prosa\/romane\/\">Weiterlesen <span class=\"meta-nav\">&rarr;<\/span><\/a><\/p>\n","protected":false},"author":1,"featured_media":0,"parent":240,"menu_order":10,"comment_status":"closed","ping_status":"closed","template":"","meta":{"footnotes":""},"class_list":["post-12","page","type-page","status-publish","hentry"],"aioseo_notices":[],"_links":{"self":[{"href":"https:\/\/anniesonnenberg.de\/wordpress\/wp-json\/wp\/v2\/pages\/12","targetHints":{"allow":["GET"]}}],"collection":[{"href":"https:\/\/anniesonnenberg.de\/wordpress\/wp-json\/wp\/v2\/pages"}],"about":[{"href":"https:\/\/anniesonnenberg.de\/wordpress\/wp-json\/wp\/v2\/types\/page"}],"author":[{"embeddable":true,"href":"https:\/\/anniesonnenberg.de\/wordpress\/wp-json\/wp\/v2\/users\/1"}],"replies":[{"embeddable":true,"href":"https:\/\/anniesonnenberg.de\/wordpress\/wp-json\/wp\/v2\/comments?post=12"}],"version-history":[{"count":10,"href":"https:\/\/anniesonnenberg.de\/wordpress\/wp-json\/wp\/v2\/pages\/12\/revisions"}],"predecessor-version":[{"id":2083,"href":"https:\/\/anniesonnenberg.de\/wordpress\/wp-json\/wp\/v2\/pages\/12\/revisions\/2083"}],"up":[{"embeddable":true,"href":"https:\/\/anniesonnenberg.de\/wordpress\/wp-json\/wp\/v2\/pages\/240"}],"wp:attachment":[{"href":"https:\/\/anniesonnenberg.de\/wordpress\/wp-json\/wp\/v2\/media?parent=12"}],"curies":[{"name":"wp","href":"https:\/\/api.w.org\/{rel}","templated":true}]}}